{"id":10653,"date":"2024-06-11T16:38:13","date_gmt":"2024-06-11T14:38:13","guid":{"rendered":"https:\/\/varmeco.de\/?page_id=10653"},"modified":"2026-01-16T15:10:09","modified_gmt":"2026-01-16T14:10:09","slug":"solarthermie-heimlicher-champion","status":"publish","type":"page","link":"https:\/\/varmeco.de\/en\/themenwelten\/solarthermie-heimlicher-champion\/","title":{"rendered":"Solar thermal energy - the secret champion"},"content":{"rendered":"<div data-elementor-type=\"wp-page\" data-elementor-id=\"10653\" class=\"elementor elementor-10653\" data-elementor-post-type=\"page\">\n\t\t\t\t<div class=\"elementor-element elementor-element-61a6d6b e-flex e-con-boxed e-con e-parent\" data-id=\"61a6d6b\" data-element_type=\"container\" data-e-type=\"container\">\n\t\t\t\t\t<div class=\"e-con-inner\">\n\t\t\t\t<div class=\"elementor-element elementor-element-95c686e elementor-widget elementor-widget-text-editor\" data-id=\"95c686e\" data-element_type=\"widget\" data-e-type=\"widget\" data-widget_type=\"text-editor.default\">\n\t\t\t\t<div class=\"elementor-widget-container\">\n\t\t\t\t\t\t\t\t\t<h1>Solar thermal energy: the secret champion of the heating transition<\/h1><p>The use of solar thermal energy in building energy technology offers many advantages. The sun provides an enormous energy potential every day, which in Germany exceeds primary energy consumption many times over. Compared to fossil fuels such as coal, natural gas or crude oil, which are limited, solar energy is practically inexhaustible. This makes solar systems a sustainable, climate-friendly and future-proof source of energy.<\/p>\t\t\t\t\t\t\t\t<\/div>\n\t\t\t\t<\/div>\n\t\t\t\t\t<\/div>\n\t\t\t\t<\/div>\n\t\t<div class=\"elementor-element elementor-element-5c5dea3 e-flex e-con-boxed e-con e-parent\" data-id=\"5c5dea3\" data-element_type=\"container\" data-e-type=\"container\">\n\t\t\t\t\t<div class=\"e-con-inner\">\n\t\t\t\t<div class=\"elementor-element elementor-element-7c48b86 elementor-widget elementor-widget-text-editor\" data-id=\"7c48b86\" data-element_type=\"widget\" data-e-type=\"widget\" data-widget_type=\"text-editor.default\">\n\t\t\t\t<div class=\"elementor-widget-container\">\n\t\t\t\t\t\t\t\t\t<h2>The cost efficiency and environmental protection of a solar system speak for themselves<\/h2><p>Solar thermal energy can make companies and households less dependent on fossil fuels such as heating oil and natural gas. With a solar thermal system, operators can reduce their energy costs and protect the environment at the same time. This is because, unlike burning fossil fuels, using a solar thermal system to generate heat does not produce any emissions that are harmful to the environment or the climate. This reduces the ecological footprint.<\/p><p>It also reduces your energy costs. The heat supplied by the solar system relieves the other heat generators and thus saves heating oil, pellets or natural gas. As solar energy is free of charge, it can make a significant contribution to reducing a building's energy costs.<\/p>\t\t\t\t\t\t\t\t<\/div>\n\t\t\t\t<\/div>\n\t\t\t\t\t<\/div>\n\t\t\t\t<\/div>\n\t\t<div class=\"elementor-element elementor-element-1f2fc12 e-flex e-con-boxed e-con e-parent\" data-id=\"1f2fc12\" data-element_type=\"container\" data-e-type=\"container\">\n\t\t\t\t\t<div class=\"e-con-inner\">\n\t\t\t\t<div class=\"elementor-element elementor-element-f347df5 elementor-widget elementor-widget-text-editor\" data-id=\"f347df5\" data-element_type=\"widget\" data-e-type=\"widget\" data-widget_type=\"text-editor.default\">\n\t\t\t\t<div class=\"elementor-widget-container\">\n\t\t\t\t\t\t\t\t\t<h2>What solar thermal energy offers you<\/h2><p>Cost reduction:<\/p><ul><li>The sun shines on your solar system for free, saving you energy costs<\/li><li>Solar thermal energy thus makes you less dependent on the price fluctuations of fossil fuels<\/li><\/ul><p>Protect the climate:<\/p><ul><li>Solar thermal energy does not cause any emissions, the solar system works CO<sub>2<\/sub>-free<\/li><\/ul>\t\t\t\t\t\t\t\t<\/div>\n\t\t\t\t<\/div>\n\t\t\t\t\t<\/div>\n\t\t\t\t<\/div>\n\t\t<div class=\"elementor-element elementor-element-c334d56 e-flex e-con-boxed e-con e-parent\" data-id=\"c334d56\" data-element_type=\"container\" data-e-type=\"container\">\n\t\t\t\t\t<div class=\"e-con-inner\">\n\t\t\t\t<div class=\"elementor-element elementor-element-ed44a43 elementor-widget elementor-widget-text-editor\" data-id=\"ed44a43\" data-element_type=\"widget\" data-e-type=\"widget\" data-widget_type=\"text-editor.default\">\n\t\t\t\t<div class=\"elementor-widget-container\">\n\t\t\t\t\t\t\t\t\t<h3>Solar thermal energy - a system component that we master<\/h3><p>For over 40 years, varmeco has been dealing with solar thermal energy, the control of domestic hot water heaters, the optimum loading of a <a href=\"https:\/\/varmeco.de\/en\/sortiment-pufferspeicher\/\">Buffer tank<\/a> and the intelligent linking of all system components of a heating and hot water system. The result is a coordinated product portfolio that includes, for example:<\/p><ul><li>The <a href=\"https:\/\/varmeco.de\/en\/produkte\/heizungssystemtechnik\/varcon380\/\">VarCon380 system controller<\/a>, which pursues a holistic system approach and coordinates a solar thermal system with the other components of a heating system.<\/li><li>The station <a href=\"https:\/\/varmeco.de\/en\/produkte\/solarthermie\/vario-sol-nova-2-0\/\">VARIO sol-nova<\/a>, which integrates the solar thermal energy into the overall system and enables a high yield from the solar thermal system.<\/li><li>The\u00a0<a href=\"https:\/\/varmeco.de\/en\/produkte\/frischwassertechnik\/vario-fresh-nova\/\" target=\"_blank\" rel=\"noopener\">VARIO fresh-nova<\/a>-instantaneous water heater that heats drinking water hygienically.<\/li><li>Our new product, the\u00a0<a href=\"https:\/\/varmeco.de\/en\/produkte\/exergiemaschine\/\" target=\"_blank\" rel=\"noopener\">eXergiemaschine<\/a>It can raise thermal energy at a low temperature level to a higher level and make it more usable for the heat supply. This increases the yield of a solar thermal system when the sun's intensity is low, for example.<\/li><\/ul>\t\t\t\t\t\t\t\t<\/div>\n\t\t\t\t<\/div>\n\t\t\t\t\t<\/div>\n\t\t\t\t<\/div>\n\t\t\t\t<\/div>","protected":false},"excerpt":{"rendered":"<p>Solarthermie: der heimliche Champion der W\u00e4rmewende Die Nutzung der Solarthermie in der Geb\u00e4udeenergietechnik bietet viele Vorteile. Die Sonne liefert t\u00e4glich [&hellip;]<\/p>\n","protected":false},"author":2,"featured_media":0,"parent":0,"menu_order":0,"comment_status":"closed","ping_status":"closed","template":"","meta":{"_acf_changed":false,"site-sidebar-layout":"no-sidebar","site-content-layout":"page-builder","ast-site-content-layout":"full-width-container","site-content-style":"default","site-sidebar-style":"default","ast-global-header-display":"","ast-banner-title-visibility":"","ast-main-header-display":"","ast-hfb-above-header-display":"","ast-hfb-below-header-display":"","ast-hfb-mobile-header-display":"","site-post-title":"disabled","ast-breadcrumbs-content":"","ast-featured-img":"disabled","footer-sml-layout":"","ast-disable-related-posts":"","theme-transparent-header-meta":"","adv-header-id-meta":"","stick-header-meta":"","header-above-stick-meta":"","header-main-stick-meta":"","header-below-stick-meta":"","astra-migrate-meta-layouts":"set","ast-page-background-enabled":"default","ast-page-background-meta":{"desktop":{"background-color":"","background-image":"","background-repeat":"repeat","background-position":"center center","background-size":"auto","background-attachment":"scroll","background-type":"","background-media":"","overlay-type":"","overlay-color":"","overlay-opacity":"","overlay-gradient":""},"tablet":{"background-color":"","background-image":"","background-repeat":"repeat","background-position":"center center","background-size":"auto","background-attachment":"scroll","background-type":"","background-media":"","overlay-type":"","overlay-color":"","overlay-opacity":"","overlay-gradient":""},"mobile":{"background-color":"","background-image":"","background-repeat":"repeat","background-position":"center center","background-size":"auto","background-attachment":"scroll","background-type":"","background-media":"","overlay-type":"","overlay-color":"","overlay-opacity":"","overlay-gradient":""}},"ast-content-background-meta":{"desktop":{"background-color":"var(--ast-global-color-5)","background-image":"","background-repeat":"repeat","background-position":"center center","background-size":"auto","background-attachment":"scroll","background-type":"","background-media":"","overlay-type":"","overlay-color":"","overlay-opacity":"","overlay-gradient":""},"tablet":{"background-color":"var(--ast-global-color-5)","background-image":"","background-repeat":"repeat","background-position":"center center","background-size":"auto","background-attachment":"scroll","background-type":"","background-media":"","overlay-type":"","overlay-color":"","overlay-opacity":"","overlay-gradient":""},"mobile":{"background-color":"var(--ast-global-color-5)","background-image":"","background-repeat":"repeat","background-position":"center center","background-size":"auto","background-attachment":"scroll","background-type":"","background-media":"","overlay-type":"","overlay-color":"","overlay-opacity":"","overlay-gradient":""}},"footnotes":""},"folder":[],"class_list":["post-10653","page","type-page","status-publish","hentry"],"acf":[],"_links":{"self":[{"href":"https:\/\/varmeco.de\/en\/wp-json\/wp\/v2\/pages\/10653","targetHints":{"allow":["GET"]}}],"collection":[{"href":"https:\/\/varmeco.de\/en\/wp-json\/wp\/v2\/pages"}],"about":[{"href":"https:\/\/varmeco.de\/en\/wp-json\/wp\/v2\/types\/page"}],"author":[{"embeddable":true,"href":"https:\/\/varmeco.de\/en\/wp-json\/wp\/v2\/users\/2"}],"replies":[{"embeddable":true,"href":"https:\/\/varmeco.de\/en\/wp-json\/wp\/v2\/comments?post=10653"}],"version-history":[{"count":18,"href":"https:\/\/varmeco.de\/en\/wp-json\/wp\/v2\/pages\/10653\/revisions"}],"predecessor-version":[{"id":20214,"href":"https:\/\/varmeco.de\/en\/wp-json\/wp\/v2\/pages\/10653\/revisions\/20214"}],"wp:attachment":[{"href":"https:\/\/varmeco.de\/en\/wp-json\/wp\/v2\/media?parent=10653"}],"wp:term":[{"taxonomy":"folder","embeddable":true,"href":"https:\/\/varmeco.de\/en\/wp-json\/wp\/v2\/folder?post=10653"}],"curies":[{"name":"wp","href":"https:\/\/api.w.org\/{rel}","templated":true}]}}