{"id":16013,"date":"2025-10-09T14:15:03","date_gmt":"2025-10-09T12:15:03","guid":{"rendered":"https:\/\/varmeco.de\/?page_id=16013"},"modified":"2026-03-13T14:55:54","modified_gmt":"2026-03-13T13:55:54","slug":"solarthermie","status":"publish","type":"page","link":"https:\/\/varmeco.de\/en\/produkte\/solarthermie\/","title":{"rendered":"Solar thermal energy"},"content":{"rendered":"<div data-elementor-type=\"wp-page\" data-elementor-id=\"16013\" class=\"elementor elementor-16013\" data-elementor-post-type=\"page\">\n\t\t\t\t<div class=\"elementor-element elementor-element-5ce9e901 e-flex e-con-boxed e-con e-parent\" data-id=\"5ce9e901\" data-element_type=\"container\" data-e-type=\"container\">\n\t\t\t\t\t<div class=\"e-con-inner\">\n\t\t\t\t<div class=\"elementor-element elementor-element-668d1d6a elementor-widget elementor-widget-heading\" data-id=\"668d1d6a\" data-element_type=\"widget\" data-e-type=\"widget\" data-widget_type=\"heading.default\">\n\t\t\t\t<div class=\"elementor-widget-container\">\n\t\t\t\t\t<h1 class=\"elementor-heading-title elementor-size-default\">Solar thermal energy<\/h1>\t\t\t\t<\/div>\n\t\t\t\t<\/div>\n\t\t\t\t\t<\/div>\n\t\t\t\t<\/div>\n\t\t<div class=\"elementor-element elementor-element-1937d486 e-flex e-con-boxed e-con e-parent\" data-id=\"1937d486\" data-element_type=\"container\" data-e-type=\"container\">\n\t\t\t\t\t<div class=\"e-con-inner\">\n\t\t\t\t<div class=\"elementor-element elementor-element-5db03c1b elementor-widget elementor-widget-text-editor\" data-id=\"5db03c1b\" data-element_type=\"widget\" data-e-type=\"widget\" data-widget_type=\"text-editor.default\">\n\t\t\t\t<div class=\"elementor-widget-container\">\n\t\t\t\t\t\t\t\t\t<p>Every day, the sun provides us with an enormous energy potential that exceeds primary energy consumption in Germany by a factor of eighty. This energy source is practically inexhaustible and will be available to us for millions of years to come. Fossil fuels such as coal, natural gas or crude oil, on the other hand, are only available in limited quantities. Future generations will no longer have unlimited access to them, so the sun is undoubtedly the energy of the future.\u00a0<strong>Reduce costs, protect the environment.<\/strong><\/p><ul><li>Solar thermal energy makes you independent of fossil fuels such as heating oil and natural gas.<\/li><li>Solar thermal energy protects the environment, as no environmentally harmful substances are burned when solar energy is used.<\/li><\/ul><p><strong>Save energy<\/strong><\/p><ul><li>Solar energy is free and can save a considerable amount of energy costs.<\/li><\/ul><p><strong>Ensure comfort<\/strong><\/p><ul><li>Solar thermal systems create independence. They bring environmentally friendly energy to the right place at the right time and at the right temperature.<\/li><\/ul>\t\t\t\t\t\t\t\t<\/div>\n\t\t\t\t<\/div>\n\t\t\t\t\t<\/div>\n\t\t\t\t<\/div>\n\t\t<div class=\"elementor-element elementor-element-1adf6a08 e-flex e-con-boxed e-con e-parent\" data-id=\"1adf6a08\" data-element_type=\"container\" data-e-type=\"container\" data-settings=\"{&quot;background_background&quot;:&quot;classic&quot;}\">\n\t\t\t\t\t<div class=\"e-con-inner\">\n\t\t\t\t<div class=\"elementor-element elementor-element-160ac04 uael-equal__height-yes uael-post__link-complete-yes elementor-widget elementor-widget-uael-posts\" data-id=\"160ac04\" data-element_type=\"widget\" data-e-type=\"widget\" data-settings=\"{&quot;classic_slides_to_show&quot;:3,&quot;classic_slides_to_show_tablet&quot;:2,&quot;classic_slides_to_show_mobile&quot;:1}\" data-widget_type=\"uael-posts.classic\">\n\t\t\t\t<div class=\"elementor-widget-container\">\n\t\t\t\t\t\t\t<div class=\"uael-post__header\">\n\t\t\t\t\t<\/div>\n\t\t<div class=\"uael-post__body\">\n\t\t\t\n\t\t\n\t\t<div class=\"uael-blog-terms-position-above_content uael-post-image-top uael-post-grid uael-posts\" data-query-type=\"custom\" data-structure=\"normal\" data-layout=\"\" data-page=\"16013\" data-skin=\"classic\" data-filter-default=\"\" data-offset-top=\"30\" >\n\n\t\t\t\t\t\t\t<div class=\"uael-post-grid__inner uael-post__columns-3 uael-post__columns-tablet-2 uael-post__columns-mobile-1\">\n\t\t\t\n<div class=\"uael-post-wrapper\">\n\t<div class=\"uael-post__bg-wrap uael-bg-wrap-disabled\">\n\n\t\t\t\t\t<a href=\"https:\/\/varmeco.de\/en\/produkte\/solarthermie\/grossflaechenkollektoren\/\" target=\"_self\" class=\"uael-post__complete-box-overlay\" aria-label=\"Link Complete Box\"><\/a>\n\t\t\t\t\n\t\t<div class=\"uael-post__inner-wrap uael-inner-wrap-disabled\">\n\n\t\t\t\t<div class=\"uael-post__thumbnail\">\n\t\t\t\n\t\t\t<a href=\"https:\/\/varmeco.de\/en\/produkte\/solarthermie\/grossflaechenkollektoren\/\" target=\"_self\" title=\"Large-area collectors\"><img fetchpriority=\"high\" decoding=\"async\" width=\"1080\" height=\"1350\" src=\"https:\/\/varmeco.de\/wp-content\/uploads\/2025\/10\/grossflaeschenkollektoren_1_1080x1350.png\" class=\"attachment-full size-full wp-image-15780\" alt=\"Examples of large-area collectors\" title=\"\" srcset=\"https:\/\/varmeco.de\/wp-content\/uploads\/2025\/10\/grossflaeschenkollektoren_1_1080x1350.png 1080w, https:\/\/varmeco.de\/wp-content\/uploads\/2025\/10\/grossflaeschenkollektoren_1_1080x1350-240x300.png 240w, https:\/\/varmeco.de\/wp-content\/uploads\/2025\/10\/grossflaeschenkollektoren_1_1080x1350-819x1024.png 819w, https:\/\/varmeco.de\/wp-content\/uploads\/2025\/10\/grossflaeschenkollektoren_1_1080x1350-768x960.png 768w, https:\/\/varmeco.de\/wp-content\/uploads\/2025\/10\/grossflaeschenkollektoren_1_1080x1350-10x12.png 10w\" sizes=\"(max-width: 1080px) 100vw, 1080px\" \/><\/a>\n\t\t\t\t\t<\/div>\n\t\t\n\t\t\t\n\t\t\t<div class=\"uael-post__content-wrap uael-content-wrap-disabled\">\n\t\t\t\t\t\t\t<div class=\"uael-post__terms-wrap\"><span class=\"uael-post__terms\"><span class=\"uael-listing__terms-link\">Solar thermal energy<\/span><\/span><\/div>\n\t\t\t\t\t\t<h3 class=\"uael-post__title\">\n\n\t\t\n\t\t\t\t\t\t<a href=\"https:\/\/varmeco.de\/en\/produkte\/solarthermie\/grossflaechenkollektoren\/\" target=\"_self\">\n\t\t\t\tLarge-area collectors\t\t\t<\/a>\n\n\t\t\t\t<\/h3>\n\t\t\n\t\t<div class=\"uael-post__excerpt\">\n\t\t\t\t\t<\/div>\n\n\t\t\t\t\t<\/div>\n\t\t\t\n\t\t<\/div>\n\t\t\n\t<\/div>\n\n<\/div>\n\n<div class=\"uael-post-wrapper\">\n\t<div class=\"uael-post__bg-wrap uael-bg-wrap-disabled\">\n\n\t\t\t\t\t<a href=\"https:\/\/varmeco.de\/en\/produkte\/solarthermie\/vario-sol-nova-2-0\/\" target=\"_self\" class=\"uael-post__complete-box-overlay\" aria-label=\"Link Complete Box\"><\/a>\n\t\t\t\t\n\t\t<div class=\"uael-post__inner-wrap uael-inner-wrap-disabled\">\n\n\t\t\t\t<div class=\"uael-post__thumbnail\">\n\t\t\t\n\t\t\t<a href=\"https:\/\/varmeco.de\/en\/produkte\/solarthermie\/vario-sol-nova-2-0\/\" target=\"_self\" title=\"VARIO sol-nova 2.0\"><img decoding=\"async\" width=\"1080\" height=\"1350\" src=\"https:\/\/varmeco.de\/wp-content\/uploads\/2025\/10\/VARIO-sol-nova-2.0_1.png\" class=\"attachment-full size-full wp-image-17183\" alt=\"VARIO sol-nova 2.0_1\" title=\"\" srcset=\"https:\/\/varmeco.de\/wp-content\/uploads\/2025\/10\/VARIO-sol-nova-2.0_1.png 1080w, https:\/\/varmeco.de\/wp-content\/uploads\/2025\/10\/VARIO-sol-nova-2.0_1-240x300.png 240w, https:\/\/varmeco.de\/wp-content\/uploads\/2025\/10\/VARIO-sol-nova-2.0_1-819x1024.png 819w, https:\/\/varmeco.de\/wp-content\/uploads\/2025\/10\/VARIO-sol-nova-2.0_1-768x960.png 768w, https:\/\/varmeco.de\/wp-content\/uploads\/2025\/10\/VARIO-sol-nova-2.0_1-10x12.png 10w\" sizes=\"(max-width: 1080px) 100vw, 1080px\" \/><\/a>\n\t\t\t\t\t<\/div>\n\t\t\n\t\t\t\n\t\t\t<div class=\"uael-post__content-wrap uael-content-wrap-disabled\">\n\t\t\t\t\t\t\t<div class=\"uael-post__terms-wrap\"><span class=\"uael-post__terms\"><span class=\"uael-listing__terms-link\">Solar thermal energy<\/span><\/span><\/div>\n\t\t\t\t\t\t<h3 class=\"uael-post__title\">\n\n\t\t\n\t\t\t\t\t\t<a href=\"https:\/\/varmeco.de\/en\/produkte\/solarthermie\/vario-sol-nova-2-0\/\" target=\"_self\">\n\t\t\t\tVARIO sol-nova 2.0\t\t\t<\/a>\n\n\t\t\t\t<\/h3>\n\t\t\n\t\t<div class=\"uael-post__excerpt\">\n\t\t\t\t\t<\/div>\n\n\t\t\t\t\t<\/div>\n\t\t\t\n\t\t<\/div>\n\t\t\n\t<\/div>\n\n<\/div>\n\n<div class=\"uael-post-wrapper\">\n\t<div class=\"uael-post__bg-wrap uael-bg-wrap-disabled\">\n\n\t\t\t\t\t<a href=\"https:\/\/varmeco.de\/en\/produkte\/solarthermie\/pvt-kollektor\/\" target=\"_self\" class=\"uael-post__complete-box-overlay\" aria-label=\"Link Complete Box\"><\/a>\n\t\t\t\t\n\t\t<div class=\"uael-post__inner-wrap uael-inner-wrap-disabled\">\n\n\t\t\t\t<div class=\"uael-post__thumbnail\">\n\t\t\t\n\t\t\t<a href=\"https:\/\/varmeco.de\/en\/produkte\/solarthermie\/pvt-kollektor\/\" target=\"_self\" title=\"PVT - Collector\"><img decoding=\"async\" width=\"1080\" height=\"1350\" src=\"https:\/\/varmeco.de\/wp-content\/uploads\/2025\/10\/pvt_1080x1350.png\" class=\"attachment-full size-full wp-image-15842\" alt=\"PVT collector\" title=\"\" srcset=\"https:\/\/varmeco.de\/wp-content\/uploads\/2025\/10\/pvt_1080x1350.png 1080w, https:\/\/varmeco.de\/wp-content\/uploads\/2025\/10\/pvt_1080x1350-240x300.png 240w, https:\/\/varmeco.de\/wp-content\/uploads\/2025\/10\/pvt_1080x1350-819x1024.png 819w, https:\/\/varmeco.de\/wp-content\/uploads\/2025\/10\/pvt_1080x1350-768x960.png 768w, https:\/\/varmeco.de\/wp-content\/uploads\/2025\/10\/pvt_1080x1350-10x12.png 10w\" sizes=\"(max-width: 1080px) 100vw, 1080px\" \/><\/a>\n\t\t\t\t\t<\/div>\n\t\t\n\t\t\t\n\t\t\t<div class=\"uael-post__content-wrap uael-content-wrap-disabled\">\n\t\t\t\t\t\t\t<div class=\"uael-post__terms-wrap\"><span class=\"uael-post__terms\"><span class=\"uael-listing__terms-link\">Solar thermal energy<\/span><\/span><\/div>\n\t\t\t\t\t\t<h3 class=\"uael-post__title\">\n\n\t\t\n\t\t\t\t\t\t<a href=\"https:\/\/varmeco.de\/en\/produkte\/solarthermie\/pvt-kollektor\/\" target=\"_self\">\n\t\t\t\tPVT - Collector\t\t\t<\/a>\n\n\t\t\t\t<\/h3>\n\t\t\n\t\t<div class=\"uael-post__excerpt\">\n\t\t\t\t\t<\/div>\n\n\t\t\t\t\t<\/div>\n\t\t\t\n\t\t<\/div>\n\t\t\n\t<\/div>\n\n<\/div>\n\t\t\t\t<\/div>\n\t\t\t\t\t\t\n\t\t<\/div>\n\n\t\t\t\t\t\t<\/div>\n\t\t<div class=\"uael-post__footer\">\n\t\t\t\t\t<\/div>\n\t\t\t\t\t\t<\/div>\n\t\t\t\t<\/div>\n\t\t\t\t\t<\/div>\n\t\t\t\t<\/div>\n\t\t<div class=\"elementor-element elementor-element-0d58e3b e-flex e-con-boxed e-con e-parent\" data-id=\"0d58e3b\" data-element_type=\"container\" data-e-type=\"container\">\n\t\t\t\t\t<div class=\"e-con-inner\">\n\t\t\t\t<div class=\"elementor-element elementor-element-2e12608 elementor-widget elementor-widget-heading\" data-id=\"2e12608\" data-element_type=\"widget\" data-e-type=\"widget\" data-widget_type=\"heading.default\">\n\t\t\t\t<div class=\"elementor-widget-container\">\n\t\t\t\t\t<h2 class=\"elementor-heading-title elementor-size-default\">The most important questions about solar thermal energy - clearly explained<\/h2>\t\t\t\t<\/div>\n\t\t\t\t<\/div>\n\t\t\t\t<div class=\"elementor-element elementor-element-96f7736 align-at-left elementor-widget elementor-widget-uael-faq\" data-id=\"96f7736\" data-element_type=\"widget\" data-e-type=\"widget\" data-widget_type=\"uael-faq.default\">\n\t\t\t\t<div class=\"elementor-widget-container\">\n\t\t\t\t\t\n\t\t\t<div id='uael-faq-wrapper-158' class=\"uael-faq-wrapper\">\n\t\t\t\t<div class=\"uael-faq-container uael-faq-layout-accordion\" data-layout=\"accordion\" >\n\t\t\t\t\t\t\t\t\t\t\t\t<div id=\"uael-accordion-b196741\" class=\"uael-faq-accordion\" role=\"tablist\">\n\t\t\t\t\t\t\t\t<div class= \"uael-accordion-title\" aria-expanded=\"false\" role=\"tab\">\n\t\t\t\t\t\t\t\t\t<span class=\"uael-accordion-icon uael-accordion-icon-left\">\n\t\t\t\t\t\t\t\t\t\t<span class=\"uael-accordion-icon-closed\"><i class=\"fas fa-plus\"><\/i><\/span>\n\t\t\t\t\t\t\t\t\t\t<span class=\"uael-accordion-icon-opened\"><i class=\"fas fa-minus\"><\/i><\/span>\n\t\t\t\t\t\t\t\t\t<\/span>\n\t\t\t\t\t\t\t\t\t<h3 class=\"uael-question-b196741 uael-question-span\" tabindex=\"0\" id=\"uael-faq-1-69d52f255c8dd\">What is solar thermal energy?<\/h3>\n\t\t\t\t\t\t\t\t<\/div>\n\t\t\t\t\t\t\t\t<div class=\"uael-accordion-content\" role=\"tabpanel\">\n\t\t\t\t\t\t\t\t\t<span>\n\t\t\t\t\t\t\t\t\t<span><p data-pm-slice=\"1 1 []\">Solar thermal energy uses the sun's energy to generate heat. Solar radiation is converted into usable heat via collectors, which can be used for domestic hot water, central heating backup or both - efficiently, sustainably and cost-effectively.<\/p><\/span>\t\t\t\t\t\t\t\t\t<\/span>\n\t\t\t\t\t\t\t\t<\/div>\n\t\t\t\t\t\t\t<\/div>\n\t\t\t\t\t\t\t\t\t\t\t\t\t\t<div id=\"uael-accordion-7f96a32\" class=\"uael-faq-accordion\" role=\"tablist\">\n\t\t\t\t\t\t\t\t<div class= \"uael-accordion-title\" aria-expanded=\"false\" role=\"tab\">\n\t\t\t\t\t\t\t\t\t<span class=\"uael-accordion-icon uael-accordion-icon-left\">\n\t\t\t\t\t\t\t\t\t\t<span class=\"uael-accordion-icon-closed\"><i class=\"fas fa-plus\"><\/i><\/span>\n\t\t\t\t\t\t\t\t\t\t<span class=\"uael-accordion-icon-opened\"><i class=\"fas fa-minus\"><\/i><\/span>\n\t\t\t\t\t\t\t\t\t<\/span>\n\t\t\t\t\t\t\t\t\t<h3 class=\"uael-question-7f96a32 uael-question-span\" tabindex=\"0\" id=\"uael-faq-2-69d52f255c94d\">Why is it worth using a solar thermal system?<\/h3>\n\t\t\t\t\t\t\t\t<\/div>\n\t\t\t\t\t\t\t\t<div class=\"uael-accordion-content\" role=\"tabpanel\">\n\t\t\t\t\t\t\t\t\t<span>\n\t\t\t\t\t\t\t\t\t<span><p>Solar thermal energy makes you less dependent on fossil fuels such as heating oil or natural gas. As no fuels are burned, neither CO\u2082 nor pollutants are produced. This allows you to reduce energy costs and make an active contribution to environmental protection at the same time.<\/p><\/span>\t\t\t\t\t\t\t\t\t<\/span>\n\t\t\t\t\t\t\t\t<\/div>\n\t\t\t\t\t\t\t<\/div>\n\t\t\t\t\t\t\t\t\t\t\t\t\t\t<div id=\"uael-accordion-f288c0f\" class=\"uael-faq-accordion\" role=\"tablist\">\n\t\t\t\t\t\t\t\t<div class= \"uael-accordion-title\" aria-expanded=\"false\" role=\"tab\">\n\t\t\t\t\t\t\t\t\t<span class=\"uael-accordion-icon uael-accordion-icon-left\">\n\t\t\t\t\t\t\t\t\t\t<span class=\"uael-accordion-icon-closed\"><i class=\"fas fa-plus\"><\/i><\/span>\n\t\t\t\t\t\t\t\t\t\t<span class=\"uael-accordion-icon-opened\"><i class=\"fas fa-minus\"><\/i><\/span>\n\t\t\t\t\t\t\t\t\t<\/span>\n\t\t\t\t\t\t\t\t\t<h3 class=\"uael-question-f288c0f uael-question-span\" tabindex=\"0\" id=\"uael-faq-3-69d52f255c996\">How much energy can be saved with solar thermal energy?<\/h3>\n\t\t\t\t\t\t\t\t<\/div>\n\t\t\t\t\t\t\t\t<div class=\"uael-accordion-content\" role=\"tabpanel\">\n\t\t\t\t\t\t\t\t\t<span>\n\t\t\t\t\t\t\t\t\t<span><p data-pm-slice=\"1 1 []\">As solar energy is free of charge, solar thermal systems can cover a considerable proportion of heating requirements. Depending on the system and type of building, significant savings can be achieved - particularly for water heating and in combination with modern heating systems.<\/p><\/span>\t\t\t\t\t\t\t\t\t<\/span>\n\t\t\t\t\t\t\t\t<\/div>\n\t\t\t\t\t\t\t<\/div>\n\t\t\t\t\t\t\t\t\t\t\t\t\t\t<div id=\"uael-accordion-9710746\" class=\"uael-faq-accordion\" role=\"tablist\">\n\t\t\t\t\t\t\t\t<div class= \"uael-accordion-title\" aria-expanded=\"false\" role=\"tab\">\n\t\t\t\t\t\t\t\t\t<span class=\"uael-accordion-icon uael-accordion-icon-left\">\n\t\t\t\t\t\t\t\t\t\t<span class=\"uael-accordion-icon-closed\"><i class=\"fas fa-plus\"><\/i><\/span>\n\t\t\t\t\t\t\t\t\t\t<span class=\"uael-accordion-icon-opened\"><i class=\"fas fa-minus\"><\/i><\/span>\n\t\t\t\t\t\t\t\t\t<\/span>\n\t\t\t\t\t\t\t\t\t<h3 class=\"uael-question-9710746 uael-question-span\" tabindex=\"0\" id=\"uael-faq-4-69d52f255c9d7\">How reliable is solar thermal energy throughout the year?<\/h3>\n\t\t\t\t\t\t\t\t<\/div>\n\t\t\t\t\t\t\t\t<div class=\"uael-accordion-content\" role=\"tabpanel\">\n\t\t\t\t\t\t\t\t\t<span>\n\t\t\t\t\t\t\t\t\t<span><p data-pm-slice=\"1 1 []\">Thanks to buffer storage tanks and intelligent control technology, solar heat is available exactly when it is needed. The system safely stores energy temporarily and delivers it to the right place at the optimum temperature - conveniently and in line with demand.<\/p><\/span>\t\t\t\t\t\t\t\t\t<\/span>\n\t\t\t\t\t\t\t\t<\/div>\n\t\t\t\t\t\t\t<\/div>\n\t\t\t\t\t\t\t\t\t\t\t\t\t\t<div id=\"uael-accordion-60a37e5\" class=\"uael-faq-accordion\" role=\"tablist\">\n\t\t\t\t\t\t\t\t<div class= \"uael-accordion-title\" aria-expanded=\"false\" role=\"tab\">\n\t\t\t\t\t\t\t\t\t<span class=\"uael-accordion-icon uael-accordion-icon-left\">\n\t\t\t\t\t\t\t\t\t\t<span class=\"uael-accordion-icon-closed\"><i class=\"fas fa-plus\"><\/i><\/span>\n\t\t\t\t\t\t\t\t\t\t<span class=\"uael-accordion-icon-opened\"><i class=\"fas fa-minus\"><\/i><\/span>\n\t\t\t\t\t\t\t\t\t<\/span>\n\t\t\t\t\t\t\t\t\t<h3 class=\"uael-question-60a37e5 uael-question-span\" tabindex=\"0\" id=\"uael-faq-5-69d52f255ca14\">For which buildings is solar thermal energy suitable?<\/h3>\n\t\t\t\t\t\t\t\t<\/div>\n\t\t\t\t\t\t\t\t<div class=\"uael-accordion-content\" role=\"tabpanel\">\n\t\t\t\t\t\t\t\t\t<span>\n\t\t\t\t\t\t\t\t\t<span><p data-pm-slice=\"1 1 []\">Solar thermal energy is equally suitable for single-family homes, apartment buildings and commercial properties. It can be integrated into new buildings or retrofitted into existing systems and can be perfectly combined with other heat generators.<\/p><\/span>\t\t\t\t\t\t\t\t\t<\/span>\n\t\t\t\t\t\t\t\t<\/div>\n\t\t\t\t\t\t\t<\/div>\n\t\t\t\t\t\t\t\t\t\t\t<\/div>\n\t\t\t<\/div>\n\t\t\t\t\t\t\t<\/div>\n\t\t\t\t<\/div>\n\t\t\t\t\t<\/div>\n\t\t\t\t<\/div>\n\t\t\t\t<\/div>","protected":false},"excerpt":{"rendered":"<p>Solarthermie Die Sonne liefert uns t\u00e4glich ein enormes Energiepotential, das in Deutschland den Prim\u00e4renergieverbrauch um das Achtzigfache \u00fcbersteigt. Diese Energiequelle [&hellip;]<\/p>\n","protected":false},"author":9,"featured_media":16445,"parent":16359,"menu_order":0,"comment_status":"closed","ping_status":"closed","template":"","meta":{"_acf_changed":false,"site-sidebar-layout":"no-sidebar","site-content-layout":"page-builder","ast-site-content-layout":"full-width-container","site-content-style":"default","site-sidebar-style":"default","ast-global-header-display":"","ast-banner-title-visibility":"","ast-main-header-display":"","ast-hfb-above-header-display":"","ast-hfb-below-header-display":"","ast-hfb-mobile-header-display":"","site-post-title":"","ast-breadcrumbs-content":"","ast-featured-img":"disabled","footer-sml-layout":"","ast-disable-related-posts":"","theme-transparent-header-meta":"","adv-header-id-meta":"","stick-header-meta":"","header-above-stick-meta":"","header-main-stick-meta":"","header-below-stick-meta":"","astra-migrate-meta-layouts":"set","ast-page-background-enabled":"default","ast-page-background-meta":{"desktop":{"background-color":"","background-image":"","background-repeat":"repeat","background-position":"center center","background-size":"auto","background-attachment":"scroll","background-type":"","background-media":"","overlay-type":"","overlay-color":"","overlay-opacity":"","overlay-gradient":""},"tablet":{"background-color":"","background-image":"","background-repeat":"repeat","background-position":"center center","background-size":"auto","background-attachment":"scroll","background-type":"","background-media":"","overlay-type":"","overlay-color":"","overlay-opacity":"","overlay-gradient":""},"mobile":{"background-color":"","background-image":"","background-repeat":"repeat","background-position":"center center","background-size":"auto","background-attachment":"scroll","background-type":"","background-media":"","overlay-type":"","overlay-color":"","overlay-opacity":"","overlay-gradient":""}},"ast-content-background-meta":{"desktop":{"background-color":"var(--ast-global-color-5)","background-image":"","background-repeat":"repeat","background-position":"center center","background-size":"auto","background-attachment":"scroll","background-type":"","background-media":"","overlay-type":"","overlay-color":"","overlay-opacity":"","overlay-gradient":""},"tablet":{"background-color":"var(--ast-global-color-5)","background-image":"","background-repeat":"repeat","background-position":"center center","background-size":"auto","background-attachment":"scroll","background-type":"","background-media":"","overlay-type":"","overlay-color":"","overlay-opacity":"","overlay-gradient":""},"mobile":{"background-color":"var(--ast-global-color-5)","background-image":"","background-repeat":"repeat","background-position":"center center","background-size":"auto","background-attachment":"scroll","background-type":"","background-media":"","overlay-type":"","overlay-color":"","overlay-opacity":"","overlay-gradient":""}},"footnotes":""},"folder":[67],"class_list":["post-16013","page","type-page","status-publish","has-post-thumbnail","hentry"],"acf":[],"_links":{"self":[{"href":"https:\/\/varmeco.de\/en\/wp-json\/wp\/v2\/pages\/16013","targetHints":{"allow":["GET"]}}],"collection":[{"href":"https:\/\/varmeco.de\/en\/wp-json\/wp\/v2\/pages"}],"about":[{"href":"https:\/\/varmeco.de\/en\/wp-json\/wp\/v2\/types\/page"}],"author":[{"embeddable":true,"href":"https:\/\/varmeco.de\/en\/wp-json\/wp\/v2\/users\/9"}],"replies":[{"embeddable":true,"href":"https:\/\/varmeco.de\/en\/wp-json\/wp\/v2\/comments?post=16013"}],"version-history":[{"count":36,"href":"https:\/\/varmeco.de\/en\/wp-json\/wp\/v2\/pages\/16013\/revisions"}],"predecessor-version":[{"id":22896,"href":"https:\/\/varmeco.de\/en\/wp-json\/wp\/v2\/pages\/16013\/revisions\/22896"}],"up":[{"embeddable":true,"href":"https:\/\/varmeco.de\/en\/wp-json\/wp\/v2\/pages\/16359"}],"wp:featuredmedia":[{"embeddable":true,"href":"https:\/\/varmeco.de\/en\/wp-json\/wp\/v2\/media\/16445"}],"wp:attachment":[{"href":"https:\/\/varmeco.de\/en\/wp-json\/wp\/v2\/media?parent=16013"}],"wp:term":[{"taxonomy":"folder","embeddable":true,"href":"https:\/\/varmeco.de\/en\/wp-json\/wp\/v2\/folder?post=16013"}],"curies":[{"name":"wp","href":"https:\/\/api.w.org\/{rel}","templated":true}]}}