{"id":17279,"date":"2025-10-29T13:46:58","date_gmt":"2025-10-29T12:46:58","guid":{"rendered":"https:\/\/varmeco.de\/?page_id=17279"},"modified":"2025-10-29T13:48:39","modified_gmt":"2025-10-29T12:48:39","slug":"sonderspeicher","status":"publish","type":"page","link":"https:\/\/varmeco.de\/en\/produkte\/sortiment-pufferspeicher\/sonderspeicher\/","title":{"rendered":"Special memory"},"content":{"rendered":"<div data-elementor-type=\"wp-page\" data-elementor-id=\"17279\" class=\"elementor elementor-17279\" data-elementor-post-type=\"page\">\n\t\t\t\t<div class=\"elementor-element elementor-element-8525463 e-flex e-con-boxed e-con e-parent\" data-id=\"8525463\" data-element_type=\"container\" data-e-type=\"container\">\n\t\t\t\t\t<div class=\"e-con-inner\">\n\t\t\t\t<div class=\"elementor-element elementor-element-62ee593 elementor-widget elementor-widget-heading\" data-id=\"62ee593\" data-element_type=\"widget\" data-e-type=\"widget\" data-widget_type=\"heading.default\">\n\t\t\t\t<div class=\"elementor-widget-container\">\n\t\t\t\t\t<h2 class=\"elementor-heading-title elementor-size-default\">Special memory<\/h2>\t\t\t\t<\/div>\n\t\t\t\t<\/div>\n\t\t\t\t\t<\/div>\n\t\t\t\t<\/div>\n\t\t<div class=\"elementor-element elementor-element-e884f11 e-flex e-con-boxed e-con e-parent\" data-id=\"e884f11\" data-element_type=\"container\" data-e-type=\"container\">\n\t\t\t\t\t<div class=\"e-con-inner\">\n\t\t\t\t<div class=\"elementor-element elementor-element-fa58a47 elementor-widget elementor-widget-text-editor\" data-id=\"fa58a47\" data-element_type=\"widget\" data-e-type=\"widget\" data-widget_type=\"text-editor.default\">\n\t\t\t\t<div class=\"elementor-widget-container\">\n\t\t\t\t\t\t\t\t\t<p><span style=\"font-size: 17px; font-style: normal; font-weight: 400;\">Heat storage tanks are more than just a container for decoupling generation and consumption. They are the heart of every central heating system. Hydraulic integration, dimensioning and quality of the storage tank are decisive for the efficiency of the entire system. varmeco meets the great importance of the storage tank and the most diverse requirements with an extensive range of buffer storage tanks from German quality production in Kaufbeuren: standard storage tanks, special storage tanks and large storage tanks, with effective stratification devices for the best possible temperature layering and with efficient insulation to minimize losses.<\/span><\/p>\t\t\t\t\t\t\t\t<\/div>\n\t\t\t\t<\/div>\n\t\t\t\t\t<\/div>\n\t\t\t\t<\/div>\n\t\t<div class=\"elementor-element elementor-element-f08dd7d e-flex e-con-boxed e-con e-parent\" data-id=\"f08dd7d\" data-element_type=\"container\" data-e-type=\"container\" data-settings=\"{&quot;background_background&quot;:&quot;classic&quot;}\">\n\t\t\t\t\t<div class=\"e-con-inner\">\n\t\t\t\t<div class=\"elementor-element elementor-element-d49b2e9 uael-equal__height-yes uael-post__link-complete-yes elementor-widget elementor-widget-uael-posts\" data-id=\"d49b2e9\" data-element_type=\"widget\" data-e-type=\"widget\" data-settings=\"{&quot;classic_slides_to_show&quot;:4,&quot;classic_slides_to_show_tablet&quot;:2,&quot;classic_slides_to_show_mobile&quot;:1}\" data-widget_type=\"uael-posts.classic\">\n\t\t\t\t<div class=\"elementor-widget-container\">\n\t\t\t\t\t\t\t<div class=\"uael-post__header\">\n\t\t\t\t\t<\/div>\n\t\t<div class=\"uael-post__body\">\n\t\t\t\n\t\t\n\t\t<div class=\"uael-blog-terms-position-above_content uael-post-image-top uael-post-grid uael-posts\" data-query-type=\"custom\" data-structure=\"normal\" data-layout=\"\" data-page=\"17279\" data-skin=\"classic\" data-filter-default=\"\" data-offset-top=\"30\" >\n\n\t\t\t\t\t\t\t<div class=\"uael-post-grid__inner uael-post__columns-4 uael-post__columns-tablet-2 uael-post__columns-mobile-1\">\n\t\t\t\n<div class=\"uael-post-wrapper\">\n\t<div class=\"uael-post__bg-wrap uael-bg-wrap-disabled\">\n\n\t\t\t\t\t<a href=\"https:\/\/varmeco.de\/en\/produkte\/sortiment-pufferspeicher\/sonderspeicher\/exergie-speicher-special-wk-waerme-kaelte\/\" target=\"_self\" class=\"uael-post__complete-box-overlay\" aria-label=\"Link Complete Box\"><\/a>\n\t\t\t\t\n\t\t<div class=\"uael-post__inner-wrap uael-inner-wrap-disabled\">\n\n\t\t\t\t<div class=\"uael-post__thumbnail\">\n\t\t\t\n\t\t\t<a href=\"https:\/\/varmeco.de\/en\/produkte\/sortiment-pufferspeicher\/sonderspeicher\/exergie-speicher-special-wk-waerme-kaelte\/\" target=\"_self\" title=\"eXergy storage special WK (heating-cooling)\"><img fetchpriority=\"high\" decoding=\"async\" width=\"1080\" height=\"1350\" src=\"https:\/\/varmeco.de\/wp-content\/uploads\/2025\/07\/eXergie_Speicher_special_WK_1080x1350.png\" class=\"attachment-full size-full wp-image-15834\" alt=\"eXergie_Speicher_special_WK_1080x1350\" title=\"\" srcset=\"https:\/\/varmeco.de\/wp-content\/uploads\/2025\/07\/eXergie_Speicher_special_WK_1080x1350.png 1080w, https:\/\/varmeco.de\/wp-content\/uploads\/2025\/07\/eXergie_Speicher_special_WK_1080x1350-240x300.png 240w, https:\/\/varmeco.de\/wp-content\/uploads\/2025\/07\/eXergie_Speicher_special_WK_1080x1350-819x1024.png 819w, https:\/\/varmeco.de\/wp-content\/uploads\/2025\/07\/eXergie_Speicher_special_WK_1080x1350-768x960.png 768w, https:\/\/varmeco.de\/wp-content\/uploads\/2025\/07\/eXergie_Speicher_special_WK_1080x1350-10x12.png 10w\" sizes=\"(max-width: 1080px) 100vw, 1080px\" \/><\/a>\n\t\t\t\t\t<\/div>\n\t\t\n\t\t\t\n\t\t\t<div class=\"uael-post__content-wrap uael-content-wrap-disabled\">\n\t\t\t\t\t\t\t<div class=\"uael-post__terms-wrap\"><span class=\"uael-post__terms\"><span class=\"uael-listing__terms-link\">Special memory<\/span><\/span><\/div>\n\t\t\t\t\t\t<h3 class=\"uael-post__title\">\n\n\t\t\n\t\t\t\t\t\t<a href=\"https:\/\/varmeco.de\/en\/produkte\/sortiment-pufferspeicher\/sonderspeicher\/exergie-speicher-special-wk-waerme-kaelte\/\" target=\"_self\">\n\t\t\t\teXergy storage special WK (heating-cooling)\t\t\t<\/a>\n\n\t\t\t\t<\/h3>\n\t\t\n\t\t<div class=\"uael-post__excerpt\">\n\t\t\t\t\t<\/div>\n\n\t\t\t\t\t<\/div>\n\t\t\t\n\t\t<\/div>\n\t\t\n\t<\/div>\n\n<\/div>\n\n<div class=\"uael-post-wrapper\">\n\t<div class=\"uael-post__bg-wrap uael-bg-wrap-disabled\">\n\n\t\t\t\t\t<a href=\"https:\/\/varmeco.de\/en\/produkte\/sortiment-pufferspeicher\/sonderspeicher\/sonderspeicher\/\" target=\"_self\" class=\"uael-post__complete-box-overlay\" aria-label=\"Link Complete Box\"><\/a>\n\t\t\t\t\n\t\t<div class=\"uael-post__inner-wrap uael-inner-wrap-disabled\">\n\n\t\t\t\t<div class=\"uael-post__thumbnail\">\n\t\t\t\n\t\t\t<a href=\"https:\/\/varmeco.de\/en\/produkte\/sortiment-pufferspeicher\/sonderspeicher\/sonderspeicher\/\" target=\"_self\" title=\"Special memory\"><img decoding=\"async\" width=\"1080\" height=\"1350\" src=\"https:\/\/varmeco.de\/wp-content\/uploads\/2025\/10\/Sonderspeicher.png\" class=\"attachment-full size-full wp-image-16310\" alt=\"Special memory\" title=\"\" srcset=\"https:\/\/varmeco.de\/wp-content\/uploads\/2025\/10\/Sonderspeicher.png 1080w, https:\/\/varmeco.de\/wp-content\/uploads\/2025\/10\/Sonderspeicher-240x300.png 240w, https:\/\/varmeco.de\/wp-content\/uploads\/2025\/10\/Sonderspeicher-819x1024.png 819w, https:\/\/varmeco.de\/wp-content\/uploads\/2025\/10\/Sonderspeicher-768x960.png 768w, https:\/\/varmeco.de\/wp-content\/uploads\/2025\/10\/Sonderspeicher-10x12.png 10w\" sizes=\"(max-width: 1080px) 100vw, 1080px\" \/><\/a>\n\t\t\t\t\t<\/div>\n\t\t\n\t\t\t\n\t\t\t<div class=\"uael-post__content-wrap uael-content-wrap-disabled\">\n\t\t\t\t\t\t\t<div class=\"uael-post__terms-wrap\"><span class=\"uael-post__terms\"><span class=\"uael-listing__terms-link\">Special memory<\/span><\/span><\/div>\n\t\t\t\t\t\t<h3 class=\"uael-post__title\">\n\n\t\t\n\t\t\t\t\t\t<a href=\"https:\/\/varmeco.de\/en\/produkte\/sortiment-pufferspeicher\/sonderspeicher\/sonderspeicher\/\" target=\"_self\">\n\t\t\t\tSpecial memory\t\t\t<\/a>\n\n\t\t\t\t<\/h3>\n\t\t\n\t\t<div class=\"uael-post__excerpt\">\n\t\t\t\t\t<\/div>\n\n\t\t\t\t\t<\/div>\n\t\t\t\n\t\t<\/div>\n\t\t\n\t<\/div>\n\n<\/div>\n\t\t\t\t<\/div>\n\t\t\t\t\t\t\n\t\t<\/div>\n\n\t\t\t\t\t\t<\/div>\n\t\t<div class=\"uael-post__footer\">\n\t\t\t\t\t<\/div>\n\t\t\t\t\t\t<\/div>\n\t\t\t\t<\/div>\n\t\t\t\t\t<\/div>\n\t\t\t\t<\/div>\n\t\t\t\t<\/div>","protected":false},"excerpt":{"rendered":"<p>Sonderspeicher W\u00e4rmespeicher sind mehr als ein Beh\u00e4ltnis zum Entkoppeln von Erzeugung und Verbrauch. Sie sind das Herz jeder W\u00e4rmezentrale. Hydraulische [&hellip;]<\/p>\n","protected":false},"author":8,"featured_media":0,"parent":15881,"menu_order":0,"comment_status":"closed","ping_status":"closed","template":"","meta":{"_acf_changed":false,"site-sidebar-layout":"no-sidebar","site-content-layout":"page-builder","ast-site-content-layout":"full-width-container","site-content-style":"default","site-sidebar-style":"default","ast-global-header-display":"","ast-banner-title-visibility":"","ast-main-header-display":"","ast-hfb-above-header-display":"","ast-hfb-below-header-display":"","ast-hfb-mobile-header-display":"","site-post-title":"","ast-breadcrumbs-content":"","ast-featured-img":"disabled","footer-sml-layout":"","ast-disable-related-posts":"","theme-transparent-header-meta":"","adv-header-id-meta":"","stick-header-meta":"","header-above-stick-meta":"","header-main-stick-meta":"","header-below-stick-meta":"","astra-migrate-meta-layouts":"set","ast-page-background-enabled":"default","ast-page-background-meta":{"desktop":{"background-color":"","background-image":"","background-repeat":"repeat","background-position":"center center","background-size":"auto","background-attachment":"scroll","background-type":"","background-media":"","overlay-type":"","overlay-color":"","overlay-opacity":"","overlay-gradient":""},"tablet":{"background-color":"","background-image":"","background-repeat":"repeat","background-position":"center center","background-size":"auto","background-attachment":"scroll","background-type":"","background-media":"","overlay-type":"","overlay-color":"","overlay-opacity":"","overlay-gradient":""},"mobile":{"background-color":"","background-image":"","background-repeat":"repeat","background-position":"center center","background-size":"auto","background-attachment":"scroll","background-type":"","background-media":"","overlay-type":"","overlay-color":"","overlay-opacity":"","overlay-gradient":""}},"ast-content-background-meta":{"desktop":{"background-color":"var(--ast-global-color-5)","background-image":"","background-repeat":"repeat","background-position":"center center","background-size":"auto","background-attachment":"scroll","background-type":"","background-media":"","overlay-type":"","overlay-color":"","overlay-opacity":"","overlay-gradient":""},"tablet":{"background-color":"var(--ast-global-color-5)","background-image":"","background-repeat":"repeat","background-position":"center center","background-size":"auto","background-attachment":"scroll","background-type":"","background-media":"","overlay-type":"","overlay-color":"","overlay-opacity":"","overlay-gradient":""},"mobile":{"background-color":"var(--ast-global-color-5)","background-image":"","background-repeat":"repeat","background-position":"center center","background-size":"auto","background-attachment":"scroll","background-type":"","background-media":"","overlay-type":"","overlay-color":"","overlay-opacity":"","overlay-gradient":""}},"footnotes":""},"folder":[67],"class_list":["post-17279","page","type-page","status-publish","hentry"],"acf":[],"_links":{"self":[{"href":"https:\/\/varmeco.de\/en\/wp-json\/wp\/v2\/pages\/17279","targetHints":{"allow":["GET"]}}],"collection":[{"href":"https:\/\/varmeco.de\/en\/wp-json\/wp\/v2\/pages"}],"about":[{"href":"https:\/\/varmeco.de\/en\/wp-json\/wp\/v2\/types\/page"}],"author":[{"embeddable":true,"href":"https:\/\/varmeco.de\/en\/wp-json\/wp\/v2\/users\/8"}],"replies":[{"embeddable":true,"href":"https:\/\/varmeco.de\/en\/wp-json\/wp\/v2\/comments?post=17279"}],"version-history":[{"count":4,"href":"https:\/\/varmeco.de\/en\/wp-json\/wp\/v2\/pages\/17279\/revisions"}],"predecessor-version":[{"id":17283,"href":"https:\/\/varmeco.de\/en\/wp-json\/wp\/v2\/pages\/17279\/revisions\/17283"}],"up":[{"embeddable":true,"href":"https:\/\/varmeco.de\/en\/wp-json\/wp\/v2\/pages\/15881"}],"wp:attachment":[{"href":"https:\/\/varmeco.de\/en\/wp-json\/wp\/v2\/media?parent=17279"}],"wp:term":[{"taxonomy":"folder","embeddable":true,"href":"https:\/\/varmeco.de\/en\/wp-json\/wp\/v2\/folder?post=17279"}],"curies":[{"name":"wp","href":"https:\/\/api.w.org\/{rel}","templated":true}]}}