{"id":10651,"date":"2024-06-11T16:36:01","date_gmt":"2024-06-11T14:36:01","guid":{"rendered":"https:\/\/varmeco.de\/?page_id=10651"},"modified":"2026-04-10T13:26:49","modified_gmt":"2026-04-10T11:26:49","slug":"abwaermenutzung","status":"publish","type":"page","link":"https:\/\/varmeco.de\/it\/themenwelten\/abwaermenutzung\/","title":{"rendered":"Utilizzo del calore di scarto"},"content":{"rendered":"<div data-elementor-type=\"wp-page\" data-elementor-id=\"10651\" class=\"elementor elementor-10651\" data-elementor-post-type=\"page\">\n\t\t\t\t<div class=\"elementor-element elementor-element-f60f7d6 e-flex e-con-boxed e-con e-parent\" data-id=\"f60f7d6\" data-element_type=\"container\" data-e-type=\"container\">\n\t\t\t\t\t<div class=\"e-con-inner\">\n\t\t<div class=\"elementor-element elementor-element-4637984 e-con-full e-flex e-con e-child\" data-id=\"4637984\" data-element_type=\"container\" data-e-type=\"container\">\n\t\t\t\t<div class=\"elementor-element elementor-element-ffa5cf0 elementor-widget elementor-widget-text-editor\" data-id=\"ffa5cf0\" data-element_type=\"widget\" data-e-type=\"widget\" data-widget_type=\"text-editor.default\">\n\t\t\t\t<div class=\"elementor-widget-container\">\n\t\t\t\t\t\t\t\t\t<h1>Come funziona l'utilizzo del calore di scarto\u00a0\u00a0<\/h1><p>In molte aziende viene generato calore di processo o di scarto che (ancora) fuoriesce inutilizzato nell'ambiente. L'utilizzo del calore di scarto ricicla questo \"calore di scarto\" e lo trasforma in calore utilizzabile. Nelle panetterie, nei ristoranti e nelle aziende di catering, ad esempio, i sistemi di refrigerazione generano calore di scarto a bassa temperatura. Con l'aiuto dell'utilizzo del calore residuo, questo pu\u00f2 essere utilizzato per il riscaldamento e la tecnologia dell'acqua calda. In questo modo si risparmia energia e si protegge sia il portafoglio che l'ambiente.<\/p>\t\t\t\t\t\t\t\t<\/div>\n\t\t\t\t<\/div>\n\t\t<div class=\"elementor-element elementor-element-9337279 e-con-full e-flex e-con e-child\" data-id=\"9337279\" data-element_type=\"container\" data-e-type=\"container\">\n\t\t<div class=\"elementor-element elementor-element-0c9b0a2 e-con-full e-flex e-con e-child\" data-id=\"0c9b0a2\" data-element_type=\"container\" data-e-type=\"container\">\n\t\t\t\t<div class=\"elementor-element elementor-element-c97f0b2 elementor-widget elementor-widget-text-editor\" data-id=\"c97f0b2\" data-element_type=\"widget\" data-e-type=\"widget\" data-widget_type=\"text-editor.default\">\n\t\t\t\t<div class=\"elementor-widget-container\">\n\t\t\t\t\t\t\t\t\t<p>Per utilizzare il calore di scarto, i flussi energetici all'interno di un edificio devono essere analizzati con precisione: Dove viene generato il calore di scarto, in quale quantit\u00e0 e a quali livelli di temperatura? Quale temperatura \u00e8 necessaria per utilizzare efficacemente l'energia termica? Chiarire queste domande di solito rivela che l'aumento della temperatura \u00e8 la chiave del successo. \u00c8 qui che entra in gioco il nostro generatore di calore per l'energia rigenerativa: il&nbsp;<a href=\"https:\/\/varmeco.de\/it\/produkte\/exergiemaschine\/\" target=\"_blank\">eXergiemaschine<\/a>.<\/p>\t\t\t\t\t\t\t\t<\/div>\n\t\t\t\t<\/div>\n\t\t\t\t<\/div>\n\t\t<div class=\"elementor-element elementor-element-958042b e-con-full e-flex e-con e-child\" data-id=\"958042b\" data-element_type=\"container\" data-e-type=\"container\">\n\t\t\t\t<div class=\"elementor-element elementor-element-7d63dfe elementor-widget elementor-widget-video\" data-id=\"7d63dfe\" data-element_type=\"widget\" data-e-type=\"widget\" data-settings=\"{&quot;youtube_url&quot;:&quot;https:\\\/\\\/www.youtube.com\\\/watch?v=vvykzuBMmms&quot;,&quot;video_type&quot;:&quot;youtube&quot;,&quot;controls&quot;:&quot;yes&quot;}\" data-widget_type=\"video.default\">\n\t\t\t\t<div class=\"elementor-widget-container\">\n\t\t\t\t\t\t\t<div class=\"elementor-wrapper elementor-open-inline\">\n\t\t\t<div class=\"elementor-video\"> <div class=\"brlbs-cmpnt-container brlbs-cmpnt-content-blocker brlbs-cmpnt-with-individual-styles\" data-borlabs-cookie-content-blocker-id=\"youtube-content-blocker\" data-borlabs-cookie-content=\"PHNjcmlwdD4KKGZ1bmN0aW9uKCkgewogICAgbGV0IGQgPSBudWxsOwoKICAgIC8vIGlmIHdlIGFyZSBpbiBhIGxvb3AsIHdlIG5lZWQgdG8gc2VsZWN0IHRoZSBjb3JyZWN0IHZpZGVvIGVsZW1lbnQsIHNpbmNlIFdpZGdldCBJRCBvY2N1cnMgbXVsdGlwbGUgdGltZXMgb24gcGFnZQogICAgY29uc3QgZWxlbXNJbkxvb3AgPSBkb2N1bWVudC5xdWVyeVNlbGVjdG9yQWxsKCc6aXMoZGl2W2RhdGEtZWxlbWVudG9yLXR5cGU9Imxvb3AtaXRlbSJdLGRpdltkYXRhLWVsZW1lbnRvci10eXBlPSJqZXQtbGlzdGluZy1pdGVtcyJdLGRpdltkYXRhLXdpZGdldF90eXBlXj0icHJlbWl1bS1hZGRvbi10YWJzLiJdKSBkaXYuZWxlbWVudG9yLWVsZW1lbnQtN2Q2M2RmZScpOwogICAgaWYgKGVsZW1zSW5Mb29wLmxlbmd0aCA9PT0gMSkgewogICAgICAgIGQgPSBlbGVtc0luTG9vcFswXTsKICAgIH0gZWxzZSBpZiAoZWxlbXNJbkxvb3AubGVuZ3RoID4gMSkgewogICAgICAgIGlmICh0eXBlb2YgZG9jdW1lbnQuY3VycmVudFNjcmlwdCA9PT0gJ3VuZGVmaW5lZCcgfHwgZG9jdW1lbnQuY3VycmVudFNjcmlwdCA9PSBudWxsKSB7CiAgICAgICAgICAgIHJldHVybjsKICAgICAgICB9CiAgICAgICAgY29uc3QgdG1wVmlkZW9XaWRnZXQgPSBkb2N1bWVudC5jdXJyZW50U2NyaXB0LmNsb3Nlc3QoJ1tkYXRhLXdpZGdldF90eXBlPSJicmxic192aWRlby5kZWZhdWx0Il0nKTsKICAgICAgICBpZiAodG1wVmlkZW9XaWRnZXQpIHsKICAgICAgICAgICAgZCA9IHRtcFZpZGVvV2lkZ2V0OwogICAgICAgIH0KICAgIH0KCiAgICBpZiAoZCA9PSBudWxsKSB7CiAgICAgICAgZCA9IGRvY3VtZW50LnF1ZXJ5U2VsZWN0b3IoJ2Rpdi5lbGVtZW50b3ItZWxlbWVudC03ZDYzZGZlJyk7CiAgICB9CgogICAgaWYgKGQgPT0gbnVsbCkgewogICAgICAgIHJldHVybjsKICAgIH0KICAgIGQuZGF0YXNldC53aWRnZXRfdHlwZSA9IGQuZGF0YXNldC53aWRnZXRfdHlwZS5yZXBsYWNlKCdicmxic18nLCAnJyk7CiAgICBkLmRhdGFzZXQuYnJsYnNVbmJsb2NrZWQgPSAndHJ1ZSc7CgogICAgY29uc3QgaW50ZXJ2YWwgPSBzZXRJbnRlcnZhbCgoKSA9PiB7CiAgICAgICAgaWYgKHR5cGVvZiBlbGVtZW50b3JGcm9udGVuZCAhPT0gJ3VuZGVmaW5lZCcgJiYgdHlwZW9mIGVsZW1lbnRvckZyb250ZW5kLmhvb2tzICE9PSAndW5kZWZpbmVkJykgewogICAgICAgICAgICBjbGVhckludGVydmFsKGludGVydmFsKTsKICAgICAgICAgICAgZWxlbWVudG9yRnJvbnRlbmQuaG9va3MuZG9BY3Rpb24oJ2Zyb250ZW5kL2VsZW1lbnRfcmVhZHkvdmlkZW8uZGVmYXVsdCcsIGpRdWVyeShkKSwgalF1ZXJ5KQogICAgICAgIH0KICAgIH0sIDMwKQp9KSgpOwo8L3NjcmlwdD4=\"><div class=\"brlbs-cmpnt-cb-preset-c brlbs-cmpnt-cb-youtube\"> <div class=\"brlbs-cmpnt-cb-thumbnail\" style=\"background-image: url('https:\/\/varmeco.de\/wp-content\/uploads\/borlabs-cookie\/1\/yt_vvykzuBMmms_hqdefault.jpg')\"><\/div> <div class=\"brlbs-cmpnt-cb-main\"> <div class=\"brlbs-cmpnt-cb-play-button\"><\/div> <div class=\"brlbs-cmpnt-cb-content\"> <p class=\"brlbs-cmpnt-cb-description\">Attualmente viene visualizzato un contenuto segnaposto di <strong>YouTube<\/strong>. Per accedere al contenuto effettivo, fare clic sul pulsante sottostante. Si prega di notare che i dati saranno trasmessi a fornitori terzi.<\/p> <a class=\"brlbs-cmpnt-cb-provider-toggle\" href=\"#\" data-borlabs-cookie-show-provider-information role=\"button\">Ulteriori informazioni<\/a> <\/div> <div class=\"brlbs-cmpnt-cb-buttons\"> <a class=\"brlbs-cmpnt-cb-btn\" href=\"#\" data-borlabs-cookie-unblock role=\"button\">Sbloccare il contenuto<\/a> <a class=\"brlbs-cmpnt-cb-btn\" href=\"#\" data-borlabs-cookie-accept-service role=\"button\" style=\"display: inherit\">Accettare il servizio richiesto e sbloccare i contenuti<\/a> <\/div> <\/div> <\/div><\/div><\/div>\t\t<\/div>\n\t\t\t\t\t\t<\/div>\n\t\t\t\t<\/div>\n\t\t\t\t<\/div>\n\t\t\t\t<\/div>\n\t\t\t\t<div class=\"elementor-element elementor-element-90ade94 elementor-widget elementor-widget-text-editor\" data-id=\"90ade94\" data-element_type=\"widget\" data-e-type=\"widget\" data-widget_type=\"text-editor.default\">\n\t\t\t\t<div class=\"elementor-widget-container\">\n\t\t\t\t\t\t\t\t\t<h2>Sfruttare l'energia rigenerativa: Con eXergiemaschine al giusto livello di temperatura<\/h2><p>L'eXergiemaschine \u00e8 un componente fondamentale per lo sfruttamento efficiente del calore di scarto, finora disponibile solo per i grandi impianti industriali. La nostra eXergiemaschine serve anche per le piccole e medie potenze. Si tratta di una pompa di calore speciale progettata per alte temperature alla sorgente e per un'elevata diffusione della temperatura. L'elevata diffusione della temperatura significa che rende in <a href=\"https:\/\/varmeco.de\/it\/sortiment-pufferspeicher\/\">Serbatoio di stoccaggio del tampone<\/a> (serbatoio di accumulo del riscaldamento) rende l'acqua pi\u00f9 calda in alto e pi\u00f9 fredda in basso, garantendo cos\u00ec una grande differenza tra le temperature di mandata e di ritorno.<\/p><h2>Duplice vantaggio dell'utilizzo del calore di scarto: uso efficiente dell'energia rinnovabile<\/h2><p>Questo aspetto \u00e8 fondamentale per l'utilizzo del calore di scarto. Ad esempio, se una fonte di calore di scarto fornisce un livello di temperatura di 40 \u00b0C, ma per la preparazione dell'acqua calda sanitaria sono necessari pi\u00f9 di 60 \u00b0C, l'eXergiemaschine porta il calore a questo livello. Allo stesso tempo, la zona inferiore dell'accumulatore - il ritorno alla fonte di calore - viene raffreddata, il che garantisce una maggiore efficienza per la maggior parte delle fonti di calore (compresi i sistemi di raffreddamento di cui sopra).<\/p><p>L'eXergiemaschine svolge quindi una duplice funzione: Trasforma il calore di scarto in calore facilmente utilizzabile e offre vantaggi per il funzionamento delle fonti di calore (di scarto).<\/p><h2>Utilizzare meglio le energie rinnovabili<\/h2><p>La diffusione della temperatura ottenuta dal nostro eXergiemaschine si rivela utile anche nei sistemi per le energie rinnovabili. Gli impianti solari termici possono essere gestiti con un rendimento annuo pi\u00f9 elevato, i moduli ibridi (che combinano <a href=\"https:\/\/varmeco.de\/it\/solarthermie\/\">Energia solare termica<\/a> Grazie al raffreddamento supplementare, le pompe di calore possono lavorare al loro punto di funzionamento ideale e con la massima efficienza. Ci\u00f2 rende l'eXergiemaschine un partner ideale per i sistemi di riscaldamento in cui l'energia rinnovabile deve essere utilizzata nel modo pi\u00f9 efficace possibile.<\/p><p>Per saperne di pi\u00f9 sull'eXergiemaschine, consultare il sito web <a href=\"http:\/\/www.exergiemaschine.com\" rel=\"nofollow noopener\" target=\"_blank\">www.exergiemaschine.com<\/a>.<\/p>\t\t\t\t\t\t\t\t<\/div>\n\t\t\t\t<\/div>\n\t\t\t\t<\/div>\n\t\t\t\t\t<\/div>\n\t\t\t\t<\/div>\n\t\t\t\t<\/div>","protected":false},"excerpt":{"rendered":"<p>So funktioniert die Abw\u00e4rmenutzung\u00a0\u00a0 In vielen Betrieben entsteht Prozess- bzw. Abw\u00e4rme, die (noch) ungenutzt an die Umgebung entweicht. Eine Abw\u00e4rmenutzung [&hellip;]<\/p>\n","protected":false},"author":2,"featured_media":0,"parent":0,"menu_order":0,"comment_status":"closed","ping_status":"closed","template":"","meta":{"_acf_changed":false,"site-sidebar-layout":"no-sidebar","site-content-layout":"page-builder","ast-site-content-layout":"full-width-container","site-content-style":"default","site-sidebar-style":"default","ast-global-header-display":"","ast-banner-title-visibility":"","ast-main-header-display":"","ast-hfb-above-header-display":"","ast-hfb-below-header-display":"","ast-hfb-mobile-header-display":"","site-post-title":"disabled","ast-breadcrumbs-content":"","ast-featured-img":"disabled","footer-sml-layout":"","ast-disable-related-posts":"","theme-transparent-header-meta":"","adv-header-id-meta":"","stick-header-meta":"","header-above-stick-meta":"","header-main-stick-meta":"","header-below-stick-meta":"","astra-migrate-meta-layouts":"set","ast-page-background-enabled":"default","ast-page-background-meta":{"desktop":{"background-color":"","background-image":"","background-repeat":"repeat","background-position":"center center","background-size":"auto","background-attachment":"scroll","background-type":"","background-media":"","overlay-type":"","overlay-color":"","overlay-opacity":"","overlay-gradient":""},"tablet":{"background-color":"","background-image":"","background-repeat":"repeat","background-position":"center center","background-size":"auto","background-attachment":"scroll","background-type":"","background-media":"","overlay-type":"","overlay-color":"","overlay-opacity":"","overlay-gradient":""},"mobile":{"background-color":"","background-image":"","background-repeat":"repeat","background-position":"center center","background-size":"auto","background-attachment":"scroll","background-type":"","background-media":"","overlay-type":"","overlay-color":"","overlay-opacity":"","overlay-gradient":""}},"ast-content-background-meta":{"desktop":{"background-color":"var(--ast-global-color-5)","background-image":"","background-repeat":"repeat","background-position":"center center","background-size":"auto","background-attachment":"scroll","background-type":"","background-media":"","overlay-type":"","overlay-color":"","overlay-opacity":"","overlay-gradient":""},"tablet":{"background-color":"var(--ast-global-color-5)","background-image":"","background-repeat":"repeat","background-position":"center center","background-size":"auto","background-attachment":"scroll","background-type":"","background-media":"","overlay-type":"","overlay-color":"","overlay-opacity":"","overlay-gradient":""},"mobile":{"background-color":"var(--ast-global-color-5)","background-image":"","background-repeat":"repeat","background-position":"center center","background-size":"auto","background-attachment":"scroll","background-type":"","background-media":"","overlay-type":"","overlay-color":"","overlay-opacity":"","overlay-gradient":""}},"footnotes":""},"folder":[],"class_list":["post-10651","page","type-page","status-publish","hentry"],"acf":[],"_links":{"self":[{"href":"https:\/\/varmeco.de\/it\/wp-json\/wp\/v2\/pages\/10651","targetHints":{"allow":["GET"]}}],"collection":[{"href":"https:\/\/varmeco.de\/it\/wp-json\/wp\/v2\/pages"}],"about":[{"href":"https:\/\/varmeco.de\/it\/wp-json\/wp\/v2\/types\/page"}],"author":[{"embeddable":true,"href":"https:\/\/varmeco.de\/it\/wp-json\/wp\/v2\/users\/2"}],"replies":[{"embeddable":true,"href":"https:\/\/varmeco.de\/it\/wp-json\/wp\/v2\/comments?post=10651"}],"version-history":[{"count":15,"href":"https:\/\/varmeco.de\/it\/wp-json\/wp\/v2\/pages\/10651\/revisions"}],"predecessor-version":[{"id":23723,"href":"https:\/\/varmeco.de\/it\/wp-json\/wp\/v2\/pages\/10651\/revisions\/23723"}],"wp:attachment":[{"href":"https:\/\/varmeco.de\/it\/wp-json\/wp\/v2\/media?parent=10651"}],"wp:term":[{"taxonomy":"folder","embeddable":true,"href":"https:\/\/varmeco.de\/it\/wp-json\/wp\/v2\/folder?post=10651"}],"curies":[{"name":"wp","href":"https:\/\/api.w.org\/{rel}","templated":true}]}}