{"id":10653,"date":"2024-06-11T16:38:13","date_gmt":"2024-06-11T14:38:13","guid":{"rendered":"https:\/\/varmeco.de\/?page_id=10653"},"modified":"2026-01-16T15:10:09","modified_gmt":"2026-01-16T14:10:09","slug":"solarthermie-heimlicher-champion","status":"publish","type":"page","link":"https:\/\/varmeco.de\/it\/themenwelten\/solarthermie-heimlicher-champion\/","title":{"rendered":"Energia solare termica: il campione segreto"},"content":{"rendered":"<div data-elementor-type=\"wp-page\" data-elementor-id=\"10653\" class=\"elementor elementor-10653\" data-elementor-post-type=\"page\">\n\t\t\t\t<div class=\"elementor-element elementor-element-61a6d6b e-flex e-con-boxed e-con e-parent\" data-id=\"61a6d6b\" data-element_type=\"container\" data-e-type=\"container\">\n\t\t\t\t\t<div class=\"e-con-inner\">\n\t\t\t\t<div class=\"elementor-element elementor-element-95c686e elementor-widget elementor-widget-text-editor\" data-id=\"95c686e\" data-element_type=\"widget\" data-e-type=\"widget\" data-widget_type=\"text-editor.default\">\n\t\t\t\t<div class=\"elementor-widget-container\">\n\t\t\t\t\t\t\t\t\t<h1>Energia solare termica: il campione segreto della transizione del riscaldamento<\/h1><p>L'uso dell'energia solare termica nella tecnologia energetica degli edifici offre molti vantaggi. Il sole fornisce ogni giorno un enorme potenziale energetico, che in Germania supera di molte volte il consumo di energia primaria. Rispetto ai combustibili fossili come il carbone, il gas naturale o il petrolio, che sono limitati, l'energia solare \u00e8 praticamente inesauribile. Ci\u00f2 rende i sistemi solari una fonte di energia sostenibile, rispettosa del clima e a prova di futuro.<\/p>\t\t\t\t\t\t\t\t<\/div>\n\t\t\t\t<\/div>\n\t\t\t\t\t<\/div>\n\t\t\t\t<\/div>\n\t\t<div class=\"elementor-element elementor-element-5c5dea3 e-flex e-con-boxed e-con e-parent\" data-id=\"5c5dea3\" data-element_type=\"container\" data-e-type=\"container\">\n\t\t\t\t\t<div class=\"e-con-inner\">\n\t\t\t\t<div class=\"elementor-element elementor-element-7c48b86 elementor-widget elementor-widget-text-editor\" data-id=\"7c48b86\" data-element_type=\"widget\" data-e-type=\"widget\" data-widget_type=\"text-editor.default\">\n\t\t\t\t<div class=\"elementor-widget-container\">\n\t\t\t\t\t\t\t\t\t<h2>L'efficienza dei costi e la tutela dell'ambiente di un impianto solare parlano da sole<\/h2><p>L'energia solare termica pu\u00f2 rendere le aziende e le famiglie meno dipendenti dai combustibili fossili come il gasolio da riscaldamento e il gas naturale. Con un sistema solare termico, gli operatori possono ridurre i costi energetici e allo stesso tempo proteggere l'ambiente. A differenza della combustione di combustibili fossili, l'utilizzo di un sistema solare termico per generare calore non produce emissioni dannose per l'ambiente e il clima. In questo modo si riduce l'impronta ecologica.<\/p><p>Il suo utilizzo riduce anche i costi energetici. Il calore fornito dall'impianto solare alleggerisce gli altri generatori di calore e consente di risparmiare gasolio, pellet o gas naturale. Poich\u00e9 l'energia solare \u00e8 gratuita, pu\u00f2 contribuire in modo significativo a ridurre i costi energetici di un edificio.<\/p>\t\t\t\t\t\t\t\t<\/div>\n\t\t\t\t<\/div>\n\t\t\t\t\t<\/div>\n\t\t\t\t<\/div>\n\t\t<div class=\"elementor-element elementor-element-1f2fc12 e-flex e-con-boxed e-con e-parent\" data-id=\"1f2fc12\" data-element_type=\"container\" data-e-type=\"container\">\n\t\t\t\t\t<div class=\"e-con-inner\">\n\t\t\t\t<div class=\"elementor-element elementor-element-f347df5 elementor-widget elementor-widget-text-editor\" data-id=\"f347df5\" data-element_type=\"widget\" data-e-type=\"widget\" data-widget_type=\"text-editor.default\">\n\t\t\t\t<div class=\"elementor-widget-container\">\n\t\t\t\t\t\t\t\t\t<h2>Cosa vi offre l'energia solare termica<\/h2><p>Riduzione dei costi:<\/p><ul><li>Il sole illumina gratuitamente il vostro impianto solare, facendovi risparmiare sui costi energetici<\/li><li>L'energia solare termica vi rende meno dipendenti dalle fluttuazioni dei prezzi dei combustibili fossili.<\/li><\/ul><p>Proteggere il clima:<\/p><ul><li>L'energia solare termica non provoca emissioni, l'impianto solare funziona a CO<sub>2<\/sub>-Libero<\/li><\/ul>\t\t\t\t\t\t\t\t<\/div>\n\t\t\t\t<\/div>\n\t\t\t\t\t<\/div>\n\t\t\t\t<\/div>\n\t\t<div class=\"elementor-element elementor-element-c334d56 e-flex e-con-boxed e-con e-parent\" data-id=\"c334d56\" data-element_type=\"container\" data-e-type=\"container\">\n\t\t\t\t\t<div class=\"e-con-inner\">\n\t\t\t\t<div class=\"elementor-element elementor-element-ed44a43 elementor-widget elementor-widget-text-editor\" data-id=\"ed44a43\" data-element_type=\"widget\" data-e-type=\"widget\" data-widget_type=\"text-editor.default\">\n\t\t\t\t<div class=\"elementor-widget-container\">\n\t\t\t\t\t\t\t\t\t<h3>L'energia solare termica - un componente del sistema che padroneggiamo<\/h3><p>Da oltre 40 anni varmeco si occupa di energia solare termica, del controllo degli scaldacqua, del caricamento ottimale di un impianto di riscaldamento. <a href=\"https:\/\/varmeco.de\/it\/sortiment-pufferspeicher\/\">Serbatoio tampone<\/a> e il collegamento intelligente di tutti i componenti di un sistema di riscaldamento e acqua calda. Il risultato \u00e8 un portafoglio di prodotti armonizzato che comprende, ad esempio<\/p><ul><li>Il <a href=\"https:\/\/varmeco.de\/it\/produkte\/heizungssystemtechnik\/varcon380\/\">Controllore di sistema VarCon380<\/a>che persegue un approccio olistico al sistema e armonizza un impianto solare termico con gli altri componenti di un sistema di riscaldamento.<\/li><li>La stazione <a href=\"https:\/\/varmeco.de\/it\/produkte\/solarthermie\/vario-sol-nova-2-0\/\">VARIO sol-nova<\/a>che integra l'energia solare termica nel sistema complessivo e consente di ottenere un elevato rendimento dall'impianto solare termico.<\/li><li>Il\u00a0<a href=\"https:\/\/varmeco.de\/it\/produkte\/frischwassertechnik\/vario-fresh-nova\/\" target=\"_blank\" rel=\"noopener\">VARIO fresh-nova<\/a>-Scaldacqua istantaneo che riscalda l'acqua potabile in modo igienico.<\/li><li>Il nostro nuovo prodotto, il\u00a0<a href=\"https:\/\/varmeco.de\/it\/produkte\/exergiemaschine\/\" target=\"_blank\" rel=\"noopener\">eXergiemaschine<\/a>Pu\u00f2 portare l'energia termica a bassa temperatura a un livello pi\u00f9 alto e renderla pi\u00f9 utilizzabile per la fornitura di calore. Questo aumenta il rendimento di un sistema solare termico quando l'intensit\u00e0 del sole \u00e8 bassa, ad esempio.<\/li><\/ul>\t\t\t\t\t\t\t\t<\/div>\n\t\t\t\t<\/div>\n\t\t\t\t\t<\/div>\n\t\t\t\t<\/div>\n\t\t\t\t<\/div>","protected":false},"excerpt":{"rendered":"<p>Solarthermie: der heimliche Champion der W\u00e4rmewende Die Nutzung der Solarthermie in der Geb\u00e4udeenergietechnik bietet viele Vorteile. Die Sonne liefert t\u00e4glich [&hellip;]<\/p>\n","protected":false},"author":2,"featured_media":0,"parent":0,"menu_order":0,"comment_status":"closed","ping_status":"closed","template":"","meta":{"_acf_changed":false,"site-sidebar-layout":"no-sidebar","site-content-layout":"page-builder","ast-site-content-layout":"full-width-container","site-content-style":"default","site-sidebar-style":"default","ast-global-header-display":"","ast-banner-title-visibility":"","ast-main-header-display":"","ast-hfb-above-header-display":"","ast-hfb-below-header-display":"","ast-hfb-mobile-header-display":"","site-post-title":"disabled","ast-breadcrumbs-content":"","ast-featured-img":"disabled","footer-sml-layout":"","ast-disable-related-posts":"","theme-transparent-header-meta":"","adv-header-id-meta":"","stick-header-meta":"","header-above-stick-meta":"","header-main-stick-meta":"","header-below-stick-meta":"","astra-migrate-meta-layouts":"set","ast-page-background-enabled":"default","ast-page-background-meta":{"desktop":{"background-color":"","background-image":"","background-repeat":"repeat","background-position":"center center","background-size":"auto","background-attachment":"scroll","background-type":"","background-media":"","overlay-type":"","overlay-color":"","overlay-opacity":"","overlay-gradient":""},"tablet":{"background-color":"","background-image":"","background-repeat":"repeat","background-position":"center center","background-size":"auto","background-attachment":"scroll","background-type":"","background-media":"","overlay-type":"","overlay-color":"","overlay-opacity":"","overlay-gradient":""},"mobile":{"background-color":"","background-image":"","background-repeat":"repeat","background-position":"center center","background-size":"auto","background-attachment":"scroll","background-type":"","background-media":"","overlay-type":"","overlay-color":"","overlay-opacity":"","overlay-gradient":""}},"ast-content-background-meta":{"desktop":{"background-color":"var(--ast-global-color-5)","background-image":"","background-repeat":"repeat","background-position":"center center","background-size":"auto","background-attachment":"scroll","background-type":"","background-media":"","overlay-type":"","overlay-color":"","overlay-opacity":"","overlay-gradient":""},"tablet":{"background-color":"var(--ast-global-color-5)","background-image":"","background-repeat":"repeat","background-position":"center center","background-size":"auto","background-attachment":"scroll","background-type":"","background-media":"","overlay-type":"","overlay-color":"","overlay-opacity":"","overlay-gradient":""},"mobile":{"background-color":"var(--ast-global-color-5)","background-image":"","background-repeat":"repeat","background-position":"center center","background-size":"auto","background-attachment":"scroll","background-type":"","background-media":"","overlay-type":"","overlay-color":"","overlay-opacity":"","overlay-gradient":""}},"footnotes":""},"folder":[],"class_list":["post-10653","page","type-page","status-publish","hentry"],"acf":[],"_links":{"self":[{"href":"https:\/\/varmeco.de\/it\/wp-json\/wp\/v2\/pages\/10653","targetHints":{"allow":["GET"]}}],"collection":[{"href":"https:\/\/varmeco.de\/it\/wp-json\/wp\/v2\/pages"}],"about":[{"href":"https:\/\/varmeco.de\/it\/wp-json\/wp\/v2\/types\/page"}],"author":[{"embeddable":true,"href":"https:\/\/varmeco.de\/it\/wp-json\/wp\/v2\/users\/2"}],"replies":[{"embeddable":true,"href":"https:\/\/varmeco.de\/it\/wp-json\/wp\/v2\/comments?post=10653"}],"version-history":[{"count":18,"href":"https:\/\/varmeco.de\/it\/wp-json\/wp\/v2\/pages\/10653\/revisions"}],"predecessor-version":[{"id":20214,"href":"https:\/\/varmeco.de\/it\/wp-json\/wp\/v2\/pages\/10653\/revisions\/20214"}],"wp:attachment":[{"href":"https:\/\/varmeco.de\/it\/wp-json\/wp\/v2\/media?parent=10653"}],"wp:term":[{"taxonomy":"folder","embeddable":true,"href":"https:\/\/varmeco.de\/it\/wp-json\/wp\/v2\/folder?post=10653"}],"curies":[{"name":"wp","href":"https:\/\/api.w.org\/{rel}","templated":true}]}}