{"id":10657,"date":"2024-06-11T16:37:47","date_gmt":"2024-06-11T14:37:47","guid":{"rendered":"https:\/\/varmeco.de\/?page_id=10657"},"modified":"2025-12-15T17:54:52","modified_gmt":"2025-12-15T16:54:52","slug":"heizungssystemtechnik-waermestroeme-steuern","status":"publish","type":"page","link":"https:\/\/varmeco.de\/it\/themenwelten\/heizungssystemtechnik-waermestroeme-steuern\/","title":{"rendered":"Tecnologia dei sistemi di riscaldamento - Controllo dei flussi di calore"},"content":{"rendered":"<div data-elementor-type=\"wp-page\" data-elementor-id=\"10657\" class=\"elementor elementor-10657\" data-elementor-post-type=\"page\">\n\t\t\t\t\t\t<section class=\"elementor-section elementor-top-section elementor-element elementor-element-ceedd66 elementor-section-boxed elementor-section-height-default elementor-section-height-default\" data-id=\"ceedd66\" data-element_type=\"section\" data-e-type=\"section\">\n\t\t\t\t\t\t<div class=\"elementor-container elementor-column-gap-default\">\n\t\t\t\t\t<div class=\"elementor-column elementor-col-100 elementor-top-column elementor-element elementor-element-bba9a6c\" data-id=\"bba9a6c\" data-element_type=\"column\" data-e-type=\"column\">\n\t\t\t<div class=\"elementor-widget-wrap elementor-element-populated\">\n\t\t\t\t\t\t<div class=\"elementor-element elementor-element-669a49b elementor-widget elementor-widget-text-editor\" data-id=\"669a49b\" data-element_type=\"widget\" data-e-type=\"widget\" data-widget_type=\"text-editor.default\">\n\t\t\t\t<div class=\"elementor-widget-container\">\n\t\t\t\t\t\t\t\t\t<h1>Controllo degli scambiatori di calore, controllo intelligente dei flussi di calore<\/h1>\n<p>La tecnologia dei nostri sistemi di riscaldamento \u00e8 la chiave per un utilizzo efficiente dell'energia. Garantisce l'interazione regolare di tutte le fonti e le utenze di calore, come gli scaldacqua (scaldacqua istantanei), i bollitori, i generatori di calore, compresi gli impianti solari termici e i circuiti di riscaldamento. Un sistema di gestione del calore centralizzato regola l'uso degli scambiatori di calore e delle pompe. Regola i flussi di calore in modo preciso e in linea con la domanda. In questo modo si ottiene un utilizzo efficace del calore e si massimizza l'efficienza energetica dell'impianto.<\/p>\n<h2>Soluzioni personalizzate per i vostri flussi di calore<\/h2>\n<p>I nostri prodotti consentono soluzioni personalizzate per il vostro sistema di riscaldamento. Il <a href=\"https:\/\/varmeco.de\/it\/produkte\/heizungssystemtechnik\/varcon380\/\">VarCon380<\/a> ad esempio, consente l'integrazione di vari moduli funzionali, crea trasparenza su tutti i flussi di calore attraverso il monitoraggio e offre una registrazione integrata dei dati. Il funzionamento e la manutenzione remota sono possibili tramite dispositivi finali basati su browser o display touch opzionali. In questo modo il controllore di sistema \u00e8 ancora pi\u00f9 facile da usare.<\/p>\n<p>Se necessario, possiamo anche collegare l'impianto a un sistema di gestione dell'edificio o al varmeco Management Server e offrire visualizzazioni dell'impianto. In questo modo \u00e8 possibile monitorare l'impianto di riscaldamento, compresi tutti i flussi di calore, con un'interfaccia utente chiara e ottimizzarlo (o farlo ottimizzare) in termini di comfort e consumo energetico.<\/p>\n<h3>Tecnologia efficiente per l'acqua dolce per le esigenze pi\u00f9 elevate<\/h3>\n<p>Il nostro <a href=\"https:\/\/varmeco.de\/it\/produkte\/frischwassertechnik\/\">Tecnologia dell'acqua dolce<\/a> (stazione di acqua dolce) stabilisce standard in termini di efficienza e prestazioni. I riscaldatori di acqua dolce funzionano solo quando \u00e8 necessario: quando si preleva l'acqua calda sanitaria o la circolazione dell'acqua calda richiede un riscaldamento supplementare. Ci\u00f2 significa che la stazione dell'acqua dolce richiede la minor quantit\u00e0 di energia possibile. Allo stesso tempo, il sistema di controllo garantisce la massima convenienza dell'acqua calda - l'acqua calda sanitaria viene fornita praticamente al grado - e consente di risparmiare risorse preziose.<\/p>\n<h2>Esperti di flussi di calore, utilizzo del calore e recupero del calore<\/h2>\n<p>Noi di varmeco siamo orgogliosi non solo di offrire prodotti all'avanguardia, ma anche di fornire un'esperienza completa nella progettazione della tecnologia di sistema e dell'ingegneria di controllo necessarie. Questo include l'utilizzo ottimale del calore, il recupero del calore e il minor utilizzo possibile di fonti di calore fossili. Ci\u00f2 si ottiene attraverso una gestione intelligente delle fonti e dei flussi di calore, privilegiando le fonti di calore rinnovabili, quali <a href=\"https:\/\/varmeco.de\/it\/produkte\/solarthermie\/\">Energia solare termica<\/a>Oppure attraverso il recupero del calore o l'utilizzo del calore residuo - un approccio promettente nel settore commerciale, dove i sistemi di raffreddamento e refrigerazione, ad esempio, spesso forniscono calore residuo che pu\u00f2 essere reso disponibile per la tecnologia di riscaldamento con l'aiuto del nostro eXergiemaschine. Oppure nelle piscine coperte, l'energia delle acque reflue calde pu\u00f2 essere utilizzata per il riscaldamento dell'acqua della piscina con recupero di calore. L'elenco degli esempi possibili sembra infinito...<\/p>\n<p>I nostri esperti saranno lieti di consigliarvi e collaborare con voi per trovare la soluzione migliore per il vostro progetto specifico, che si tratti di un edificio residenziale, di strutture pubbliche o centri sportivi, di attivit\u00e0 commerciali o di uso industriale. Vi mostreremo come rendere pi\u00f9 efficienti i vostri flussi di calore attraverso il recupero del calore.<\/p>\n<h3>Cosa \u00e8 importante per uno scambiatore di calore<\/h3>\n<p>Il trasferimento di calore \u00e8 di grande importanza negli impianti di riscaldamento. Pertanto, nella scelta di uno scambiatore di calore (a piastre) \u00e8 necessario tenere conto delle seguenti caratteristiche:<\/p>\n<ul>\n<li>Compattezza - design salvaspazio con elevata efficienza e maggiori requisiti di sicurezza operativa<\/li>\n<li>Design - design ottimizzato a favore di una lunga durata e di una bassa tendenza allo sporco<\/li>\n<li>Area: il fattore decisivo \u00e8 l'area utilizzabile dello scambiatore di calore, cio\u00e8 l'area attiva. L'area installata (solitamente designata) non pu\u00f2 essere utilizzata per 100%.<\/li>\n<li>Perdite di pressione: una perdita di pressione troppo elevata comporta un maggiore fabbisogno energetico e quindi costi operativi pi\u00f9 elevati. D'altra parte, una perdita di pressione troppo bassa porta a una scarsa turbolenza, a uno scarso trasferimento di calore e a una maggiore predisposizione alle incrostazioni. Una perdita di pressione elevata favorisce la forza di taglio sulla piastra e quindi l'effetto autopulente dello scambiatore di calore a piastre.<\/li>\n<li>Granulometria - Gli scambiatori di calore devono essere progettati in base a condizioni operative realistiche. Tuttavia, una regolazione molto piccola della granulometria pu\u00f2 avere un impatto molto grande sulle dimensioni e sul prezzo di uno scambiatore di calore. Un gradiente troppo piccolo rende lo scambiatore grande e quindi costoso.<\/li>\n<li>Distribuzione del fluido: \u00e8 necessaria una distribuzione ottimale dell'afflusso per servire i canali in modo uniforme e utilizzare la superficie in modo efficiente. Velocit\u00e0 diverse nei canali fanno s\u00ec che alcune aree siano scarsamente utilizzate. Ci\u00f2 riduce le prestazioni e favorisce l'incrostazione (e persino l'ostruzione) dello scambiatore di calore.<\/li>\n<li>Profondit\u00e0 della lastra - un criterio che di solito viene ignorato \u00e8 la profondit\u00e0 della lastra. Questa deve essere selezionata in base al supporto utilizzato.<\/li>\n<li>Facilit\u00e0 di manutenzione - gli scambiatori di calore di facile manutenzione sono semplici da aprire e chiudere e possono essere rapidamente richiusi (tempi di fermo ridotti).<\/li>\n<\/ul>\t\t\t\t\t\t\t\t<\/div>\n\t\t\t\t<\/div>\n\t\t\t\t\t<\/div>\n\t\t<\/div>\n\t\t\t\t\t<\/div>\n\t\t<\/section>\n\t\t\t\t<\/div>","protected":false},"excerpt":{"rendered":"<p>W\u00e4rmetauscher regeln, W\u00e4rmestr\u00f6me intelligent steuern Unsere Heizungssystemtechnik ist der Schl\u00fcssel zu einem effizienten Energieeinsatz. Sie gew\u00e4hrleistet ein reibungsloses Zusammenspiel aller [&hellip;]<\/p>\n","protected":false},"author":2,"featured_media":0,"parent":0,"menu_order":0,"comment_status":"closed","ping_status":"closed","template":"","meta":{"_acf_changed":false,"site-sidebar-layout":"no-sidebar","site-content-layout":"page-builder","ast-site-content-layout":"full-width-container","site-content-style":"default","site-sidebar-style":"default","ast-global-header-display":"","ast-banner-title-visibility":"","ast-main-header-display":"","ast-hfb-above-header-display":"","ast-hfb-below-header-display":"","ast-hfb-mobile-header-display":"","site-post-title":"disabled","ast-breadcrumbs-content":"","ast-featured-img":"disabled","footer-sml-layout":"","ast-disable-related-posts":"","theme-transparent-header-meta":"","adv-header-id-meta":"","stick-header-meta":"","header-above-stick-meta":"","header-main-stick-meta":"","header-below-stick-meta":"","astra-migrate-meta-layouts":"set","ast-page-background-enabled":"default","ast-page-background-meta":{"desktop":{"background-color":"","background-image":"","background-repeat":"repeat","background-position":"center center","background-size":"auto","background-attachment":"scroll","background-type":"","background-media":"","overlay-type":"","overlay-color":"","overlay-opacity":"","overlay-gradient":""},"tablet":{"background-color":"","background-image":"","background-repeat":"repeat","background-position":"center center","background-size":"auto","background-attachment":"scroll","background-type":"","background-media":"","overlay-type":"","overlay-color":"","overlay-opacity":"","overlay-gradient":""},"mobile":{"background-color":"","background-image":"","background-repeat":"repeat","background-position":"center center","background-size":"auto","background-attachment":"scroll","background-type":"","background-media":"","overlay-type":"","overlay-color":"","overlay-opacity":"","overlay-gradient":""}},"ast-content-background-meta":{"desktop":{"background-color":"var(--ast-global-color-5)","background-image":"","background-repeat":"repeat","background-position":"center center","background-size":"auto","background-attachment":"scroll","background-type":"","background-media":"","overlay-type":"","overlay-color":"","overlay-opacity":"","overlay-gradient":""},"tablet":{"background-color":"var(--ast-global-color-5)","background-image":"","background-repeat":"repeat","background-position":"center center","background-size":"auto","background-attachment":"scroll","background-type":"","background-media":"","overlay-type":"","overlay-color":"","overlay-opacity":"","overlay-gradient":""},"mobile":{"background-color":"var(--ast-global-color-5)","background-image":"","background-repeat":"repeat","background-position":"center center","background-size":"auto","background-attachment":"scroll","background-type":"","background-media":"","overlay-type":"","overlay-color":"","overlay-opacity":"","overlay-gradient":""}},"footnotes":""},"folder":[],"class_list":["post-10657","page","type-page","status-publish","hentry"],"acf":[],"_links":{"self":[{"href":"https:\/\/varmeco.de\/it\/wp-json\/wp\/v2\/pages\/10657","targetHints":{"allow":["GET"]}}],"collection":[{"href":"https:\/\/varmeco.de\/it\/wp-json\/wp\/v2\/pages"}],"about":[{"href":"https:\/\/varmeco.de\/it\/wp-json\/wp\/v2\/types\/page"}],"author":[{"embeddable":true,"href":"https:\/\/varmeco.de\/it\/wp-json\/wp\/v2\/users\/2"}],"replies":[{"embeddable":true,"href":"https:\/\/varmeco.de\/it\/wp-json\/wp\/v2\/comments?post=10657"}],"version-history":[{"count":9,"href":"https:\/\/varmeco.de\/it\/wp-json\/wp\/v2\/pages\/10657\/revisions"}],"predecessor-version":[{"id":19564,"href":"https:\/\/varmeco.de\/it\/wp-json\/wp\/v2\/pages\/10657\/revisions\/19564"}],"wp:attachment":[{"href":"https:\/\/varmeco.de\/it\/wp-json\/wp\/v2\/media?parent=10657"}],"wp:term":[{"taxonomy":"folder","embeddable":true,"href":"https:\/\/varmeco.de\/it\/wp-json\/wp\/v2\/folder?post=10657"}],"curies":[{"name":"wp","href":"https:\/\/api.w.org\/{rel}","templated":true}]}}