{"id":10659,"date":"2024-06-11T16:28:56","date_gmt":"2024-06-11T14:28:56","guid":{"rendered":"https:\/\/varmeco.de\/?page_id=10659"},"modified":"2025-10-29T14:01:12","modified_gmt":"2025-10-29T13:01:12","slug":"durchlauferhitzer-gegen-legionellen","status":"publish","type":"page","link":"https:\/\/varmeco.de\/it\/themenwelten\/durchlauferhitzer-gegen-legionellen\/","title":{"rendered":"Scaldabagno istantaneo contro la legionella"},"content":{"rendered":"<div data-elementor-type=\"wp-page\" data-elementor-id=\"10659\" class=\"elementor elementor-10659\" data-elementor-post-type=\"page\">\n\t\t\t\t\t\t<section class=\"elementor-section elementor-top-section elementor-element elementor-element-88f2dd6 elementor-section-boxed elementor-section-height-default elementor-section-height-default\" data-id=\"88f2dd6\" data-element_type=\"section\" data-e-type=\"section\">\n\t\t\t\t\t\t<div class=\"elementor-container elementor-column-gap-default\">\n\t\t\t\t\t<div class=\"elementor-column elementor-col-100 elementor-top-column elementor-element elementor-element-475f285\" data-id=\"475f285\" data-element_type=\"column\" data-e-type=\"column\">\n\t\t\t<div class=\"elementor-widget-wrap elementor-element-populated\">\n\t\t\t\t\t\t<div class=\"elementor-element elementor-element-df8f823 elementor-widget elementor-widget-text-editor\" data-id=\"df8f823\" data-element_type=\"widget\" data-e-type=\"widget\" data-widget_type=\"text-editor.default\">\n\t\t\t\t<div class=\"elementor-widget-container\">\n\t\t\t\t\t\t\t\t\t<h1>Gli scaldacqua istantanei proteggono dalla legionella<\/h1><p>La tecnologia varmeco per l'acqua dolce utilizza scaldacqua istantanei per la preparazione dell'acqua calda sanitaria ed \u00e8 sinonimo di efficienza energetica e igiene. Germi come la legionella (che pu\u00f2 causare una pericolosa malattia polmonare) vengono inibiti nella loro crescita. Ci\u00f2 \u00e8 garantito dal principio di funzionamento, che rende superflua la fornitura di acqua calda sanitaria in un accumulatore di acqua calda. Con il cosiddetto scaldacqua istantaneo, l'acqua calda viene messa a disposizione quando se ne ha veramente bisogno.<\/p><p>Con la tecnologia ad acqua dolce, l'acqua di riscaldamento immagazzinata in un bollitore viene utilizzata per riscaldare l'acqua potabile fresca alla giusta temperatura in uno scaldacqua istantaneo senza contatto. La separazione tra acqua di riscaldamento e acqua potabile riduce significativamente il rischio di legionella, in quanto il principio dello scaldacqua istantaneo impedisce all'acqua potabile calda di rimanere ferma per lunghi periodi di tempo. In un accumulatore di acqua calda sanitaria, invece, come accadeva in passato, la proliferazione della legionella deve essere prevenuta riscaldando regolarmente l'intero contenuto dell'accumulatore al di sopra dei 60 \u00b0C. Ci\u00f2 richiede grandi quantit\u00e0 di energia. Ci\u00f2 richiede grandi quantit\u00e0 di energia.<\/p><h2>Riscaldare su richiesta con lo scaldacqua istantaneo invece di accumulare acqua calda sanitaria<\/h2><p>La preparazione dell'acqua calda nello scaldacqua istantaneo offre vantaggi energetici anche per un altro motivo, poich\u00e9 l'acqua viene riscaldata in base alle esigenze. Quando si apre il rubinetto dell'acqua calda, il regolatore VarCon211 integrato dello scaldacqua varmeco <a href=\"https:\/\/varmeco.de\/it\/produkte\/frischwassertechnik\/vario-fresh-nova\/\">VARIO fresh-nova<\/a> il flusso volumetrico e attiva la pompa di carico a velocit\u00e0 controllata. Questa pompa l'acqua dal bollitore di riscaldamento attraverso il <a href=\"https:\/\/varmeco.de\/it\/heizungssystemtechnik\/\">Scambiatore di calore<\/a> dello scaldacqua istantaneo - e solo la quantit\u00e0 necessaria a coprire il fabbisogno attuale di acqua calda.<\/p><h2>Scaldabagno istantaneo con controllo adattivo<\/h2><p>Per garantire il massimo comfort e un'elevata efficienza, la temperatura dell'acqua calda pu\u00f2 essere regolata in base alla domanda attraverso 6 punti di commutazione per giorno della settimana. Le informazioni sul riscaldamento dell'acqua calda vengono continuamente elaborate dalla rete neurale (un processo di intelligenza artificiale) del regolatore. In questo modo il regolatore \"impara\" e adatta il suo comportamento alle condizioni di funzionamento. Questo non solo garantisce una maggiore sicurezza nella prevenzione della legionella, ma anche un elevato livello di comfort operativo.<\/p><p><span style=\"color: var( --e-global-color-text ); font-family: var( --e-global-typography-text-font-family ), Sans-serif; font-size: 17px;\">La nostra tecnologia per l'acqua dolce \u00e8 scalabile: il portafoglio di apparecchi copre una gamma di capacit\u00e0 di rubinetto da circa 20 a 400 l\/min. Ci\u00f2 significa che \u00e8 possibile trovare lo scaldacqua istantaneo giusto per ogni esigenza.<\/span><\/p><h3>VARIO fresh-nova - il nostro prodotto classico<\/h3><p>Questo \u00e8 ci\u00f2 che vi offre la famiglia di scaldacqua istantanei VARIO fresh-nova:<\/p><ul><li>riscaldamento dell'acqua calda sanitaria orientato alla domanda,<\/li><li>Controllo delle pompe di circolazione per la prevenzione della formazione di legionella<\/li><li>Funzione di commutazione parametrizzabile<\/li><li>Opzionale: controllo di una stringa solare a circuito singolo in base alla differenza di temperatura<\/li><\/ul><h3>La modalit\u00e0 di circolazione impedisce la proliferazione dei batteri della legionella<\/h3><p>La modalit\u00e0 di circolazione garantisce che l'acqua calda sanitaria sia sempre disponibile nel sistema e che esca dal rubinetto con la rapidit\u00e0 necessaria. Allo stesso tempo, la circolazione garantisce che l'acqua calda sanitaria nella rete di tubature sia mantenuta a una temperatura costante e movimentata regolarmente. Ci\u00f2 contrasta la proliferazione dei batteri della legionella nella rete di tubature. La circolazione aumenta quindi il comfort dell'acqua calda e garantisce l'igiene necessaria.<\/p><p>Il controllo integrato della pompa di circolazione riconosce le modalit\u00e0 di funzionamento in funzione della domanda, del tempo e della temperatura. Ad esempio, con l'opzione \"dipendente dalla domanda\", la pompa di circolazione viene avviata dal breve prelievo di acqua calda sanitaria. Una volta raggiunta la temperatura desiderata nel tubo di ritorno del ricircolo (e quindi garantita l'igiene), la pompa si spegne nuovamente con l'opzione \"in funzione della temperatura\". In questo modo, nello scaldacqua istantaneo \u00e8 possibile combinare la comodit\u00e0 dell'acqua calda con il risparmio energetico. Anche le modalit\u00e0 di funzionamento del ricircolo possono essere adattate alle esigenze tramite 6 punti di commutazione per giorno della settimana.<\/p><h3>Quando uno scaldabagno istantaneo non \u00e8 sufficiente: il <a href=\"https:\/\/varmeco.de\/it\/produkte\/frischwassertechnik\/vario-fresh-nova-kaskade\/\">VARIO fresh-nova Kaskade<\/a><\/h3><p>La serie di apparecchi VARIO fresh-nova comprende anche scaldacqua in cascata, controllati elettronicamente, in 13 taglie di potenza nella gamma di potenza nominale da 58 a 684 l\/min. Sono progettati anche come scaldacqua istantanei con scambiatori di calore in acciaio inox. Gli scambiatori di calore a piastre in controcorrente di dimensioni generose garantiscono basse temperature di ritorno e basse perdite di pressione. Il regolatore elettronico VarCon211 utilizza anche una rete neurale adattiva in cascata per ottimizzare automaticamente la regolazione in base alle condizioni di funzionamento.<\/p>\t\t\t\t\t\t\t\t<\/div>\n\t\t\t\t<\/div>\n\t\t\t\t\t<\/div>\n\t\t<\/div>\n\t\t\t\t\t<\/div>\n\t\t<\/section>\n\t\t\t\t<\/div>","protected":false},"excerpt":{"rendered":"<p>Durchlauferhitzer schaffen Schutz vor Legionellen Die varmeco-Frischwassertechnik nutzt Durchlauferhitzer zur Trinkwarmwasserbereitung und steht f\u00fcr Energieeffizienz und Hygiene. Keime wie Legionellen [&hellip;]<\/p>\n","protected":false},"author":2,"featured_media":0,"parent":0,"menu_order":0,"comment_status":"closed","ping_status":"closed","template":"","meta":{"_acf_changed":false,"site-sidebar-layout":"no-sidebar","site-content-layout":"page-builder","ast-site-content-layout":"full-width-container","site-content-style":"default","site-sidebar-style":"default","ast-global-header-display":"","ast-banner-title-visibility":"","ast-main-header-display":"","ast-hfb-above-header-display":"","ast-hfb-below-header-display":"","ast-hfb-mobile-header-display":"","site-post-title":"disabled","ast-breadcrumbs-content":"","ast-featured-img":"disabled","footer-sml-layout":"","ast-disable-related-posts":"","theme-transparent-header-meta":"","adv-header-id-meta":"","stick-header-meta":"","header-above-stick-meta":"","header-main-stick-meta":"","header-below-stick-meta":"","astra-migrate-meta-layouts":"set","ast-page-background-enabled":"default","ast-page-background-meta":{"desktop":{"background-color":"","background-image":"","background-repeat":"repeat","background-position":"center center","background-size":"auto","background-attachment":"scroll","background-type":"","background-media":"","overlay-type":"","overlay-color":"","overlay-opacity":"","overlay-gradient":""},"tablet":{"background-color":"","background-image":"","background-repeat":"repeat","background-position":"center center","background-size":"auto","background-attachment":"scroll","background-type":"","background-media":"","overlay-type":"","overlay-color":"","overlay-opacity":"","overlay-gradient":""},"mobile":{"background-color":"","background-image":"","background-repeat":"repeat","background-position":"center center","background-size":"auto","background-attachment":"scroll","background-type":"","background-media":"","overlay-type":"","overlay-color":"","overlay-opacity":"","overlay-gradient":""}},"ast-content-background-meta":{"desktop":{"background-color":"var(--ast-global-color-5)","background-image":"","background-repeat":"repeat","background-position":"center center","background-size":"auto","background-attachment":"scroll","background-type":"","background-media":"","overlay-type":"","overlay-color":"","overlay-opacity":"","overlay-gradient":""},"tablet":{"background-color":"var(--ast-global-color-5)","background-image":"","background-repeat":"repeat","background-position":"center center","background-size":"auto","background-attachment":"scroll","background-type":"","background-media":"","overlay-type":"","overlay-color":"","overlay-opacity":"","overlay-gradient":""},"mobile":{"background-color":"var(--ast-global-color-5)","background-image":"","background-repeat":"repeat","background-position":"center center","background-size":"auto","background-attachment":"scroll","background-type":"","background-media":"","overlay-type":"","overlay-color":"","overlay-opacity":"","overlay-gradient":""}},"footnotes":""},"folder":[],"class_list":["post-10659","page","type-page","status-publish","hentry"],"acf":[],"_links":{"self":[{"href":"https:\/\/varmeco.de\/it\/wp-json\/wp\/v2\/pages\/10659","targetHints":{"allow":["GET"]}}],"collection":[{"href":"https:\/\/varmeco.de\/it\/wp-json\/wp\/v2\/pages"}],"about":[{"href":"https:\/\/varmeco.de\/it\/wp-json\/wp\/v2\/types\/page"}],"author":[{"embeddable":true,"href":"https:\/\/varmeco.de\/it\/wp-json\/wp\/v2\/users\/2"}],"replies":[{"embeddable":true,"href":"https:\/\/varmeco.de\/it\/wp-json\/wp\/v2\/comments?post=10659"}],"version-history":[{"count":3,"href":"https:\/\/varmeco.de\/it\/wp-json\/wp\/v2\/pages\/10659\/revisions"}],"predecessor-version":[{"id":17312,"href":"https:\/\/varmeco.de\/it\/wp-json\/wp\/v2\/pages\/10659\/revisions\/17312"}],"wp:attachment":[{"href":"https:\/\/varmeco.de\/it\/wp-json\/wp\/v2\/media?parent=10659"}],"wp:term":[{"taxonomy":"folder","embeddable":true,"href":"https:\/\/varmeco.de\/it\/wp-json\/wp\/v2\/folder?post=10659"}],"curies":[{"name":"wp","href":"https:\/\/api.w.org\/{rel}","templated":true}]}}