{"id":1485,"date":"2021-01-04T16:35:42","date_gmt":"2021-01-04T15:35:42","guid":{"rendered":"https:\/\/www2.varmeco.de\/?page_id=1485"},"modified":"2026-04-23T15:04:03","modified_gmt":"2026-04-23T13:04:03","slug":"von-vernetzten-regelsystemen-profitieren","status":"publish","type":"page","link":"https:\/\/varmeco.de\/it\/themenwelten\/von-vernetzten-regelsystemen-profitieren\/","title":{"rendered":"Vantaggi dei sistemi di controllo in rete"},"content":{"rendered":"<div data-elementor-type=\"wp-page\" data-elementor-id=\"1485\" class=\"elementor elementor-1485\" data-elementor-post-type=\"page\">\n\t\t\t\t\t\t<section class=\"elementor-section elementor-top-section elementor-element elementor-element-149df82 elementor-section-content-middle elementor-section-boxed elementor-section-height-default elementor-section-height-default\" data-id=\"149df82\" data-element_type=\"section\" data-e-type=\"section\">\n\t\t\t\t\t\t<div class=\"elementor-container elementor-column-gap-no\">\n\t\t\t\t\t<div class=\"elementor-column elementor-col-100 elementor-top-column elementor-element elementor-element-b939080\" data-id=\"b939080\" data-element_type=\"column\" data-e-type=\"column\">\n\t\t\t<div class=\"elementor-widget-wrap elementor-element-populated\">\n\t\t\t\t\t\t<div class=\"elementor-element elementor-element-578b57f elementor-widget elementor-widget-heading\" data-id=\"578b57f\" data-element_type=\"widget\" data-e-type=\"widget\" data-widget_type=\"heading.default\">\n\t\t\t\t<div class=\"elementor-widget-container\">\n\t\t\t\t\t<h1 class=\"elementor-heading-title elementor-size-default\">Cosa offrono i sistemi di controllo in rete<\/h1>\t\t\t\t<\/div>\n\t\t\t\t<\/div>\n\t\t\t\t\t<\/div>\n\t\t<\/div>\n\t\t\t\t\t<\/div>\n\t\t<\/section>\n\t\t\t\t<section class=\"elementor-section elementor-top-section elementor-element elementor-element-311a4fe elementor-section-boxed elementor-section-height-default elementor-section-height-default\" data-id=\"311a4fe\" data-element_type=\"section\" data-e-type=\"section\">\n\t\t\t\t\t\t<div class=\"elementor-container elementor-column-gap-default\">\n\t\t\t\t\t<div class=\"elementor-column elementor-col-50 elementor-top-column elementor-element elementor-element-137b455\" data-id=\"137b455\" data-element_type=\"column\" data-e-type=\"column\">\n\t\t\t<div class=\"elementor-widget-wrap elementor-element-populated\">\n\t\t\t\t\t\t<div class=\"elementor-element elementor-element-3bfc523 elementor-widget elementor-widget-text-editor\" data-id=\"3bfc523\" data-element_type=\"widget\" data-e-type=\"widget\" data-widget_type=\"text-editor.default\">\n\t\t\t\t<div class=\"elementor-widget-container\">\n\t\t\t\t\t\t\t\t\t<ul><li>Integrazione di tutte le sorgenti, i serbatoi di stoccaggio e le utenze, comprese le pompe, le valvole e i miscelatori.<\/li><li>Dosaggio automatico delle quantit\u00e0 di calore<\/li><li>Il calore scorre senza deviazioni alla giusta temperatura e quantit\u00e0<\/li><li>Logica di controllo predittiva e adattiva e auto-ottimizzante<\/li><\/ul>\t\t\t\t\t\t\t\t<\/div>\n\t\t\t\t<\/div>\n\t\t\t\t\t<\/div>\n\t\t<\/div>\n\t\t\t\t<div class=\"elementor-column elementor-col-50 elementor-top-column elementor-element elementor-element-7f3064a\" data-id=\"7f3064a\" data-element_type=\"column\" data-e-type=\"column\">\n\t\t\t<div class=\"elementor-widget-wrap elementor-element-populated\">\n\t\t\t\t\t\t<div class=\"elementor-element elementor-element-d0c70f2 elementor-widget elementor-widget-text-editor\" data-id=\"d0c70f2\" data-element_type=\"widget\" data-e-type=\"widget\" data-widget_type=\"text-editor.default\">\n\t\t\t\t<div class=\"elementor-widget-container\">\n\t\t\t\t\t\t\t\t\t<ul><li>Gestione efficace del cuscinetto termico<\/li><li>Interfacce per sistemi bus comuni come Modbus o BACnet<\/li><li>Componenti I&amp;C coordinati dal livello di campo fino al sistema di gestione termica di livello superiore<\/li><li>Facile da usare sul terminale o tramite PC e smartphone, anche da remoto<\/li><\/ul>\t\t\t\t\t\t\t\t<\/div>\n\t\t\t\t<\/div>\n\t\t\t\t\t<\/div>\n\t\t<\/div>\n\t\t\t\t\t<\/div>\n\t\t<\/section>\n\t\t\t\t<section class=\"elementor-section elementor-top-section elementor-element elementor-element-40dd49d elementor-section-boxed elementor-section-height-default elementor-section-height-default\" data-id=\"40dd49d\" data-element_type=\"section\" data-e-type=\"section\">\n\t\t\t\t\t\t<div class=\"elementor-container elementor-column-gap-default\">\n\t\t\t\t\t<div class=\"elementor-column elementor-col-100 elementor-top-column elementor-element elementor-element-b7dea0e\" data-id=\"b7dea0e\" data-element_type=\"column\" data-e-type=\"column\">\n\t\t\t<div class=\"elementor-widget-wrap elementor-element-populated\">\n\t\t\t\t\t\t<div class=\"elementor-element elementor-element-18d9dbd elementor-widget elementor-widget-heading\" data-id=\"18d9dbd\" data-element_type=\"widget\" data-e-type=\"widget\" data-widget_type=\"heading.default\">\n\t\t\t\t<div class=\"elementor-widget-container\">\n\t\t\t\t\t<h3 class=\"elementor-heading-title elementor-size-default\">Migliore controllo, riscaldamento pi\u00f9 efficiente<\/h3>\t\t\t\t<\/div>\n\t\t\t\t<\/div>\n\t\t\t\t<div class=\"elementor-element elementor-element-97e34c7 elementor-widget elementor-widget-text-editor\" data-id=\"97e34c7\" data-element_type=\"widget\" data-e-type=\"widget\" data-widget_type=\"text-editor.default\">\n\t\t\t\t<div class=\"elementor-widget-container\">\n\t\t\t\t\t\t\t\t\t<p>La tecnologia di controllo \u00e8 la chiave per una maggiore efficienza nella tecnologia del riscaldamento e dell'acqua calda. La tecnologia dei bruciatori e delle pompe, ad esempio, \u00e8 cos\u00ec sofisticata che \u00e8 praticamente impossibile aumentare l'efficienza. I regolatori intelligenti, invece, sono risparmiatori digitali. Forniscono calore solo quando \u00e8 veramente necessario e con l'energia che pu\u00f2 essere utilizzata in modo pi\u00f9 efficace. In questo modo si risparmiano risorse e si riducono le bollette.<\/p><p>La tecnologia dei sistemi di riscaldamento di varmeco garantisce l'interazione efficiente dal punto di vista energetico di tutte le fonti di calore, le utenze e gli accumulatori di un immobile. I controllori di sistema integrano e ottimizzano, ad esempio<\/p><ul><li>Caldaia a condensazione<\/li><li>Pompe di calore<\/li><li>Impianti di cogenerazione<\/li><li>Sistemi di riscaldamento locale e di processo<\/li><li>Sistemi solari<\/li><li>Deposito termico stratificato<\/li><li>Circuiti di riscaldamento<\/li><li>Scaldabagno<\/li><\/ul><p>e regolare il loro utilizzo in base alle esigenze e alla conservazione delle risorse.<\/p>\t\t\t\t\t\t\t\t<\/div>\n\t\t\t\t<\/div>\n\t\t\t\t<section class=\"elementor-section elementor-inner-section elementor-element elementor-element-377f29d elementor-section-boxed elementor-section-height-default elementor-section-height-default\" data-id=\"377f29d\" data-element_type=\"section\" data-e-type=\"section\">\n\t\t\t\t\t\t<div class=\"elementor-container elementor-column-gap-default\">\n\t\t\t\t\t<div class=\"elementor-column elementor-col-50 elementor-inner-column elementor-element elementor-element-507974d\" data-id=\"507974d\" data-element_type=\"column\" data-e-type=\"column\">\n\t\t\t<div class=\"elementor-widget-wrap elementor-element-populated\">\n\t\t\t\t\t\t<div class=\"elementor-element elementor-element-58d015a elementor-widget elementor-widget-heading\" data-id=\"58d015a\" data-element_type=\"widget\" data-e-type=\"widget\" data-widget_type=\"heading.default\">\n\t\t\t\t<div class=\"elementor-widget-container\">\n\t\t\t\t\t<h3 class=\"elementor-heading-title elementor-size-default\">Algoritmi di controllo ad autoapprendimento<\/h3>\t\t\t\t<\/div>\n\t\t\t\t<\/div>\n\t\t\t\t<div class=\"elementor-element elementor-element-36790df elementor-widget elementor-widget-text-editor\" data-id=\"36790df\" data-element_type=\"widget\" data-e-type=\"widget\" data-widget_type=\"text-editor.default\">\n\t\t\t\t<div class=\"elementor-widget-container\">\n\t\t\t\t\t\t\t\t\t<p>Per garantire che ci\u00f2 avvenga, i nostri controllori sono adattivi e in grado di apprendere. In base al comportamento di consumo, sanno quanto calore \u00e8 necessario e quando. In questo modo, risparmiano energia senza limitare il comfort. L'accumulatore di calore viene quindi caricato preferibilmente quando l'energia \u00e8 disponibile a basso costo. <\/p>\t\t\t\t\t\t\t\t<\/div>\n\t\t\t\t<\/div>\n\t\t\t\t\t<\/div>\n\t\t<\/div>\n\t\t\t\t<div class=\"elementor-column elementor-col-50 elementor-inner-column elementor-element elementor-element-b48b4f1\" data-id=\"b48b4f1\" data-element_type=\"column\" data-e-type=\"column\">\n\t\t\t<div class=\"elementor-widget-wrap elementor-element-populated\">\n\t\t\t\t\t\t<div class=\"elementor-element elementor-element-fe5608f elementor-widget elementor-widget-video\" data-id=\"fe5608f\" data-element_type=\"widget\" data-e-type=\"widget\" data-settings=\"{&quot;youtube_url&quot;:&quot;https:\\\/\\\/youtu.be\\\/0t6qcWPhDIo&quot;,&quot;autoplay&quot;:&quot;yes&quot;,&quot;play_on_mobile&quot;:&quot;yes&quot;,&quot;mute&quot;:&quot;yes&quot;,&quot;loop&quot;:&quot;yes&quot;,&quot;video_type&quot;:&quot;youtube&quot;,&quot;controls&quot;:&quot;yes&quot;}\" data-widget_type=\"video.default\">\n\t\t\t\t<div class=\"elementor-widget-container\">\n\t\t\t\t\t\t\t<div class=\"elementor-wrapper elementor-open-inline\">\n\t\t\t<div class=\"elementor-video\"> <div class=\"brlbs-cmpnt-container brlbs-cmpnt-content-blocker brlbs-cmpnt-with-individual-styles\" data-borlabs-cookie-content-blocker-id=\"youtube-content-blocker\" data-borlabs-cookie-content=\"PHNjcmlwdD4KKGZ1bmN0aW9uKCkgewogICAgbGV0IGQgPSBudWxsOwoKICAgIC8vIGlmIHdlIGFyZSBpbiBhIGxvb3AsIHdlIG5lZWQgdG8gc2VsZWN0IHRoZSBjb3JyZWN0IHZpZGVvIGVsZW1lbnQsIHNpbmNlIFdpZGdldCBJRCBvY2N1cnMgbXVsdGlwbGUgdGltZXMgb24gcGFnZQogICAgY29uc3QgZWxlbXNJbkxvb3AgPSBkb2N1bWVudC5xdWVyeVNlbGVjdG9yQWxsKCc6aXMoZGl2W2RhdGEtZWxlbWVudG9yLXR5cGU9Imxvb3AtaXRlbSJdLGRpdltkYXRhLWVsZW1lbnRvci10eXBlPSJqZXQtbGlzdGluZy1pdGVtcyJdLGRpdltkYXRhLXdpZGdldF90eXBlXj0icHJlbWl1bS1hZGRvbi10YWJzLiJdKSBkaXYuZWxlbWVudG9yLWVsZW1lbnQtZmU1NjA4ZicpOwogICAgaWYgKGVsZW1zSW5Mb29wLmxlbmd0aCA9PT0gMSkgewogICAgICAgIGQgPSBlbGVtc0luTG9vcFswXTsKICAgIH0gZWxzZSBpZiAoZWxlbXNJbkxvb3AubGVuZ3RoID4gMSkgewogICAgICAgIGlmICh0eXBlb2YgZG9jdW1lbnQuY3VycmVudFNjcmlwdCA9PT0gJ3VuZGVmaW5lZCcgfHwgZG9jdW1lbnQuY3VycmVudFNjcmlwdCA9PSBudWxsKSB7CiAgICAgICAgICAgIHJldHVybjsKICAgICAgICB9CiAgICAgICAgY29uc3QgdG1wVmlkZW9XaWRnZXQgPSBkb2N1bWVudC5jdXJyZW50U2NyaXB0LmNsb3Nlc3QoJ1tkYXRhLXdpZGdldF90eXBlPSJicmxic192aWRlby5kZWZhdWx0Il0nKTsKICAgICAgICBpZiAodG1wVmlkZW9XaWRnZXQpIHsKICAgICAgICAgICAgZCA9IHRtcFZpZGVvV2lkZ2V0OwogICAgICAgIH0KICAgIH0KCiAgICBpZiAoZCA9PSBudWxsKSB7CiAgICAgICAgZCA9IGRvY3VtZW50LnF1ZXJ5U2VsZWN0b3IoJ2Rpdi5lbGVtZW50b3ItZWxlbWVudC1mZTU2MDhmJyk7CiAgICB9CgogICAgaWYgKGQgPT0gbnVsbCkgewogICAgICAgIHJldHVybjsKICAgIH0KICAgIGQuZGF0YXNldC53aWRnZXRfdHlwZSA9IGQuZGF0YXNldC53aWRnZXRfdHlwZS5yZXBsYWNlKCdicmxic18nLCAnJyk7CiAgICBkLmRhdGFzZXQuYnJsYnNVbmJsb2NrZWQgPSAndHJ1ZSc7CgogICAgY29uc3QgaW50ZXJ2YWwgPSBzZXRJbnRlcnZhbCgoKSA9PiB7CiAgICAgICAgaWYgKHR5cGVvZiBlbGVtZW50b3JGcm9udGVuZCAhPT0gJ3VuZGVmaW5lZCcgJiYgdHlwZW9mIGVsZW1lbnRvckZyb250ZW5kLmhvb2tzICE9PSAndW5kZWZpbmVkJykgewogICAgICAgICAgICBjbGVhckludGVydmFsKGludGVydmFsKTsKICAgICAgICAgICAgZWxlbWVudG9yRnJvbnRlbmQuaG9va3MuZG9BY3Rpb24oJ2Zyb250ZW5kL2VsZW1lbnRfcmVhZHkvdmlkZW8uZGVmYXVsdCcsIGpRdWVyeShkKSwgalF1ZXJ5KQogICAgICAgIH0KICAgIH0sIDMwKQp9KSgpOwo8L3NjcmlwdD4=\"><div class=\"brlbs-cmpnt-cb-preset-c brlbs-cmpnt-cb-youtube\"> <div class=\"brlbs-cmpnt-cb-thumbnail\" style=\"background-image: url('https:\/\/varmeco.de\/wp-content\/uploads\/borlabs-cookie\/1\/yt_0t6qcWPhDIo_hqdefault.jpg')\"><\/div> <div class=\"brlbs-cmpnt-cb-main\"> <div class=\"brlbs-cmpnt-cb-play-button\"><\/div> <div class=\"brlbs-cmpnt-cb-content\"> <p class=\"brlbs-cmpnt-cb-description\">Stai visualizzando un contenuto segnato da <strong>YouTube<\/strong>. Per accedere al contenuto effettivo, cliccare sul pulsante sottostante. Si prega di notare che in questo modo si condividono i dati con provider di terze parti.<\/p> <a class=\"brlbs-cmpnt-cb-provider-toggle\" href=\"#\" data-borlabs-cookie-show-provider-information role=\"button\">Ulteriori informazioni<\/a> <\/div> <div class=\"brlbs-cmpnt-cb-buttons\"> <a class=\"brlbs-cmpnt-cb-btn\" href=\"#\" data-borlabs-cookie-unblock role=\"button\">Sblocca il contenuto<\/a> <a class=\"brlbs-cmpnt-cb-btn\" href=\"#\" data-borlabs-cookie-accept-service role=\"button\" style=\"display: inherit\">Accetta il servizio richiesto e sblocca i contenuti<\/a> <\/div> <\/div> <\/div><\/div><\/div>\t\t<\/div>\n\t\t\t\t\t\t<\/div>\n\t\t\t\t<\/div>\n\t\t\t\t\t<\/div>\n\t\t<\/div>\n\t\t\t\t\t<\/div>\n\t\t<\/section>\n\t\t\t\t<div class=\"elementor-element elementor-element-f4592f6 elementor-widget elementor-widget-text-editor\" data-id=\"f4592f6\" data-element_type=\"widget\" data-e-type=\"widget\" data-widget_type=\"text-editor.default\">\n\t\t\t\t<div class=\"elementor-widget-container\">\n\t\t\t\t\t\t\t\t\t<p>Nei sistemi con pi\u00f9 fonti energetiche, il nostro controllo di priorit\u00e0 garantisce che vengano utilizzate in primo luogo le fonti particolarmente rispettose del clima e che consentono di risparmiare sui costi. Ci\u00f2 significa, ad esempio, che il calore solare non solo viene preferito al gas naturale, ma che il calore di un impianto solare termico viene anche \u201eimmagazzinato\u201c in anticipo per ridurre al minimo il consumo di combustibili fossili. In questo modo si riducono i costi e le emissioni di CO<sub>2<\/sub>-Impronta dell'immobile.<\/p>\t\t\t\t\t\t\t\t<\/div>\n\t\t\t\t<\/div>\n\t\t\t\t<div class=\"elementor-element elementor-element-b7ac79b elementor-widget elementor-widget-heading\" data-id=\"b7ac79b\" data-element_type=\"widget\" data-e-type=\"widget\" data-widget_type=\"heading.default\">\n\t\t\t\t<div class=\"elementor-widget-container\">\n\t\t\t\t\t<h3 class=\"elementor-heading-title elementor-size-default\">Collegati in rete per una maggiore efficienza e una minore complessit\u00e0<\/h3>\t\t\t\t<\/div>\n\t\t\t\t<\/div>\n\t\t\t\t<div class=\"elementor-element elementor-element-2e40ff5 elementor-widget elementor-widget-text-editor\" data-id=\"2e40ff5\" data-element_type=\"widget\" data-e-type=\"widget\" data-widget_type=\"text-editor.default\">\n\t\t\t\t<div class=\"elementor-widget-container\">\n\t\t\t\t\t\t\t\t\t<p>I controllori varmeco lavorano in squadra. Dal livello di campo (controllore compatto VC211) al livello di automazione (<a href=\"https:\/\/varmeco.de\/it\/produkte\/heizungssystemtechnik\/varcon380\/\" target=\"_blank\">Controllore di sistema VarCon380<\/a>) fino al sistema di gestione del calore di livello superiore, tutti i componenti dell'MCR lavorano insieme senza problemi. Questo evita problemi di interfaccia e semplifica l'assemblaggio, l'installazione e la messa in servizio. Il livello superiore&nbsp;<a href=\"https:\/\/varmeco.de\/it\/produkte\/konnektivitaet-vernetzung-management\/vms-varmeco-management-server\/\" target=\"_blank\">Server di gestione varmeco (VMS)<\/a>&nbsp;consente di mantenere facilmente una visione d'insieme. Permette di accedere a informazioni importanti, anche ai valori dei singoli sensori e attuatori, e allo stesso tempo offre agli utenti funzioni che altrimenti si trovano solo in un sistema di gestione degli edifici (decisamente pi\u00f9 costoso). In questo modo \u00e8 possibile monitorare i sistemi in modo semplice ed efficiente o definire nuove impostazioni di controllo, anche dall'ufficio o in viaggio grazie all'accesso remoto.<\/p>\t\t\t\t\t\t\t\t<\/div>\n\t\t\t\t<\/div>\n\t\t\t\t<section class=\"elementor-section elementor-inner-section elementor-element elementor-element-94a41d7 elementor-section-boxed elementor-section-height-default elementor-section-height-default\" data-id=\"94a41d7\" data-element_type=\"section\" data-e-type=\"section\">\n\t\t\t\t\t\t<div class=\"elementor-container elementor-column-gap-default\">\n\t\t\t\t\t<div class=\"elementor-column elementor-col-100 elementor-inner-column elementor-element elementor-element-82c6df8\" data-id=\"82c6df8\" data-element_type=\"column\" data-e-type=\"column\">\n\t\t\t<div class=\"elementor-widget-wrap elementor-element-populated\">\n\t\t\t\t\t\t<div class=\"elementor-element elementor-element-8620f68 elementor-widget elementor-widget-heading\" data-id=\"8620f68\" data-element_type=\"widget\" data-e-type=\"widget\" data-widget_type=\"heading.default\">\n\t\t\t\t<div class=\"elementor-widget-container\">\n\t\t\t\t\t<h2 class=\"elementor-heading-title elementor-size-default\"><a href=\"https:\/\/varmeco.de\/it\/produkte\/heizungssystemtechnik\/varcon380\/\">VarCon380 M+\/XL+<\/a><\/h2>\t\t\t\t<\/div>\n\t\t\t\t<\/div>\n\t\t\t\t<div class=\"elementor-element elementor-element-d63eb9a elementor-widget elementor-widget-image\" data-id=\"d63eb9a\" data-element_type=\"widget\" data-e-type=\"widget\" data-widget_type=\"image.default\">\n\t\t\t\t<div class=\"elementor-widget-container\">\n\t\t\t\t\t\t\t\t\t\t\t\t\t\t\t\t<a href=\"https:\/\/varmeco.de\/it\/produkte\/heizungssystemtechnik\/varcon380\/\">\n\t\t\t\t\t\t\t<img fetchpriority=\"high\" decoding=\"async\" width=\"300\" height=\"200\" src=\"https:\/\/varmeco.de\/wp-content\/uploads\/2024\/05\/2023-06_Varcon380_800x600-300x200.jpg\" class=\"attachment-medium size-medium wp-image-10317\" alt=\"varmeco Varcon380\" srcset=\"https:\/\/varmeco.de\/wp-content\/uploads\/2024\/05\/2023-06_Varcon380_800x600-300x200.jpg 300w, https:\/\/varmeco.de\/wp-content\/uploads\/2024\/05\/2023-06_Varcon380_800x600-768x512.jpg 768w, https:\/\/varmeco.de\/wp-content\/uploads\/2024\/05\/2023-06_Varcon380_800x600.jpg 800w\" sizes=\"(max-width: 300px) 100vw, 300px\" title=\"\">\t\t\t\t\t\t\t\t<\/a>\n\t\t\t\t\t\t\t\t\t\t\t\t\t\t\t<\/div>\n\t\t\t\t<\/div>\n\t\t\t\t<div class=\"elementor-element elementor-element-8367f84 elementor-align-center elementor-widget elementor-widget-button\" data-id=\"8367f84\" data-element_type=\"widget\" data-e-type=\"widget\" data-widget_type=\"button.default\">\n\t\t\t\t<div class=\"elementor-widget-container\">\n\t\t\t\t\t\t\t\t\t<div class=\"elementor-button-wrapper\">\n\t\t\t\t\t<a class=\"elementor-button elementor-button-link elementor-size-sm\" href=\"https:\/\/varmeco.de\/it\/produkte\/heizungssystemtechnik\/varcon380\/\">\n\t\t\t\t\t\t<span class=\"elementor-button-content-wrapper\">\n\t\t\t\t\t\t\t\t\t<span class=\"elementor-button-text\">Al prodotto<\/span>\n\t\t\t\t\t<\/span>\n\t\t\t\t\t<\/a>\n\t\t\t\t<\/div>\n\t\t\t\t\t\t\t\t<\/div>\n\t\t\t\t<\/div>\n\t\t\t\t\t<\/div>\n\t\t<\/div>\n\t\t\t\t\t<\/div>\n\t\t<\/section>\n\t\t\t\t\t<\/div>\n\t\t<\/div>\n\t\t\t\t\t<\/div>\n\t\t<\/section>\n\t\t\t\t<\/div>","protected":false},"excerpt":{"rendered":"<p>Was vernetzte Regelsysteme bieten Integration aller relevanten Quellen, Speicher und Verbraucher inklusive der Pumpen, Ventile und Mischer Automatische Dosierung der [&hellip;]<\/p>\n","protected":false},"author":2,"featured_media":0,"parent":0,"menu_order":0,"comment_status":"closed","ping_status":"closed","template":"","meta":{"_acf_changed":false,"site-sidebar-layout":"no-sidebar","site-content-layout":"page-builder","ast-site-content-layout":"full-width-container","site-content-style":"unboxed","site-sidebar-style":"unboxed","ast-global-header-display":"","ast-banner-title-visibility":"","ast-main-header-display":"","ast-hfb-above-header-display":"","ast-hfb-below-header-display":"","ast-hfb-mobile-header-display":"","site-post-title":"disabled","ast-breadcrumbs-content":"","ast-featured-img":"disabled","footer-sml-layout":"","ast-disable-related-posts":"","theme-transparent-header-meta":"default","adv-header-id-meta":"","stick-header-meta":"default","header-above-stick-meta":"","header-main-stick-meta":"","header-below-stick-meta":"","astra-migrate-meta-layouts":"set","ast-page-background-enabled":"default","ast-page-background-meta":{"desktop":{"background-color":"","background-image":"","background-repeat":"repeat","background-position":"center center","background-size":"auto","background-attachment":"scroll","background-type":"","background-media":"","overlay-type":"","overlay-color":"","overlay-opacity":"","overlay-gradient":""},"tablet":{"background-color":"","background-image":"","background-repeat":"repeat","background-position":"center center","background-size":"auto","background-attachment":"scroll","background-type":"","background-media":"","overlay-type":"","overlay-color":"","overlay-opacity":"","overlay-gradient":""},"mobile":{"background-color":"","background-image":"","background-repeat":"repeat","background-position":"center center","background-size":"auto","background-attachment":"scroll","background-type":"","background-media":"","overlay-type":"","overlay-color":"","overlay-opacity":"","overlay-gradient":""}},"ast-content-background-meta":{"desktop":{"background-color":"var(--ast-global-color-5)","background-image":"","background-repeat":"repeat","background-position":"center center","background-size":"auto","background-attachment":"scroll","background-type":"","background-media":"","overlay-type":"","overlay-color":"","overlay-opacity":"","overlay-gradient":""},"tablet":{"background-color":"var(--ast-global-color-5)","background-image":"","background-repeat":"repeat","background-position":"center center","background-size":"auto","background-attachment":"scroll","background-type":"","background-media":"","overlay-type":"","overlay-color":"","overlay-opacity":"","overlay-gradient":""},"mobile":{"background-color":"var(--ast-global-color-5)","background-image":"","background-repeat":"repeat","background-position":"center center","background-size":"auto","background-attachment":"scroll","background-type":"","background-media":"","overlay-type":"","overlay-color":"","overlay-opacity":"","overlay-gradient":""}},"footnotes":""},"folder":[],"class_list":["post-1485","page","type-page","status-publish","hentry"],"acf":[],"_links":{"self":[{"href":"https:\/\/varmeco.de\/it\/wp-json\/wp\/v2\/pages\/1485","targetHints":{"allow":["GET"]}}],"collection":[{"href":"https:\/\/varmeco.de\/it\/wp-json\/wp\/v2\/pages"}],"about":[{"href":"https:\/\/varmeco.de\/it\/wp-json\/wp\/v2\/types\/page"}],"author":[{"embeddable":true,"href":"https:\/\/varmeco.de\/it\/wp-json\/wp\/v2\/users\/2"}],"replies":[{"embeddable":true,"href":"https:\/\/varmeco.de\/it\/wp-json\/wp\/v2\/comments?post=1485"}],"version-history":[{"count":4,"href":"https:\/\/varmeco.de\/it\/wp-json\/wp\/v2\/pages\/1485\/revisions"}],"predecessor-version":[{"id":19898,"href":"https:\/\/varmeco.de\/it\/wp-json\/wp\/v2\/pages\/1485\/revisions\/19898"}],"wp:attachment":[{"href":"https:\/\/varmeco.de\/it\/wp-json\/wp\/v2\/media?parent=1485"}],"wp:term":[{"taxonomy":"folder","embeddable":true,"href":"https:\/\/varmeco.de\/it\/wp-json\/wp\/v2\/folder?post=1485"}],"curies":[{"name":"wp","href":"https:\/\/api.w.org\/{rel}","templated":true}]}}