{"id":1486,"date":"2021-01-04T16:35:55","date_gmt":"2021-01-04T15:35:55","guid":{"rendered":"https:\/\/www2.varmeco.de\/?page_id=1486"},"modified":"2026-04-10T16:56:18","modified_gmt":"2026-04-10T14:56:18","slug":"den-exergie-nutzen-entdecken","status":"publish","type":"page","link":"https:\/\/varmeco.de\/it\/themenwelten\/den-exergie-nutzen-entdecken\/","title":{"rendered":"Scoprite i vantaggi di eXergy"},"content":{"rendered":"<div data-elementor-type=\"wp-page\" data-elementor-id=\"1486\" class=\"elementor elementor-1486\" data-elementor-post-type=\"page\">\n\t\t\t\t\t\t<section class=\"elementor-section elementor-top-section elementor-element elementor-element-8c15dda elementor-section-content-middle elementor-section-boxed elementor-section-height-default elementor-section-height-default\" data-id=\"8c15dda\" data-element_type=\"section\" data-e-type=\"section\">\n\t\t\t\t\t\t<div class=\"elementor-container elementor-column-gap-no\">\n\t\t\t\t\t<div class=\"elementor-column elementor-col-100 elementor-top-column elementor-element elementor-element-cadaeb4\" data-id=\"cadaeb4\" data-element_type=\"column\" data-e-type=\"column\">\n\t\t\t<div class=\"elementor-widget-wrap elementor-element-populated\">\n\t\t\t\t\t\t<div class=\"elementor-element elementor-element-32eb4ce elementor-widget elementor-widget-heading\" data-id=\"32eb4ce\" data-element_type=\"widget\" data-e-type=\"widget\" data-widget_type=\"heading.default\">\n\t\t\t\t<div class=\"elementor-widget-container\">\n\t\t\t\t\t<h1 class=\"elementor-heading-title elementor-size-default\">Sfruttare l'energia: L'eXergiemaschine offre questi vantaggi<\/h1>\t\t\t\t<\/div>\n\t\t\t\t<\/div>\n\t\t\t\t\t<\/div>\n\t\t<\/div>\n\t\t\t\t\t<\/div>\n\t\t<\/section>\n\t\t\t\t<section class=\"elementor-section elementor-top-section elementor-element elementor-element-8584b12 elementor-section-boxed elementor-section-height-default elementor-section-height-default\" data-id=\"8584b12\" data-element_type=\"section\" data-e-type=\"section\">\n\t\t\t\t\t\t<div class=\"elementor-container elementor-column-gap-default\">\n\t\t\t\t\t<div class=\"elementor-column elementor-col-50 elementor-top-column elementor-element elementor-element-140e6a6\" data-id=\"140e6a6\" data-element_type=\"column\" data-e-type=\"column\">\n\t\t\t<div class=\"elementor-widget-wrap elementor-element-populated\">\n\t\t\t\t\t\t<div class=\"elementor-element elementor-element-71598fc elementor-widget elementor-widget-text-editor\" data-id=\"71598fc\" data-element_type=\"widget\" data-e-type=\"widget\" data-widget_type=\"text-editor.default\">\n\t\t\t\t<div class=\"elementor-widget-container\">\n\t\t\t\t\t\t\t\t\t<ul><li>Migliore utilizzo del teleriscaldamento<\/li><li>I sistemi solari termici funzionano in modo pi\u00f9 efficace ed efficiente<\/li><li>I bruciatori e le unit\u00e0 di cogenerazione devono avviarsi meno spesso<\/li><li>Dal calore di scarto dei sistemi di refrigerazione viene generata preziosa energia per il riscaldamento, per esempio<\/li><\/ul>\t\t\t\t\t\t\t\t<\/div>\n\t\t\t\t<\/div>\n\t\t\t\t\t<\/div>\n\t\t<\/div>\n\t\t\t\t<div class=\"elementor-column elementor-col-50 elementor-top-column elementor-element elementor-element-56fe646\" data-id=\"56fe646\" data-element_type=\"column\" data-e-type=\"column\">\n\t\t\t<div class=\"elementor-widget-wrap elementor-element-populated\">\n\t\t\t\t\t\t<div class=\"elementor-element elementor-element-dc2d43f elementor-widget elementor-widget-text-editor\" data-id=\"dc2d43f\" data-element_type=\"widget\" data-e-type=\"widget\" data-widget_type=\"text-editor.default\">\n\t\t\t\t<div class=\"elementor-widget-container\">\n\t\t\t\t\t\t\t\t\t<ul><li>Le temperature di ritorno del teleriscaldamento sono facili da mantenere<\/li><li>I sistemi di circolazione dell'acqua calda si gestiscono con un minor numero di ricariche<\/li><li>Il coefficiente di rendimento annuo delle pompe di calore \u00e8 notevolmente aumentato e possono essere utilizzate efficacemente anche per il riscaldamento a radiatori e per il riscaldamento centralizzato dell'acqua calda, per esempio<\/li><\/ul>\t\t\t\t\t\t\t\t<\/div>\n\t\t\t\t<\/div>\n\t\t\t\t\t<\/div>\n\t\t<\/div>\n\t\t\t\t\t<\/div>\n\t\t<\/section>\n\t\t\t\t<section class=\"elementor-section elementor-top-section elementor-element elementor-element-436ac5a elementor-section-boxed elementor-section-height-default elementor-section-height-default\" data-id=\"436ac5a\" data-element_type=\"section\" data-e-type=\"section\">\n\t\t\t\t\t\t<div class=\"elementor-container elementor-column-gap-default\">\n\t\t\t\t\t<div class=\"elementor-column elementor-col-100 elementor-top-column elementor-element elementor-element-9754a58\" data-id=\"9754a58\" data-element_type=\"column\" data-e-type=\"column\">\n\t\t\t<div class=\"elementor-widget-wrap elementor-element-populated\">\n\t\t\t\t\t\t<div class=\"elementor-element elementor-element-e67d601 elementor-widget elementor-widget-video\" data-id=\"e67d601\" data-element_type=\"widget\" data-e-type=\"widget\" data-settings=\"{&quot;youtube_url&quot;:&quot;https:\\\/\\\/www.youtube.com\\\/watch?v=RsbZDDcsfuM&amp;t=52s&quot;,&quot;start&quot;:0,&quot;video_type&quot;:&quot;youtube&quot;,&quot;controls&quot;:&quot;yes&quot;}\" data-widget_type=\"video.default\">\n\t\t\t\t<div class=\"elementor-widget-container\">\n\t\t\t\t\t\t\t<div class=\"elementor-wrapper elementor-open-inline\">\n\t\t\t<div class=\"elementor-video\"> <div class=\"brlbs-cmpnt-container brlbs-cmpnt-content-blocker brlbs-cmpnt-with-individual-styles\" data-borlabs-cookie-content-blocker-id=\"youtube-content-blocker\" data-borlabs-cookie-content=\"PHNjcmlwdD4KKGZ1bmN0aW9uKCkgewogICAgbGV0IGQgPSBudWxsOwoKICAgIC8vIGlmIHdlIGFyZSBpbiBhIGxvb3AsIHdlIG5lZWQgdG8gc2VsZWN0IHRoZSBjb3JyZWN0IHZpZGVvIGVsZW1lbnQsIHNpbmNlIFdpZGdldCBJRCBvY2N1cnMgbXVsdGlwbGUgdGltZXMgb24gcGFnZQogICAgY29uc3QgZWxlbXNJbkxvb3AgPSBkb2N1bWVudC5xdWVyeVNlbGVjdG9yQWxsKCc6aXMoZGl2W2RhdGEtZWxlbWVudG9yLXR5cGU9Imxvb3AtaXRlbSJdLGRpdltkYXRhLWVsZW1lbnRvci10eXBlPSJqZXQtbGlzdGluZy1pdGVtcyJdLGRpdltkYXRhLXdpZGdldF90eXBlXj0icHJlbWl1bS1hZGRvbi10YWJzLiJdKSBkaXYuZWxlbWVudG9yLWVsZW1lbnQtZTY3ZDYwMScpOwogICAgaWYgKGVsZW1zSW5Mb29wLmxlbmd0aCA9PT0gMSkgewogICAgICAgIGQgPSBlbGVtc0luTG9vcFswXTsKICAgIH0gZWxzZSBpZiAoZWxlbXNJbkxvb3AubGVuZ3RoID4gMSkgewogICAgICAgIGlmICh0eXBlb2YgZG9jdW1lbnQuY3VycmVudFNjcmlwdCA9PT0gJ3VuZGVmaW5lZCcgfHwgZG9jdW1lbnQuY3VycmVudFNjcmlwdCA9PSBudWxsKSB7CiAgICAgICAgICAgIHJldHVybjsKICAgICAgICB9CiAgICAgICAgY29uc3QgdG1wVmlkZW9XaWRnZXQgPSBkb2N1bWVudC5jdXJyZW50U2NyaXB0LmNsb3Nlc3QoJ1tkYXRhLXdpZGdldF90eXBlPSJicmxic192aWRlby5kZWZhdWx0Il0nKTsKICAgICAgICBpZiAodG1wVmlkZW9XaWRnZXQpIHsKICAgICAgICAgICAgZCA9IHRtcFZpZGVvV2lkZ2V0OwogICAgICAgIH0KICAgIH0KCiAgICBpZiAoZCA9PSBudWxsKSB7CiAgICAgICAgZCA9IGRvY3VtZW50LnF1ZXJ5U2VsZWN0b3IoJ2Rpdi5lbGVtZW50b3ItZWxlbWVudC1lNjdkNjAxJyk7CiAgICB9CgogICAgaWYgKGQgPT0gbnVsbCkgewogICAgICAgIHJldHVybjsKICAgIH0KICAgIGQuZGF0YXNldC53aWRnZXRfdHlwZSA9IGQuZGF0YXNldC53aWRnZXRfdHlwZS5yZXBsYWNlKCdicmxic18nLCAnJyk7CiAgICBkLmRhdGFzZXQuYnJsYnNVbmJsb2NrZWQgPSAndHJ1ZSc7CgogICAgY29uc3QgaW50ZXJ2YWwgPSBzZXRJbnRlcnZhbCgoKSA9PiB7CiAgICAgICAgaWYgKHR5cGVvZiBlbGVtZW50b3JGcm9udGVuZCAhPT0gJ3VuZGVmaW5lZCcgJiYgdHlwZW9mIGVsZW1lbnRvckZyb250ZW5kLmhvb2tzICE9PSAndW5kZWZpbmVkJykgewogICAgICAgICAgICBjbGVhckludGVydmFsKGludGVydmFsKTsKICAgICAgICAgICAgZWxlbWVudG9yRnJvbnRlbmQuaG9va3MuZG9BY3Rpb24oJ2Zyb250ZW5kL2VsZW1lbnRfcmVhZHkvdmlkZW8uZGVmYXVsdCcsIGpRdWVyeShkKSwgalF1ZXJ5KQogICAgICAgIH0KICAgIH0sIDMwKQp9KSgpOwo8L3NjcmlwdD4=\"><div class=\"brlbs-cmpnt-cb-preset-c brlbs-cmpnt-cb-youtube\"> <div class=\"brlbs-cmpnt-cb-thumbnail\" style=\"background-image: url('https:\/\/varmeco.de\/wp-content\/uploads\/borlabs-cookie\/1\/yt_RsbZDDcsfuM_hqdefault.jpg')\"><\/div> <div class=\"brlbs-cmpnt-cb-main\"> <div class=\"brlbs-cmpnt-cb-play-button\"><\/div> <div class=\"brlbs-cmpnt-cb-content\"> <p class=\"brlbs-cmpnt-cb-description\">Stai visualizzando un contenuto segnato da <strong>YouTube<\/strong>. Per accedere al contenuto effettivo, cliccare sul pulsante sottostante. Si prega di notare che in questo modo si condividono i dati con provider di terze parti.<\/p> <a class=\"brlbs-cmpnt-cb-provider-toggle\" href=\"#\" data-borlabs-cookie-show-provider-information role=\"button\">Ulteriori informazioni<\/a> <\/div> <div class=\"brlbs-cmpnt-cb-buttons\"> <a class=\"brlbs-cmpnt-cb-btn\" href=\"#\" data-borlabs-cookie-unblock role=\"button\">Sblocca il contenuto<\/a> <a class=\"brlbs-cmpnt-cb-btn\" href=\"#\" data-borlabs-cookie-accept-service role=\"button\" style=\"display: inherit\">Accetta il servizio richiesto e sblocca i contenuti<\/a> <\/div> <\/div> <\/div><\/div><\/div>\t\t<\/div>\n\t\t\t\t\t\t<\/div>\n\t\t\t\t<\/div>\n\t\t\t\t<div class=\"elementor-element elementor-element-db4c3c1 elementor-widget elementor-widget-heading\" data-id=\"db4c3c1\" data-element_type=\"widget\" data-e-type=\"widget\" data-widget_type=\"heading.default\">\n\t\t\t\t<div class=\"elementor-widget-container\">\n\t\t\t\t\t<h3 class=\"elementor-heading-title elementor-size-default\">Il termovalorizzatore mette fine alle cose tiepide<\/h3>\t\t\t\t<\/div>\n\t\t\t\t<\/div>\n\t\t\t\t<div class=\"elementor-element elementor-element-abfdefc elementor-widget elementor-widget-text-editor\" data-id=\"abfdefc\" data-element_type=\"widget\" data-e-type=\"widget\" data-widget_type=\"text-editor.default\">\n\t\t\t\t<div class=\"elementor-widget-container\">\n\t\t\t\t\t\t\t\t\t<p>Odiate gli sprechi di energia e volete fornire acqua calda con il calore solare anche in autunno? Volete trasformare il calore di scarto operativo in calore utile? Per questi e molti altri compiti abbiamo inventato il nostro innovativo \"booster di calore\": l'eXergiemaschine.<\/p><p>Con l'eXergiemaschine, il nome dice tutto. Trasforma l'energia inutilizzata - ad esempio l'afflusso autunnale e tiepido di calore solare o il calore di scarto commerciale a bassa temperatura - in energia utilizzabile, cio\u00e8 in exergia. E questo avviene in modo altamente efficiente dal punto di vista delle risorse, perch\u00e9 abbiamo ottimizzato il design dell'eXergiemaschine applicando le \"leggi della leva\" della pompa di calore. Ci\u00f2 significa che l'eXergiemaschine richiede solo una piccola quantit\u00e0 di elettricit\u00e0, ma fornisce un'ampia gamma di temperature. Di conseguenza, fornisce calore a un livello di temperatura molto elevato che in precedenza non aveva eguali in questa classe di prestazioni.<\/p>\t\t\t\t\t\t\t\t<\/div>\n\t\t\t\t<\/div>\n\t\t\t\t<div class=\"elementor-element elementor-element-7a39325 elementor-widget elementor-widget-heading\" data-id=\"7a39325\" data-element_type=\"widget\" data-e-type=\"widget\" data-widget_type=\"heading.default\">\n\t\t\t\t<div class=\"elementor-widget-container\">\n\t\t\t\t\t<h3 class=\"elementor-heading-title elementor-size-default\">Tre modelli tra cui scegliere: eXergiemaschine-compact e eXergiemaschine-pro 2.0 e eXergiemaschine-max<\/h3>\t\t\t\t<\/div>\n\t\t\t\t<\/div>\n\t\t\t\t<div class=\"elementor-element elementor-element-d0dd8b7 elementor-widget elementor-widget-text-editor\" data-id=\"d0dd8b7\" data-element_type=\"widget\" data-e-type=\"widget\" data-widget_type=\"text-editor.default\">\n\t\t\t\t<div class=\"elementor-widget-container\">\n\t\t\t\t\t\t\t\t\t<p>Sette dimensioni, tre serie di modelli, un unico scopo: ottenere pi\u00f9 energia utilizzabile dai vostri sistemi di riscaldamento. Ma quale eXergiemaschine \u00e8 quello giusto? Che si tratti di un modello a pavimento o a parete, piccolo, medio o grande, potete decidere rapidamente in base a pochi criteri.<\/p>\t\t\t\t\t\t\t\t<\/div>\n\t\t\t\t<\/div>\n\t\t\t\t\t<\/div>\n\t\t<\/div>\n\t\t\t\t\t<\/div>\n\t\t<\/section>\n\t\t<div class=\"elementor-element elementor-element-fc37e71 e-grid e-con-boxed e-con e-parent\" data-id=\"fc37e71\" data-element_type=\"container\" data-e-type=\"container\">\n\t\t\t\t\t<div class=\"e-con-inner\">\n\t\t\t\t<div class=\"elementor-element elementor-element-7bfda62 elementor-position-top elementor-widget elementor-widget-image-box\" data-id=\"7bfda62\" data-element_type=\"widget\" data-e-type=\"widget\" data-widget_type=\"image-box.default\">\n\t\t\t\t<div class=\"elementor-widget-container\">\n\t\t\t\t\t<div class=\"elementor-image-box-wrapper\"><figure class=\"elementor-image-box-img\"><a href=\"https:\/\/varmeco.de\/it\/produkte\/exergiemaschine\/exergiemaschine-compact\/\" tabindex=\"-1\"><img decoding=\"async\" src=\"https:\/\/varmeco.de\/wp-content\/uploads\/elementor\/thumbs\/eXm-compact_Transparenz_1080-rjs6rchgygid1gxazmbjkhxkaz6gtebk6ycp4ka8zk.png\" title=\"eXm-compact_Transparenz_1080\" alt=\"eXergiemaschine-compatto (eXm-c)\" loading=\"lazy\" \/><\/a><\/figure><div class=\"elementor-image-box-content\"><h3 class=\"elementor-image-box-title\"><a href=\"https:\/\/varmeco.de\/it\/produkte\/exergiemaschine\/exergiemaschine-compact\/\">Macchina eXergy compatta<\/a><\/h3><p class=\"elementor-image-box-description\">Il modello eXm-compact, montato a parete, \u00e8 progettato per impianti di piccole e medie dimensioni in cui una potenza termica fino a 3 o 5 kW \u00e8 sufficiente per l'applicazione.\n\u00c8 adatto, ad esempio, per sistemi di riscaldamento in case unifamiliari e condomini o in piccole aziende.<\/p><\/div><\/div>\t\t\t\t<\/div>\n\t\t\t\t<\/div>\n\t\t\t\t<div class=\"elementor-element elementor-element-ca078ce elementor-position-top elementor-widget elementor-widget-image-box\" data-id=\"ca078ce\" data-element_type=\"widget\" data-e-type=\"widget\" data-widget_type=\"image-box.default\">\n\t\t\t\t<div class=\"elementor-widget-container\">\n\t\t\t\t\t<div class=\"elementor-image-box-wrapper\"><figure class=\"elementor-image-box-img\"><a href=\"https:\/\/varmeco.de\/it\/produkte\/exergiemaschine\/exergiemaschine-pro-2-0\/\" tabindex=\"-1\"><img fetchpriority=\"high\" decoding=\"async\" width=\"1080\" height=\"1350\" src=\"https:\/\/varmeco.de\/wp-content\/uploads\/2025\/06\/produktbilder_prodseiten_1080x1350.png\" class=\"attachment-full size-full wp-image-16132\" alt=\"eXergiemaschine-pro\" title=\"\" srcset=\"https:\/\/varmeco.de\/wp-content\/uploads\/2025\/06\/produktbilder_prodseiten_1080x1350.png 1080w, https:\/\/varmeco.de\/wp-content\/uploads\/2025\/06\/produktbilder_prodseiten_1080x1350-240x300.png 240w, https:\/\/varmeco.de\/wp-content\/uploads\/2025\/06\/produktbilder_prodseiten_1080x1350-819x1024.png 819w, https:\/\/varmeco.de\/wp-content\/uploads\/2025\/06\/produktbilder_prodseiten_1080x1350-768x960.png 768w, https:\/\/varmeco.de\/wp-content\/uploads\/2025\/06\/produktbilder_prodseiten_1080x1350-10x12.png 10w\" sizes=\"(max-width: 1080px) 100vw, 1080px\" \/><\/a><\/figure><div class=\"elementor-image-box-content\"><h3 class=\"elementor-image-box-title\"><a href=\"https:\/\/varmeco.de\/it\/produkte\/exergiemaschine\/exergiemaschine-pro-2-0\/\">eXergiemaschine-pro<\/a><\/h3><p class=\"elementor-image-box-description\">Con quattro taglie, il modello eXm-pro a pavimento copre la gamma da 5 a 40 kW di potenza termica massima ed \u00e8 progettato per impianti di riscaldamento di medie e grandi dimensioni. Soddisfa anche i requisiti di potenza degli edifici residenziali con molte unit\u00e0 abitative, degli alberghi e dei grandi impianti commerciali o industriali.<\/p><\/div><\/div>\t\t\t\t<\/div>\n\t\t\t\t<\/div>\n\t\t\t\t<div class=\"elementor-element elementor-element-55214aa elementor-position-top elementor-widget elementor-widget-image-box\" data-id=\"55214aa\" data-element_type=\"widget\" data-e-type=\"widget\" data-widget_type=\"image-box.default\">\n\t\t\t\t<div class=\"elementor-widget-container\">\n\t\t\t\t\t<div class=\"elementor-image-box-wrapper\"><figure class=\"elementor-image-box-img\"><a href=\"https:\/\/varmeco.de\/it\/produkte\/exergiemaschine\/macchina-exergy-max\/\" tabindex=\"-1\"><img decoding=\"async\" width=\"1080\" height=\"1350\" src=\"https:\/\/varmeco.de\/wp-content\/uploads\/2025\/07\/eXm-max_1080x1350.png\" class=\"attachment-full size-full wp-image-15580\" alt=\"eXm-max 100kW eXergiemaschine\" title=\"\" srcset=\"https:\/\/varmeco.de\/wp-content\/uploads\/2025\/07\/eXm-max_1080x1350.png 1080w, https:\/\/varmeco.de\/wp-content\/uploads\/2025\/07\/eXm-max_1080x1350-240x300.png 240w, https:\/\/varmeco.de\/wp-content\/uploads\/2025\/07\/eXm-max_1080x1350-819x1024.png 819w, https:\/\/varmeco.de\/wp-content\/uploads\/2025\/07\/eXm-max_1080x1350-768x960.png 768w, https:\/\/varmeco.de\/wp-content\/uploads\/2025\/07\/eXm-max_1080x1350-10x12.png 10w\" sizes=\"(max-width: 1080px) 100vw, 1080px\" \/><\/a><\/figure><div class=\"elementor-image-box-content\"><h3 class=\"elementor-image-box-title\"><a href=\"https:\/\/varmeco.de\/it\/produkte\/exergiemaschine\/macchina-exergy-max\/\">eXergiemaschine-max (eXm-max)<\/a><\/h3><p class=\"elementor-image-box-description\">Il pi\u00f9 grande eXergiemaschine (eXm) con capacit\u00e0 di riscaldamento di 100 kW, unit\u00e0 di controllo integrata, capacit\u00e0 del compressore a variazione continua, registrazione dati estesa e refrigerante ecologico R513a)<\/p><\/div><\/div>\t\t\t\t<\/div>\n\t\t\t\t<\/div>\n\t\t\t\t\t<\/div>\n\t\t\t\t<\/div>\n\t\t<div class=\"elementor-element elementor-element-412e9f4 e-grid e-con-boxed e-con e-parent\" data-id=\"412e9f4\" data-element_type=\"container\" data-e-type=\"container\">\n\t\t\t\t\t<div class=\"e-con-inner\">\n\t\t\t\t\t<\/div>\n\t\t\t\t<\/div>\n\t\t\t\t<section class=\"elementor-section elementor-top-section elementor-element elementor-element-6553795 elementor-section-boxed elementor-section-height-default elementor-section-height-default\" data-id=\"6553795\" data-element_type=\"section\" data-e-type=\"section\" data-settings=\"{&quot;background_background&quot;:&quot;classic&quot;}\">\n\t\t\t\t\t\t<div class=\"elementor-container elementor-column-gap-default\">\n\t\t\t\t\t<div class=\"elementor-column elementor-col-100 elementor-top-column elementor-element elementor-element-452b697\" data-id=\"452b697\" data-element_type=\"column\" data-e-type=\"column\" data-settings=\"{&quot;background_background&quot;:&quot;classic&quot;}\">\n\t\t\t<div class=\"elementor-widget-wrap elementor-element-populated\">\n\t\t\t\t\t\t<div class=\"elementor-element elementor-element-e85e327 elementor-cta--layout-image-left elementor-cta--skin-classic elementor-animated-content elementor-bg-transform elementor-bg-transform-zoom-in elementor-widget elementor-widget-call-to-action\" data-id=\"e85e327\" data-element_type=\"widget\" data-e-type=\"widget\" data-widget_type=\"call-to-action.default\">\n\t\t\t\t<div class=\"elementor-widget-container\">\n\t\t\t\t\t\t\t<div class=\"elementor-cta\">\n\t\t\t\t\t\t\t<div class=\"elementor-cta__content\">\n\t\t\t\t\n\t\t\t\t\t\t\t\t\t<h2 class=\"elementor-cta__title elementor-cta__content-item elementor-content-item\">\n\t\t\t\t\t\tPagina speciale macchina exergy eXm\t\t\t\t\t<\/h2>\n\t\t\t\t\n\t\t\t\t\t\t\t\t\t<div class=\"elementor-cta__description elementor-cta__content-item elementor-content-item\">\n\t\t\t\t\t\tAnche voi preferite sperimentare qualcosa di caldo invece di accontentarvi di cose tiepide? Allora visitate la nostra pagina speciale sull'eXergiemaschine e scoprite tutti i suoi vantaggi e le sue possibilit\u00e0 di utilizzo.\t\t\t\t\t<\/div>\n\t\t\t\t\n\t\t\t\t\t\t\t\t\t<div class=\"elementor-cta__button-wrapper elementor-cta__content-item elementor-content-item\">\n\t\t\t\t\t<a class=\"elementor-cta__button elementor-button elementor-size-md\" href=\"https:\/\/exergiemaschine.com\/\" target=\"_blank\" rel=\"nofollow noopener\">\n\t\t\t\t\t\tPagina speciale sull'eXm\t\t\t\t\t<\/a>\n\t\t\t\t\t<\/div>\n\t\t\t\t\t\t\t<\/div>\n\t\t\t\t\t\t<\/div>\n\t\t\t\t\t\t<\/div>\n\t\t\t\t<\/div>\n\t\t\t\t\t<\/div>\n\t\t<\/div>\n\t\t\t\t\t<\/div>\n\t\t<\/section>\n\t\t\t\t<\/div>","protected":false},"excerpt":{"rendered":"<p>Exergie nutzen: Diese Vorteile bietet die eXergiemaschine Fernw\u00e4rme l\u00e4sst sich besser nutzen Solarthermische Anlagen arbeiten effektiver und wirkungsvoller Brenner und [&hellip;]<\/p>\n","protected":false},"author":2,"featured_media":0,"parent":0,"menu_order":0,"comment_status":"closed","ping_status":"closed","template":"","meta":{"_acf_changed":false,"site-sidebar-layout":"no-sidebar","site-content-layout":"page-builder","ast-site-content-layout":"full-width-container","site-content-style":"unboxed","site-sidebar-style":"unboxed","ast-global-header-display":"","ast-banner-title-visibility":"","ast-main-header-display":"","ast-hfb-above-header-display":"","ast-hfb-below-header-display":"","ast-hfb-mobile-header-display":"","site-post-title":"disabled","ast-breadcrumbs-content":"","ast-featured-img":"disabled","footer-sml-layout":"","ast-disable-related-posts":"","theme-transparent-header-meta":"default","adv-header-id-meta":"","stick-header-meta":"default","header-above-stick-meta":"","header-main-stick-meta":"","header-below-stick-meta":"","astra-migrate-meta-layouts":"set","ast-page-background-enabled":"default","ast-page-background-meta":{"desktop":{"background-color":"","background-image":"","background-repeat":"repeat","background-position":"center center","background-size":"auto","background-attachment":"scroll","background-type":"","background-media":"","overlay-type":"","overlay-color":"","overlay-opacity":"","overlay-gradient":""},"tablet":{"background-color":"","background-image":"","background-repeat":"repeat","background-position":"center center","background-size":"auto","background-attachment":"scroll","background-type":"","background-media":"","overlay-type":"","overlay-color":"","overlay-opacity":"","overlay-gradient":""},"mobile":{"background-color":"","background-image":"","background-repeat":"repeat","background-position":"center center","background-size":"auto","background-attachment":"scroll","background-type":"","background-media":"","overlay-type":"","overlay-color":"","overlay-opacity":"","overlay-gradient":""}},"ast-content-background-meta":{"desktop":{"background-color":"var(--ast-global-color-5)","background-image":"","background-repeat":"repeat","background-position":"center center","background-size":"auto","background-attachment":"scroll","background-type":"","background-media":"","overlay-type":"","overlay-color":"","overlay-opacity":"","overlay-gradient":""},"tablet":{"background-color":"var(--ast-global-color-5)","background-image":"","background-repeat":"repeat","background-position":"center center","background-size":"auto","background-attachment":"scroll","background-type":"","background-media":"","overlay-type":"","overlay-color":"","overlay-opacity":"","overlay-gradient":""},"mobile":{"background-color":"var(--ast-global-color-5)","background-image":"","background-repeat":"repeat","background-position":"center center","background-size":"auto","background-attachment":"scroll","background-type":"","background-media":"","overlay-type":"","overlay-color":"","overlay-opacity":"","overlay-gradient":""}},"footnotes":""},"folder":[],"class_list":["post-1486","page","type-page","status-publish","hentry"],"acf":[],"_links":{"self":[{"href":"https:\/\/varmeco.de\/it\/wp-json\/wp\/v2\/pages\/1486","targetHints":{"allow":["GET"]}}],"collection":[{"href":"https:\/\/varmeco.de\/it\/wp-json\/wp\/v2\/pages"}],"about":[{"href":"https:\/\/varmeco.de\/it\/wp-json\/wp\/v2\/types\/page"}],"author":[{"embeddable":true,"href":"https:\/\/varmeco.de\/it\/wp-json\/wp\/v2\/users\/2"}],"replies":[{"embeddable":true,"href":"https:\/\/varmeco.de\/it\/wp-json\/wp\/v2\/comments?post=1486"}],"version-history":[{"count":51,"href":"https:\/\/varmeco.de\/it\/wp-json\/wp\/v2\/pages\/1486\/revisions"}],"predecessor-version":[{"id":21923,"href":"https:\/\/varmeco.de\/it\/wp-json\/wp\/v2\/pages\/1486\/revisions\/21923"}],"wp:attachment":[{"href":"https:\/\/varmeco.de\/it\/wp-json\/wp\/v2\/media?parent=1486"}],"wp:term":[{"taxonomy":"folder","embeddable":true,"href":"https:\/\/varmeco.de\/it\/wp-json\/wp\/v2\/folder?post=1486"}],"curies":[{"name":"wp","href":"https:\/\/api.w.org\/{rel}","templated":true}]}}