{"id":15881,"date":"2025-10-02T17:39:03","date_gmt":"2025-10-02T15:39:03","guid":{"rendered":"https:\/\/varmeco.de\/?page_id=15881"},"modified":"2026-03-18T09:52:35","modified_gmt":"2026-03-18T08:52:35","slug":"sortiment-pufferspeicher","status":"publish","type":"page","link":"https:\/\/varmeco.de\/it\/produkte\/sortiment-pufferspeicher\/","title":{"rendered":"Gamma di serbatoi tampone"},"content":{"rendered":"<div data-elementor-type=\"wp-page\" data-elementor-id=\"15881\" class=\"elementor elementor-15881\" data-elementor-post-type=\"page\">\n\t\t\t\t<div class=\"elementor-element elementor-element-211f44c e-flex e-con-boxed e-con e-parent\" data-id=\"211f44c\" data-element_type=\"container\" data-e-type=\"container\">\n\t\t\t\t\t<div class=\"e-con-inner\">\n\t\t\t\t<div class=\"elementor-element elementor-element-b67dc25 elementor-widget elementor-widget-heading\" data-id=\"b67dc25\" data-element_type=\"widget\" data-e-type=\"widget\" data-widget_type=\"heading.default\">\n\t\t\t\t<div class=\"elementor-widget-container\">\n\t\t\t\t\t<h1 class=\"elementor-heading-title elementor-size-default\">Gamma di serbatoi tampone<\/h1>\t\t\t\t<\/div>\n\t\t\t\t<\/div>\n\t\t\t\t\t<\/div>\n\t\t\t\t<\/div>\n\t\t<div class=\"elementor-element elementor-element-9573629 e-flex e-con-boxed e-con e-parent\" data-id=\"9573629\" data-element_type=\"container\" data-e-type=\"container\">\n\t\t\t\t\t<div class=\"e-con-inner\">\n\t\t\t\t<div class=\"elementor-element elementor-element-f7713b6 elementor-widget elementor-widget-text-editor\" data-id=\"f7713b6\" data-element_type=\"widget\" data-e-type=\"widget\" data-widget_type=\"text-editor.default\">\n\t\t\t\t<div class=\"elementor-widget-container\">\n\t\t\t\t\t\t\t\t\t<p><span style=\"caret-color: #171717; font-size: 17px; font-style: normal; font-weight: 400;\">Gli accumulatori di calore sono pi\u00f9 di un semplice contenitore per disaccoppiare generazione e consumo. Sono il cuore di ogni centro di riscaldamento. L'integrazione idraulica, il dimensionamento e la qualit\u00e0 dell'accumulo sono determinanti per l'efficienza dell'intero sistema. varmeco risponde alla grande importanza del serbatoio di accumulo e alle esigenze pi\u00f9 diverse con un'ampia gamma di serbatoi tampone di produzione tedesca di qualit\u00e0 a Kaufbeuren: serbatoi di accumulo standard, serbatoi di accumulo speciali e serbatoi di accumulo di grandi dimensioni, con dispositivi di stratificazione efficaci per la migliore stratificazione della temperatura e con un isolamento efficiente per ridurre al minimo le perdite.<\/span><\/p>\t\t\t\t\t\t\t\t<\/div>\n\t\t\t\t<\/div>\n\t\t\t\t\t<\/div>\n\t\t\t\t<\/div>\n\t\t<div class=\"elementor-element elementor-element-7bd05d3 e-flex e-con-boxed e-con e-parent\" data-id=\"7bd05d3\" data-element_type=\"container\" data-e-type=\"container\" data-settings=\"{&quot;background_background&quot;:&quot;classic&quot;}\">\n\t\t\t\t\t<div class=\"e-con-inner\">\n\t\t        <script>\n        jQuery( document ).ready( function( $ ) {\n            \/\/ Use .on('click', ...) as it is slightly more modern and flexible.\n            $( '.elementor-element-915b57a' ).css( 'cursor', 'pointer' ).on( 'click', function(e) {\n                \n                var url = 'https:\/\/varmeco.de\/produkte\/sortiment-pufferspeicher\/serienspeicher\/';\n\n                                    \/\/ Otherwise, open the link in the same tab.\n                    window.location.href = url;\n                            });\n        });\n        <\/script>\n        <div class=\"elementor-element elementor-element-915b57a e-con-full e-flex e-con e-child\" data-id=\"915b57a\" data-element_type=\"container\" data-e-type=\"container\" data-settings=\"{&quot;background_background&quot;:&quot;classic&quot;}\">\n\t\t\t\t<div class=\"elementor-element elementor-element-cd2a67d elementor-widget elementor-widget-image\" data-id=\"cd2a67d\" data-element_type=\"widget\" data-e-type=\"widget\" data-widget_type=\"image.default\">\n\t\t\t\t<div class=\"elementor-widget-container\">\n\t\t\t\t\t\t\t\t\t\t\t\t\t\t\t\t<a href=\"https:\/\/varmeco.de\/it\/produkte\/sortiment-pufferspeicher\/serienspeicher\/\">\n\t\t\t\t\t\t\t<img fetchpriority=\"high\" decoding=\"async\" width=\"768\" height=\"614\" src=\"https:\/\/varmeco.de\/wp-content\/uploads\/2025\/10\/Unterkategorie-Serienspeicher-768x614.png\" class=\"attachment-medium_large size-medium_large wp-image-16517\" alt=\"\" srcset=\"https:\/\/varmeco.de\/wp-content\/uploads\/2025\/10\/Unterkategorie-Serienspeicher-768x614.png 768w, https:\/\/varmeco.de\/wp-content\/uploads\/2025\/10\/Unterkategorie-Serienspeicher-300x240.png 300w, https:\/\/varmeco.de\/wp-content\/uploads\/2025\/10\/Unterkategorie-Serienspeicher-1024x819.png 1024w, https:\/\/varmeco.de\/wp-content\/uploads\/2025\/10\/Unterkategorie-Serienspeicher-15x12.png 15w, https:\/\/varmeco.de\/wp-content\/uploads\/2025\/10\/Unterkategorie-Serienspeicher.png 1350w\" sizes=\"(max-width: 768px) 100vw, 768px\" title=\"\">\t\t\t\t\t\t\t\t<\/a>\n\t\t\t\t\t\t\t\t\t\t\t\t\t\t\t<\/div>\n\t\t\t\t<\/div>\n\t\t\t\t<div class=\"elementor-element elementor-element-980098a elementor-widget elementor-widget-heading\" data-id=\"980098a\" data-element_type=\"widget\" data-e-type=\"widget\" data-widget_type=\"heading.default\">\n\t\t\t\t<div class=\"elementor-widget-container\">\n\t\t\t\t\t<h2 class=\"elementor-heading-title elementor-size-default\"><a href=\"https:\/\/varmeco.de\/it\/produkte\/sortiment-pufferspeicher\/serienspeicher\/\">Memoria seriale<\/a><\/h2>\t\t\t\t<\/div>\n\t\t\t\t<\/div>\n\t\t\t\t<div class=\"elementor-element elementor-element-ab9b02f elementor-widget elementor-widget-text-editor\" data-id=\"ab9b02f\" data-element_type=\"widget\" data-e-type=\"widget\" data-widget_type=\"text-editor.default\">\n\t\t\t\t<div class=\"elementor-widget-container\">\n\t\t\t\t\t\t\t\t\t<p><span style=\"caret-color: #171717; font-size: 17px; font-style: normal; font-weight: 400;\">In magazzino e quindi disponibili in tempi brevi - sono disponibili in varie serie fino a un massimo di 5.000 litri, a seconda del tipo anche con scambiatori di calore a tubi lisci saldati in modo permanente per il collegamento di un sistema di riscaldamento solare.<\/span><\/p><p>\u00a0<\/p>\t\t\t\t\t\t\t\t<\/div>\n\t\t\t\t<\/div>\n\t\t\t\t<\/div>\n\t\t        <script>\n        jQuery( document ).ready( function( $ ) {\n            \/\/ Use .on('click', ...) as it is slightly more modern and flexible.\n            $( '.elementor-element-1e713db' ).css( 'cursor', 'pointer' ).on( 'click', function(e) {\n                \n                var url = 'https:\/\/varmeco.de\/produkte\/sortiment-pufferspeicher\/sonderspeicher\/';\n\n                                    \/\/ Otherwise, open the link in the same tab.\n                    window.location.href = url;\n                            });\n        });\n        <\/script>\n        <div class=\"elementor-element elementor-element-1e713db e-con-full e-flex e-con e-child\" data-id=\"1e713db\" data-element_type=\"container\" data-e-type=\"container\" data-settings=\"{&quot;background_background&quot;:&quot;classic&quot;}\">\n\t\t\t\t<div class=\"elementor-element elementor-element-026a96e elementor-widget elementor-widget-image\" data-id=\"026a96e\" data-element_type=\"widget\" data-e-type=\"widget\" data-widget_type=\"image.default\">\n\t\t\t\t<div class=\"elementor-widget-container\">\n\t\t\t\t\t\t\t\t\t\t\t\t\t\t\t\t<a href=\"https:\/\/varmeco.de\/it\/produkte\/sortiment-pufferspeicher\/sonderspeicher\/\">\n\t\t\t\t\t\t\t<img decoding=\"async\" src=\"https:\/\/varmeco.de\/wp-content\/uploads\/elementor\/thumbs\/sonderspeicher_1080x1350-rjs6rh6nwmp2vteme7owoinvgtreittt6cd1jfcr9c.png\" title=\"sonderspeicher_1080x1350\" alt=\"stoccaggio speciale da varmeco\" loading=\"lazy\" \/>\t\t\t\t\t\t\t\t<\/a>\n\t\t\t\t\t\t\t\t\t\t\t\t\t\t\t<\/div>\n\t\t\t\t<\/div>\n\t\t\t\t<div class=\"elementor-element elementor-element-6e35de2 elementor-widget elementor-widget-heading\" data-id=\"6e35de2\" data-element_type=\"widget\" data-e-type=\"widget\" data-widget_type=\"heading.default\">\n\t\t\t\t<div class=\"elementor-widget-container\">\n\t\t\t\t\t<h2 class=\"elementor-heading-title elementor-size-default\"><a href=\"https:\/\/varmeco.de\/it\/produkte\/sortiment-pufferspeicher\/sonderspeicher\/\">Memoria speciale<\/a><\/h2>\t\t\t\t<\/div>\n\t\t\t\t<\/div>\n\t\t\t\t<div class=\"elementor-element elementor-element-3ffc68a elementor-widget elementor-widget-text-editor\" data-id=\"3ffc68a\" data-element_type=\"widget\" data-e-type=\"widget\" data-widget_type=\"text-editor.default\">\n\t\t\t\t<div class=\"elementor-widget-container\">\n\t\t\t\t\t\t\t\t\t<p><span style=\"font-size: 17px; font-style: normal; font-weight: 400;\">Realizzati in base alle esigenze individuali del cliente, secondo i disegni dimensionali. Sono quotati fino a 12.500 litri, ma sono possibili anche dimensioni ben superiori, fino a 150.000 litri. \u00c8 possibile scegliere un'ampia gamma di installazioni e accessori in termini di numero e dimensioni.<\/span><\/p>\t\t\t\t\t\t\t\t<\/div>\n\t\t\t\t<\/div>\n\t\t\t\t<\/div>\n\t\t\t\t\t<\/div>\n\t\t\t\t<\/div>\n\t\t<div class=\"elementor-element elementor-element-6a51de1 e-flex e-con-boxed e-con e-parent\" data-id=\"6a51de1\" data-element_type=\"container\" data-e-type=\"container\">\n\t\t\t\t\t<div class=\"e-con-inner\">\n\t\t\t\t<div class=\"elementor-element elementor-element-9e0ea27 elementor-widget elementor-widget-heading\" data-id=\"9e0ea27\" data-element_type=\"widget\" data-e-type=\"widget\" data-widget_type=\"heading.default\">\n\t\t\t\t<div class=\"elementor-widget-container\">\n\t\t\t\t\t<h2 class=\"elementor-heading-title elementor-size-default\">Domande frequenti sul serbatoio di accumulo, spiegate in modo semplice<\/h2>\t\t\t\t<\/div>\n\t\t\t\t<\/div>\n\t\t\t\t<div class=\"elementor-element elementor-element-9a80464 align-at-left elementor-widget elementor-widget-uael-faq\" data-id=\"9a80464\" data-element_type=\"widget\" data-e-type=\"widget\" data-widget_type=\"uael-faq.default\">\n\t\t\t\t<div class=\"elementor-widget-container\">\n\t\t\t\t\t\n\t\t\t<div id='uael-faq-wrapper-162' class=\"uael-faq-wrapper\">\n\t\t\t\t<div class=\"uael-faq-container uael-faq-layout-accordion\" data-layout=\"accordion\" >\n\t\t\t\t\t\t\t\t\t\t\t\t<div id=\"uael-accordion-1f29587\" class=\"uael-faq-accordion\" role=\"tablist\">\n\t\t\t\t\t\t\t\t<div class= \"uael-accordion-title\" aria-expanded=\"false\" role=\"tab\">\n\t\t\t\t\t\t\t\t\t<span class=\"uael-accordion-icon uael-accordion-icon-left\">\n\t\t\t\t\t\t\t\t\t\t<span class=\"uael-accordion-icon-closed\"><i class=\"fas fa-plus\"><\/i><\/span>\n\t\t\t\t\t\t\t\t\t\t<span class=\"uael-accordion-icon-opened\"><i class=\"fas fa-minus\"><\/i><\/span>\n\t\t\t\t\t\t\t\t\t<\/span>\n\t\t\t\t\t\t\t\t\t<h3 class=\"uael-question-1f29587 uael-question-span\" tabindex=\"0\" id=\"uael-faq-1-69da4f922acee\">Che ruolo ha il bollitore tampone in un sistema di riscaldamento?<\/h3>\n\t\t\t\t\t\t\t\t<\/div>\n\t\t\t\t\t\t\t\t<div class=\"uael-accordion-content\" role=\"tabpanel\">\n\t\t\t\t\t\t\t\t\t<span>\n\t\t\t\t\t\t\t\t\t<span><p data-pm-slice=\"1 1 []\">Un bollitore tampone non serve solo a disaccoppiare la produzione e il consumo di calore. Accumula energia termica, assicura una stratificazione stabile della temperatura e fornisce calore esattamente quando \u00e8 necessario. Questo lo rende l'elemento centrale di qualsiasi sistema di riscaldamento centralizzato efficiente.<\/p><\/span>\t\t\t\t\t\t\t\t\t<\/span>\n\t\t\t\t\t\t\t\t<\/div>\n\t\t\t\t\t\t\t<\/div>\n\t\t\t\t\t\t\t\t\t\t\t\t\t\t<div id=\"uael-accordion-db473d0\" class=\"uael-faq-accordion\" role=\"tablist\">\n\t\t\t\t\t\t\t\t<div class= \"uael-accordion-title\" aria-expanded=\"false\" role=\"tab\">\n\t\t\t\t\t\t\t\t\t<span class=\"uael-accordion-icon uael-accordion-icon-left\">\n\t\t\t\t\t\t\t\t\t\t<span class=\"uael-accordion-icon-closed\"><i class=\"fas fa-plus\"><\/i><\/span>\n\t\t\t\t\t\t\t\t\t\t<span class=\"uael-accordion-icon-opened\"><i class=\"fas fa-minus\"><\/i><\/span>\n\t\t\t\t\t\t\t\t\t<\/span>\n\t\t\t\t\t\t\t\t\t<h3 class=\"uael-question-db473d0 uael-question-span\" tabindex=\"0\" id=\"uael-faq-2-69da4f922adbb\">Perch\u00e9 \u00e8 cos\u00ec importante il corretto dimensionamento di un serbatoio di accumulo?<\/h3>\n\t\t\t\t\t\t\t\t<\/div>\n\t\t\t\t\t\t\t\t<div class=\"uael-accordion-content\" role=\"tabpanel\">\n\t\t\t\t\t\t\t\t\t<span>\n\t\t\t\t\t\t\t\t\t<span><p data-pm-slice=\"1 1 []\">Le dimensioni del bollitore influenzano direttamente le prestazioni dell'intero sistema. Un bollitore progettato correttamente evita cicli inutili, migliora l'efficienza dei generatori di calore e garantisce un funzionamento affidabile e conveniente del sistema.<\/p><\/span>\t\t\t\t\t\t\t\t\t<\/span>\n\t\t\t\t\t\t\t\t<\/div>\n\t\t\t\t\t\t\t<\/div>\n\t\t\t\t\t\t\t\t\t\t\t\t\t\t<div id=\"uael-accordion-7df0635\" class=\"uael-faq-accordion\" role=\"tablist\">\n\t\t\t\t\t\t\t\t<div class= \"uael-accordion-title\" aria-expanded=\"false\" role=\"tab\">\n\t\t\t\t\t\t\t\t\t<span class=\"uael-accordion-icon uael-accordion-icon-left\">\n\t\t\t\t\t\t\t\t\t\t<span class=\"uael-accordion-icon-closed\"><i class=\"fas fa-plus\"><\/i><\/span>\n\t\t\t\t\t\t\t\t\t\t<span class=\"uael-accordion-icon-opened\"><i class=\"fas fa-minus\"><\/i><\/span>\n\t\t\t\t\t\t\t\t\t<\/span>\n\t\t\t\t\t\t\t\t\t<h3 class=\"uael-question-7df0635 uael-question-span\" tabindex=\"0\" id=\"uael-faq-3-69da4f922ae69\">Cosa caratterizza i serbatoi tampone di varmeco?<\/h3>\n\t\t\t\t\t\t\t\t<\/div>\n\t\t\t\t\t\t\t\t<div class=\"uael-accordion-content\" role=\"tabpanel\">\n\t\t\t\t\t\t\t\t\t<span>\n\t\t\t\t\t\t\t\t\t<span><p data-pm-slice=\"1 1 []\">varmeco offre un'ampia gamma di prodotti fabbricati in Baviera, dai serbatoi di serie standardizzati ai serbatoi speciali e di grandi dimensioni personalizzati. Tutti i serbatoi di stoccaggio sono dotati di efficaci sistemi di stratificazione e di un isolamento di alta qualit\u00e0 che riducono al minimo le perdite di energia e aumentano l'efficienza del sistema.<\/p><\/span>\t\t\t\t\t\t\t\t\t<\/span>\n\t\t\t\t\t\t\t\t<\/div>\n\t\t\t\t\t\t\t<\/div>\n\t\t\t\t\t\t\t\t\t\t\t\t\t\t<div id=\"uael-accordion-0fa7eaf\" class=\"uael-faq-accordion\" role=\"tablist\">\n\t\t\t\t\t\t\t\t<div class= \"uael-accordion-title\" aria-expanded=\"false\" role=\"tab\">\n\t\t\t\t\t\t\t\t\t<span class=\"uael-accordion-icon uael-accordion-icon-left\">\n\t\t\t\t\t\t\t\t\t\t<span class=\"uael-accordion-icon-closed\"><i class=\"fas fa-plus\"><\/i><\/span>\n\t\t\t\t\t\t\t\t\t\t<span class=\"uael-accordion-icon-opened\"><i class=\"fas fa-minus\"><\/i><\/span>\n\t\t\t\t\t\t\t\t\t<\/span>\n\t\t\t\t\t\t\t\t\t<h3 class=\"uael-question-0fa7eaf uael-question-span\" tabindex=\"0\" id=\"uael-faq-4-69da4f922aef4\">Per quali applicazioni sono adatte le varie soluzioni di archiviazione?<\/h3>\n\t\t\t\t\t\t\t\t<\/div>\n\t\t\t\t\t\t\t\t<div class=\"uael-accordion-content\" role=\"tabpanel\">\n\t\t\t\t\t\t\t\t\t<span>\n\t\t\t\t\t\t\t\t\t<span><p data-pm-slice=\"1 1 []\">Che si tratti di una casa unifamiliare o di un condominio, di una struttura commerciale o di un progetto su larga scala: grazie alle varie dimensioni, ai design e alle opzioni di configurazione, i cilindri possono essere adattati individualmente ai sistemi di riscaldamento, all'energia solare termica, alla tecnologia dell'acqua dolce o a reti di riscaldamento complesse.<\/p><\/span>\t\t\t\t\t\t\t\t\t<\/span>\n\t\t\t\t\t\t\t\t<\/div>\n\t\t\t\t\t\t\t<\/div>\n\t\t\t\t\t\t\t\t\t\t\t\t\t\t<div id=\"uael-accordion-7da366e\" class=\"uael-faq-accordion\" role=\"tablist\">\n\t\t\t\t\t\t\t\t<div class= \"uael-accordion-title\" aria-expanded=\"false\" role=\"tab\">\n\t\t\t\t\t\t\t\t\t<span class=\"uael-accordion-icon uael-accordion-icon-left\">\n\t\t\t\t\t\t\t\t\t\t<span class=\"uael-accordion-icon-closed\"><i class=\"fas fa-plus\"><\/i><\/span>\n\t\t\t\t\t\t\t\t\t\t<span class=\"uael-accordion-icon-opened\"><i class=\"fas fa-minus\"><\/i><\/span>\n\t\t\t\t\t\t\t\t\t<\/span>\n\t\t\t\t\t\t\t\t\t<h3 class=\"uael-question-7da366e uael-question-span\" tabindex=\"0\" id=\"uael-faq-5-69da4f922af6a\">Quali sono i vantaggi dei dispositivi di stratificazione nel serbatoio di accumulo?<\/h3>\n\t\t\t\t\t\t\t\t<\/div>\n\t\t\t\t\t\t\t\t<div class=\"uael-accordion-content\" role=\"tabpanel\">\n\t\t\t\t\t\t\t\t\t<span>\n\t\t\t\t\t\t\t\t\t<span><p data-pm-slice=\"1 1 []\">I sistemi di stratificazione assicurano che gli strati di acqua calda e fredda rimangano nettamente separati gli uni dagli altri. Ci\u00f2 significa che la zona di temperatura giusta \u00e8 sempre disponibile al momento giusto, per un'elevata efficienza, tempi di reazione brevi e un utilizzo ottimale di tutti i generatori di calore integrati.<\/p><\/span>\t\t\t\t\t\t\t\t\t<\/span>\n\t\t\t\t\t\t\t\t<\/div>\n\t\t\t\t\t\t\t<\/div>\n\t\t\t\t\t\t\t\t\t\t\t<\/div>\n\t\t\t<\/div>\n\t\t\t\t\t\t\t<\/div>\n\t\t\t\t<\/div>\n\t\t\t\t\t<\/div>\n\t\t\t\t<\/div>\n\t\t\t\t<\/div>","protected":false},"excerpt":{"rendered":"<p>Sortiment Pufferspeicher W\u00e4rmespeicher sind mehr als ein Beh\u00e4ltnis zum Entkoppeln von Erzeugung und Verbrauch. Sie sind das Herz jeder W\u00e4rmezentrale. [&hellip;]<\/p>\n","protected":false},"author":9,"featured_media":16518,"parent":16359,"menu_order":0,"comment_status":"closed","ping_status":"closed","template":"","meta":{"_acf_changed":false,"site-sidebar-layout":"no-sidebar","site-content-layout":"page-builder","ast-site-content-layout":"full-width-container","site-content-style":"default","site-sidebar-style":"default","ast-global-header-display":"disabled","ast-banner-title-visibility":"","ast-main-header-display":"","ast-hfb-above-header-display":"","ast-hfb-below-header-display":"","ast-hfb-mobile-header-display":"","site-post-title":"","ast-breadcrumbs-content":"","ast-featured-img":"disabled","footer-sml-layout":"","ast-disable-related-posts":"","theme-transparent-header-meta":"","adv-header-id-meta":"","stick-header-meta":"","header-above-stick-meta":"","header-main-stick-meta":"","header-below-stick-meta":"","astra-migrate-meta-layouts":"set","ast-page-background-enabled":"default","ast-page-background-meta":{"desktop":{"background-color":"","background-image":"","background-repeat":"repeat","background-position":"center center","background-size":"auto","background-attachment":"scroll","background-type":"","background-media":"","overlay-type":"","overlay-color":"","overlay-opacity":"","overlay-gradient":""},"tablet":{"background-color":"","background-image":"","background-repeat":"repeat","background-position":"center center","background-size":"auto","background-attachment":"scroll","background-type":"","background-media":"","overlay-type":"","overlay-color":"","overlay-opacity":"","overlay-gradient":""},"mobile":{"background-color":"","background-image":"","background-repeat":"repeat","background-position":"center center","background-size":"auto","background-attachment":"scroll","background-type":"","background-media":"","overlay-type":"","overlay-color":"","overlay-opacity":"","overlay-gradient":""}},"ast-content-background-meta":{"desktop":{"background-color":"var(--ast-global-color-5)","background-image":"","background-repeat":"repeat","background-position":"center center","background-size":"auto","background-attachment":"scroll","background-type":"","background-media":"","overlay-type":"","overlay-color":"","overlay-opacity":"","overlay-gradient":""},"tablet":{"background-color":"var(--ast-global-color-5)","background-image":"","background-repeat":"repeat","background-position":"center center","background-size":"auto","background-attachment":"scroll","background-type":"","background-media":"","overlay-type":"","overlay-color":"","overlay-opacity":"","overlay-gradient":""},"mobile":{"background-color":"var(--ast-global-color-5)","background-image":"","background-repeat":"repeat","background-position":"center center","background-size":"auto","background-attachment":"scroll","background-type":"","background-media":"","overlay-type":"","overlay-color":"","overlay-opacity":"","overlay-gradient":""}},"footnotes":""},"folder":[67],"class_list":["post-15881","page","type-page","status-publish","has-post-thumbnail","hentry"],"acf":[],"_links":{"self":[{"href":"https:\/\/varmeco.de\/it\/wp-json\/wp\/v2\/pages\/15881","targetHints":{"allow":["GET"]}}],"collection":[{"href":"https:\/\/varmeco.de\/it\/wp-json\/wp\/v2\/pages"}],"about":[{"href":"https:\/\/varmeco.de\/it\/wp-json\/wp\/v2\/types\/page"}],"author":[{"embeddable":true,"href":"https:\/\/varmeco.de\/it\/wp-json\/wp\/v2\/users\/9"}],"replies":[{"embeddable":true,"href":"https:\/\/varmeco.de\/it\/wp-json\/wp\/v2\/comments?post=15881"}],"version-history":[{"count":42,"href":"https:\/\/varmeco.de\/it\/wp-json\/wp\/v2\/pages\/15881\/revisions"}],"predecessor-version":[{"id":23036,"href":"https:\/\/varmeco.de\/it\/wp-json\/wp\/v2\/pages\/15881\/revisions\/23036"}],"up":[{"embeddable":true,"href":"https:\/\/varmeco.de\/it\/wp-json\/wp\/v2\/pages\/16359"}],"wp:featuredmedia":[{"embeddable":true,"href":"https:\/\/varmeco.de\/it\/wp-json\/wp\/v2\/media\/16518"}],"wp:attachment":[{"href":"https:\/\/varmeco.de\/it\/wp-json\/wp\/v2\/media?parent=15881"}],"wp:term":[{"taxonomy":"folder","embeddable":true,"href":"https:\/\/varmeco.de\/it\/wp-json\/wp\/v2\/folder?post=15881"}],"curies":[{"name":"wp","href":"https:\/\/api.w.org\/{rel}","templated":true}]}}