{"id":16007,"date":"2025-10-09T14:14:17","date_gmt":"2025-10-09T12:14:17","guid":{"rendered":"https:\/\/varmeco.de\/?page_id=16007"},"modified":"2026-03-13T14:50:46","modified_gmt":"2026-03-13T13:50:46","slug":"heizungssystemtechnik","status":"publish","type":"page","link":"https:\/\/varmeco.de\/it\/produkte\/heizungssystemtechnik\/","title":{"rendered":"Tecnologia del sistema di riscaldamento"},"content":{"rendered":"<div data-elementor-type=\"wp-page\" data-elementor-id=\"16007\" class=\"elementor elementor-16007\" data-elementor-post-type=\"page\">\n\t\t\t\t<div class=\"elementor-element elementor-element-71a736dd e-flex e-con-boxed e-con e-parent\" data-id=\"71a736dd\" data-element_type=\"container\" data-e-type=\"container\">\n\t\t\t\t\t<div class=\"e-con-inner\">\n\t\t\t\t<div class=\"elementor-element elementor-element-40996d50 elementor-widget elementor-widget-heading\" data-id=\"40996d50\" data-element_type=\"widget\" data-e-type=\"widget\" data-widget_type=\"heading.default\">\n\t\t\t\t<div class=\"elementor-widget-container\">\n\t\t\t\t\t<h1 class=\"elementor-heading-title elementor-size-default\">Tecnologia del sistema di riscaldamento<\/h1>\t\t\t\t<\/div>\n\t\t\t\t<\/div>\n\t\t\t\t\t<\/div>\n\t\t\t\t<\/div>\n\t\t<div class=\"elementor-element elementor-element-248b1e90 e-flex e-con-boxed e-con e-parent\" data-id=\"248b1e90\" data-element_type=\"container\" data-e-type=\"container\">\n\t\t\t\t\t<div class=\"e-con-inner\">\n\t\t\t\t<div class=\"elementor-element elementor-element-251ab2b9 elementor-widget elementor-widget-text-editor\" data-id=\"251ab2b9\" data-element_type=\"widget\" data-e-type=\"widget\" data-widget_type=\"text-editor.default\">\n\t\t\t\t<div class=\"elementor-widget-container\">\n\t\t\t\t\t\t\t\t\t<p>La tecnologia di sistema riunisce le informazioni ed \u00e8 quindi un prerequisito per l'uso razionale dell'energia. Il <strong>Tecnologia del sistema di riscaldamento<\/strong> di varmeco garantisce un'interazione ottimale tra tutti i componenti dei sistemi di riscaldamento, quali scaldacqua, accumulatori, fonti di calore, circuiti di riscaldamento e impianti solari termici. Il sistema di gestione del calore varmeco, centralizzato per tutti i componenti di riscaldamento, \u00e8 la soluzione su misura per il risparmio energetico che registra e valuta tutti i dati dei sensori a livello centrale. Sulla base delle misurazioni, l'intelligente tecnologia varmeco prende decisioni logiche e indirizza il calore direttamente dove \u00e8 necessario.<\/p>\t\t\t\t\t\t\t\t<\/div>\n\t\t\t\t<\/div>\n\t\t\t\t\t<\/div>\n\t\t\t\t<\/div>\n\t\t<div class=\"elementor-element elementor-element-22f5c2b2 e-flex e-con-boxed e-con e-parent\" data-id=\"22f5c2b2\" data-element_type=\"container\" data-e-type=\"container\" data-settings=\"{&quot;background_background&quot;:&quot;classic&quot;}\">\n\t\t\t\t\t<div class=\"e-con-inner\">\n\t\t\t\t<div class=\"elementor-element elementor-element-35d84fa uael-equal__height-yes uael-post__link-complete-yes elementor-widget elementor-widget-uael-posts\" data-id=\"35d84fa\" data-element_type=\"widget\" data-e-type=\"widget\" data-settings=\"{&quot;classic_slides_to_show&quot;:3,&quot;classic_slides_to_show_tablet&quot;:2,&quot;classic_slides_to_show_mobile&quot;:1}\" data-widget_type=\"uael-posts.classic\">\n\t\t\t\t<div class=\"elementor-widget-container\">\n\t\t\t\t\t\t\t<div class=\"uael-post__header\">\n\t\t\t\t\t<\/div>\n\t\t<div class=\"uael-post__body\">\n\t\t\t\n\t\t\n\t\t<div class=\"uael-blog-terms-position-above_content uael-post-image-top uael-post-grid uael-posts\" data-query-type=\"custom\" data-structure=\"normal\" data-layout=\"\" data-page=\"16007\" data-skin=\"classic\" data-filter-default=\"\" data-offset-top=\"30\" >\n\n\t\t\t\t\t\t\t<div class=\"uael-post-grid__inner uael-post__columns-3 uael-post__columns-tablet-2 uael-post__columns-mobile-1\">\n\t\t\t\n<div class=\"uael-post-wrapper\">\n\t<div class=\"uael-post__bg-wrap uael-bg-wrap-disabled\">\n\n\t\t\t\t\t<a href=\"https:\/\/varmeco.de\/it\/produkte\/heizungssystemtechnik\/vario-fresh-nova-2\/\" target=\"_self\" class=\"uael-post__complete-box-overlay\" aria-label=\"Link Box completo\"><\/a>\n\t\t\t\t\n\t\t<div class=\"uael-post__inner-wrap uael-inner-wrap-disabled\">\n\n\t\t\t\t<div class=\"uael-post__thumbnail\">\n\t\t\t\n\t\t\t<a href=\"https:\/\/varmeco.de\/it\/produkte\/heizungssystemtechnik\/vario-fresh-nova-2\/\" target=\"_self\" title=\"VARIO fresh-nova+\"><img fetchpriority=\"high\" decoding=\"async\" width=\"1080\" height=\"1350\" src=\"https:\/\/varmeco.de\/wp-content\/uploads\/2025\/10\/vario_fresh_nova__1080x1350.png\" class=\"attachment-full size-full wp-image-15753\" alt=\"Vario fresh nova\" title=\"\" srcset=\"https:\/\/varmeco.de\/wp-content\/uploads\/2025\/10\/vario_fresh_nova__1080x1350.png 1080w, https:\/\/varmeco.de\/wp-content\/uploads\/2025\/10\/vario_fresh_nova__1080x1350-240x300.png 240w, https:\/\/varmeco.de\/wp-content\/uploads\/2025\/10\/vario_fresh_nova__1080x1350-819x1024.png 819w, https:\/\/varmeco.de\/wp-content\/uploads\/2025\/10\/vario_fresh_nova__1080x1350-768x960.png 768w, https:\/\/varmeco.de\/wp-content\/uploads\/2025\/10\/vario_fresh_nova__1080x1350-10x12.png 10w\" sizes=\"(max-width: 1080px) 100vw, 1080px\" \/><\/a>\n\t\t\t\t\t<\/div>\n\t\t\n\t\t\t\n\t\t\t<div class=\"uael-post__content-wrap uael-content-wrap-disabled\">\n\t\t\t\t\t\t\t<div class=\"uael-post__terms-wrap\"><span class=\"uael-post__terms\"><span class=\"uael-listing__terms-link\">Tecnologia del sistema di riscaldamento<\/span><\/span><\/div>\n\t\t\t\t\t\t<h3 class=\"uael-post__title\">\n\n\t\t\n\t\t\t\t\t\t<a href=\"https:\/\/varmeco.de\/it\/produkte\/heizungssystemtechnik\/vario-fresh-nova-2\/\" target=\"_self\">\n\t\t\t\tVARIO fresh-nova+\t\t\t<\/a>\n\n\t\t\t\t<\/h3>\n\t\t\n\t\t<div class=\"uael-post__excerpt\">\n\t\t\t\t\t<\/div>\n\n\t\t\t\t\t<\/div>\n\t\t\t\n\t\t<\/div>\n\t\t\n\t<\/div>\n\n<\/div>\n\n<div class=\"uael-post-wrapper\">\n\t<div class=\"uael-post__bg-wrap uael-bg-wrap-disabled\">\n\n\t\t\t\t\t<a href=\"https:\/\/varmeco.de\/it\/produkte\/heizungssystemtechnik\/varcon380\/\" target=\"_self\" class=\"uael-post__complete-box-overlay\" aria-label=\"Link Box completo\"><\/a>\n\t\t\t\t\n\t\t<div class=\"uael-post__inner-wrap uael-inner-wrap-disabled\">\n\n\t\t\t\t<div class=\"uael-post__thumbnail\">\n\t\t\t\n\t\t\t<a href=\"https:\/\/varmeco.de\/it\/produkte\/heizungssystemtechnik\/varcon380\/\" target=\"_self\" title=\"VarCon380\"><img decoding=\"async\" width=\"1024\" height=\"1262\" src=\"https:\/\/varmeco.de\/wp-content\/uploads\/2024\/05\/varcon380_1024x1024.png\" class=\"attachment-full size-full wp-image-10421\" alt=\"\" title=\"\" srcset=\"https:\/\/varmeco.de\/wp-content\/uploads\/2024\/05\/varcon380_1024x1024.png 1024w, https:\/\/varmeco.de\/wp-content\/uploads\/2024\/05\/varcon380_1024x1024-243x300.png 243w, https:\/\/varmeco.de\/wp-content\/uploads\/2024\/05\/varcon380_1024x1024-831x1024.png 831w, https:\/\/varmeco.de\/wp-content\/uploads\/2024\/05\/varcon380_1024x1024-768x947.png 768w\" sizes=\"(max-width: 1024px) 100vw, 1024px\" \/><\/a>\n\t\t\t\t\t<\/div>\n\t\t\n\t\t\t\n\t\t\t<div class=\"uael-post__content-wrap uael-content-wrap-disabled\">\n\t\t\t\t\t\t\t<div class=\"uael-post__terms-wrap\"><span class=\"uael-post__terms\"><span class=\"uael-listing__terms-link\">Tecnologia del sistema di riscaldamento<\/span><\/span><\/div>\n\t\t\t\t\t\t<h3 class=\"uael-post__title\">\n\n\t\t\n\t\t\t\t\t\t<a href=\"https:\/\/varmeco.de\/it\/produkte\/heizungssystemtechnik\/varcon380\/\" target=\"_self\">\n\t\t\t\tVarCon380\t\t\t<\/a>\n\n\t\t\t\t<\/h3>\n\t\t\n\t\t<div class=\"uael-post__excerpt\">\n\t\t\t\t\t<\/div>\n\n\t\t\t\t\t<\/div>\n\t\t\t\n\t\t<\/div>\n\t\t\n\t<\/div>\n\n<\/div>\n\t\t\t\t<\/div>\n\t\t\t\t\t\t\n\t\t<\/div>\n\n\t\t\t\t\t\t<\/div>\n\t\t<div class=\"uael-post__footer\">\n\t\t\t\t\t<\/div>\n\t\t\t\t\t\t<\/div>\n\t\t\t\t<\/div>\n\t\t\t\t\t<\/div>\n\t\t\t\t<\/div>\n\t\t<div class=\"elementor-element elementor-element-90cb913 e-flex e-con-boxed e-con e-parent\" data-id=\"90cb913\" data-element_type=\"container\" data-e-type=\"container\" data-settings=\"{&quot;background_background&quot;:&quot;classic&quot;}\">\n\t\t\t\t\t<div class=\"e-con-inner\">\n\t\t<div class=\"elementor-element elementor-element-7fc646f e-con-full e-flex e-con e-child\" data-id=\"7fc646f\" data-element_type=\"container\" data-e-type=\"container\">\n\t\t\t\t<div class=\"elementor-element elementor-element-1a26a1e elementor-widget elementor-widget-heading\" data-id=\"1a26a1e\" data-element_type=\"widget\" data-e-type=\"widget\" data-widget_type=\"heading.default\">\n\t\t\t\t<div class=\"elementor-widget-container\">\n\t\t\t\t\t<h2 class=\"elementor-heading-title elementor-size-default\">Le domande pi\u00f9 frequenti riguardano la tecnologia dei nostri sistemi di riscaldamento, spiegata in modo semplice<\/h2>\t\t\t\t<\/div>\n\t\t\t\t<\/div>\n\t\t\t\t<div class=\"elementor-element elementor-element-dd9edf6 align-at-left elementor-widget elementor-widget-uael-faq\" data-id=\"dd9edf6\" data-element_type=\"widget\" data-e-type=\"widget\" data-widget_type=\"uael-faq.default\">\n\t\t\t\t<div class=\"elementor-widget-container\">\n\t\t\t\t\t\n\t\t\t<div id='uael-faq-wrapper-232' class=\"uael-faq-wrapper\">\n\t\t\t\t<div class=\"uael-faq-container uael-faq-layout-accordion\" data-layout=\"accordion\" >\n\t\t\t\t\t\t\t\t\t\t\t\t<div id=\"uael-accordion-b196741\" class=\"uael-faq-accordion\" role=\"tablist\">\n\t\t\t\t\t\t\t\t<div class= \"uael-accordion-title\" aria-expanded=\"false\" role=\"tab\">\n\t\t\t\t\t\t\t\t\t<span class=\"uael-accordion-icon uael-accordion-icon-left\">\n\t\t\t\t\t\t\t\t\t\t<span class=\"uael-accordion-icon-closed\"><i class=\"fas fa-plus\"><\/i><\/span>\n\t\t\t\t\t\t\t\t\t\t<span class=\"uael-accordion-icon-opened\"><i class=\"fas fa-minus\"><\/i><\/span>\n\t\t\t\t\t\t\t\t\t<\/span>\n\t\t\t\t\t\t\t\t\t<h3 class=\"uael-question-b196741 uael-question-span\" tabindex=\"0\" id=\"uael-faq-1-69e8fdafe4fff\">Cosa fa parte della tecnologia dei sistemi di riscaldamento varmeco?<\/h3>\n\t\t\t\t\t\t\t\t<\/div>\n\t\t\t\t\t\t\t\t<div class=\"uael-accordion-content\" role=\"tabpanel\">\n\t\t\t\t\t\t\t\t\t<span>\n\t\t\t\t\t\t\t\t\t<span><p>La nostra tecnologia di sistema di riscaldamento comprende l'interazione di fonti di calore (ad es. pompa di calore, energia solare termica), accumulatori di calore (ad es. serbatoio tampone) e dissipatori di calore (ad es. circuiti di riscaldamento, riscaldamento dell'acqua dolce) con una tecnologia di regolazione\/controllo intelligente. Insieme, questi componenti formano un sistema olistico per il calore, l'acqua calda e l'efficienza energetica.<\/p><\/span>\t\t\t\t\t\t\t\t\t<\/span>\n\t\t\t\t\t\t\t\t<\/div>\n\t\t\t\t\t\t\t<\/div>\n\t\t\t\t\t\t\t\t\t\t\t\t\t\t<div id=\"uael-accordion-7f96a32\" class=\"uael-faq-accordion\" role=\"tablist\">\n\t\t\t\t\t\t\t\t<div class= \"uael-accordion-title\" aria-expanded=\"false\" role=\"tab\">\n\t\t\t\t\t\t\t\t\t<span class=\"uael-accordion-icon uael-accordion-icon-left\">\n\t\t\t\t\t\t\t\t\t\t<span class=\"uael-accordion-icon-closed\"><i class=\"fas fa-plus\"><\/i><\/span>\n\t\t\t\t\t\t\t\t\t\t<span class=\"uael-accordion-icon-opened\"><i class=\"fas fa-minus\"><\/i><\/span>\n\t\t\t\t\t\t\t\t\t<\/span>\n\t\t\t\t\t\t\t\t\t<h3 class=\"uael-question-7f96a32 uael-question-span\" tabindex=\"0\" id=\"uael-faq-2-69e8fdafe50a7\">Come fa varmeco a garantire che tutti i componenti lavorino insieme in modo ottimale?<\/h3>\n\t\t\t\t\t\t\t\t<\/div>\n\t\t\t\t\t\t\t\t<div class=\"uael-accordion-content\" role=\"tabpanel\">\n\t\t\t\t\t\t\t\t\t<span>\n\t\t\t\t\t\t\t\t\t<span><p>Tutti i dati dei sensori (ad esempio, temperatura, portata volumetrica, pressione) vengono registrati e analizzati da un sistema centrale di gestione del calore. Sulla base di questi dati, la tecnologia di controllo indirizza la distribuzione del calore esattamente dove \u00e8 necessario, garantendo un uso efficiente dell'energia e il massimo comfort.<\/p><\/span>\t\t\t\t\t\t\t\t\t<\/span>\n\t\t\t\t\t\t\t\t<\/div>\n\t\t\t\t\t\t\t<\/div>\n\t\t\t\t\t\t\t\t\t\t\t\t\t\t<div id=\"uael-accordion-f288c0f\" class=\"uael-faq-accordion\" role=\"tablist\">\n\t\t\t\t\t\t\t\t<div class= \"uael-accordion-title\" aria-expanded=\"false\" role=\"tab\">\n\t\t\t\t\t\t\t\t\t<span class=\"uael-accordion-icon uael-accordion-icon-left\">\n\t\t\t\t\t\t\t\t\t\t<span class=\"uael-accordion-icon-closed\"><i class=\"fas fa-plus\"><\/i><\/span>\n\t\t\t\t\t\t\t\t\t\t<span class=\"uael-accordion-icon-opened\"><i class=\"fas fa-minus\"><\/i><\/span>\n\t\t\t\t\t\t\t\t\t<\/span>\n\t\t\t\t\t\t\t\t\t<h3 class=\"uael-question-f288c0f uael-question-span\" tabindex=\"0\" id=\"uael-faq-3-69e8fdafe510d\">Come fa varmeco a garantire una preparazione igienica dell'acqua calda sanitaria?<\/h3>\n\t\t\t\t\t\t\t\t<\/div>\n\t\t\t\t\t\t\t\t<div class=\"uael-accordion-content\" role=\"tabpanel\">\n\t\t\t\t\t\t\t\t\t<span>\n\t\t\t\t\t\t\t\t\t<span><p>Con la tecnologia dell'acqua fresca: l'acqua potabile viene riscaldata nel flusso solo quando \u00e8 necessaria, senza essere immagazzinata. In questo modo l'acqua rimane fresca, i batteri della legionella non hanno scampo e l'igiene \u00e8 garantita in modo permanente.<\/p><\/span>\t\t\t\t\t\t\t\t\t<\/span>\n\t\t\t\t\t\t\t\t<\/div>\n\t\t\t\t\t\t\t<\/div>\n\t\t\t\t\t\t\t\t\t\t\t\t\t\t<div id=\"uael-accordion-9710746\" class=\"uael-faq-accordion\" role=\"tablist\">\n\t\t\t\t\t\t\t\t<div class= \"uael-accordion-title\" aria-expanded=\"false\" role=\"tab\">\n\t\t\t\t\t\t\t\t\t<span class=\"uael-accordion-icon uael-accordion-icon-left\">\n\t\t\t\t\t\t\t\t\t\t<span class=\"uael-accordion-icon-closed\"><i class=\"fas fa-plus\"><\/i><\/span>\n\t\t\t\t\t\t\t\t\t\t<span class=\"uael-accordion-icon-opened\"><i class=\"fas fa-minus\"><\/i><\/span>\n\t\t\t\t\t\t\t\t\t<\/span>\n\t\t\t\t\t\t\t\t\t<h3 class=\"uael-question-9710746 uael-question-span\" tabindex=\"0\" id=\"uael-faq-4-69e8fdafe5178\">Quali sono i vantaggi della tecnologia di riscaldamento varmeco?<\/h3>\n\t\t\t\t\t\t\t\t<\/div>\n\t\t\t\t\t\t\t\t<div class=\"uael-accordion-content\" role=\"tabpanel\">\n\t\t\t\t\t\t\t\t\t<span>\n\t\t\t\t\t\t\t\t\t<span><p>\u00a0<\/p><ul><li>Utilizzo efficiente di tutte le fonti di calore e degli accumulatori, senza sprechi di energia.<\/li><li>Aperto a tutte le tecnologie: Possibilit\u00e0 di combinare acqua calda, riscaldamento e sistemi solari.<\/li><li>Comfort e igiene: ad esempio, con i moderni riscaldatori di acqua dolce per ottenere acqua calda pulita.<\/li><li>Trasparenza e controllabilit\u00e0, ad esempio tramite il controllore del sistema, il monitoraggio ed eventualmente la manutenzione a distanza.<\/li><li>Flessibilit\u00e0: possibilit\u00e0 di soddisfare requisiti individuali grazie alla programmazione di software personalizzati.<\/li><li>Sostenibile: la tecnologia dei sistemi di riscaldamento varmeco pu\u00f2 crescere in qualsiasi momento con nuove esigenze.<\/li><\/ul><\/span>\t\t\t\t\t\t\t\t\t<\/span>\n\t\t\t\t\t\t\t\t<\/div>\n\t\t\t\t\t\t\t<\/div>\n\t\t\t\t\t\t\t\t\t\t\t\t\t\t<div id=\"uael-accordion-60a37e5\" class=\"uael-faq-accordion\" role=\"tablist\">\n\t\t\t\t\t\t\t\t<div class= \"uael-accordion-title\" aria-expanded=\"false\" role=\"tab\">\n\t\t\t\t\t\t\t\t\t<span class=\"uael-accordion-icon uael-accordion-icon-left\">\n\t\t\t\t\t\t\t\t\t\t<span class=\"uael-accordion-icon-closed\"><i class=\"fas fa-plus\"><\/i><\/span>\n\t\t\t\t\t\t\t\t\t\t<span class=\"uael-accordion-icon-opened\"><i class=\"fas fa-minus\"><\/i><\/span>\n\t\t\t\t\t\t\t\t\t<\/span>\n\t\t\t\t\t\t\t\t\t<h3 class=\"uael-question-60a37e5 uael-question-span\" tabindex=\"0\" id=\"uael-faq-5-69e8fdafe51d0\">Per chi sono adatti i sistemi di riscaldamento varmeco?<\/h3>\n\t\t\t\t\t\t\t\t<\/div>\n\t\t\t\t\t\t\t\t<div class=\"uael-accordion-content\" role=\"tabpanel\">\n\t\t\t\t\t\t\t\t\t<span>\n\t\t\t\t\t\t\t\t\t<span><p>Che si tratti di case unifamiliari, condomini, attivit\u00e0 commerciali o industriali, la nostra tecnologia di riscaldamento \u00e8 modulare e pu\u00f2 essere adattata in modo flessibile alle diverse esigenze.<\/p><\/span>\t\t\t\t\t\t\t\t\t<\/span>\n\t\t\t\t\t\t\t\t<\/div>\n\t\t\t\t\t\t\t<\/div>\n\t\t\t\t\t\t\t\t\t\t\t\t\t\t<div id=\"uael-accordion-17e7e2c\" class=\"uael-faq-accordion\" role=\"tablist\">\n\t\t\t\t\t\t\t\t<div class= \"uael-accordion-title\" aria-expanded=\"false\" role=\"tab\">\n\t\t\t\t\t\t\t\t\t<span class=\"uael-accordion-icon uael-accordion-icon-left\">\n\t\t\t\t\t\t\t\t\t\t<span class=\"uael-accordion-icon-closed\"><i class=\"fas fa-plus\"><\/i><\/span>\n\t\t\t\t\t\t\t\t\t\t<span class=\"uael-accordion-icon-opened\"><i class=\"fas fa-minus\"><\/i><\/span>\n\t\t\t\t\t\t\t\t\t<\/span>\n\t\t\t\t\t\t\t\t\t<h3 class=\"uael-question-17e7e2c uael-question-span\" tabindex=\"0\" id=\"uael-faq-6-69e8fdafe5226\">Cosa significa \u201econtrollo intelligente e networking\u201c in varmeco?<\/h3>\n\t\t\t\t\t\t\t\t<\/div>\n\t\t\t\t\t\t\t\t<div class=\"uael-accordion-content\" role=\"tabpanel\">\n\t\t\t\t\t\t\t\t\t<span>\n\t\t\t\t\t\t\t\t\t<span><p>varmeco collega i vari componenti del sistema (generatori di calore, accumulatori, scaldacqua, circuiti di riscaldamento, ecc.) con un'unit\u00e0 di controllo centrale che riconosce automaticamente la richiesta di calore e di acqua calda sanitaria. Grazie al collegamento in rete dei singoli moduli di controllo varmeco via CAN, anche le lunghe distanze tra i singoli componenti del sistema non costituiscono un problema. Su richiesta, \u00e8 possibile anche l'integrazione nei sistemi di gestione degli edifici o la manutenzione a distanza.<\/p><\/span>\t\t\t\t\t\t\t\t\t<\/span>\n\t\t\t\t\t\t\t\t<\/div>\n\t\t\t\t\t\t\t<\/div>\n\t\t\t\t\t\t\t\t\t\t\t\t\t\t<div id=\"uael-accordion-6d61ad8\" class=\"uael-faq-accordion\" role=\"tablist\">\n\t\t\t\t\t\t\t\t<div class= \"uael-accordion-title\" aria-expanded=\"false\" role=\"tab\">\n\t\t\t\t\t\t\t\t\t<span class=\"uael-accordion-icon uael-accordion-icon-left\">\n\t\t\t\t\t\t\t\t\t\t<span class=\"uael-accordion-icon-closed\"><i class=\"fas fa-plus\"><\/i><\/span>\n\t\t\t\t\t\t\t\t\t\t<span class=\"uael-accordion-icon-opened\"><i class=\"fas fa-minus\"><\/i><\/span>\n\t\t\t\t\t\t\t\t\t<\/span>\n\t\t\t\t\t\t\t\t\t<h3 class=\"uael-question-6d61ad8 uael-question-span\" tabindex=\"0\" id=\"uael-faq-7-69e8fdafe5279\">L'eXm richiede molto spazio o grandi trasformazioni?<\/h3>\n\t\t\t\t\t\t\t\t<\/div>\n\t\t\t\t\t\t\t\t<div class=\"uael-accordion-content\" role=\"tabpanel\">\n\t\t\t\t\t\t\t\t\t<span>\n\t\t\t\t\t\t\t\t\t<span><p>Il pi\u00f9 piccolo eXm richiede circa 1 m\u00b2 di superficie, il pi\u00f9 grande circa 2 m\u00b2, compresa l'area di manutenzione. Copre una gamma di potenze da 3 a 100 kW e pu\u00f2 essere facilmente integrato in concetti idraulici esistenti tramite quattro connessioni.<\/p><\/span>\t\t\t\t\t\t\t\t\t<\/span>\n\t\t\t\t\t\t\t\t<\/div>\n\t\t\t\t\t\t\t<\/div>\n\t\t\t\t\t\t\t\t\t\t\t<\/div>\n\t\t\t<\/div>\n\t\t\t\t\t\t\t<\/div>\n\t\t\t\t<\/div>\n\t\t\t\t<\/div>\n\t\t\t\t\t<\/div>\n\t\t\t\t<\/div>\n\t\t\t\t<\/div>","protected":false},"excerpt":{"rendered":"<p>Heizungssystemtechnik Systemtechnik f\u00fchrt Informationen zusammen und ist so Voraussetzung f\u00fcr rationellen Energieeinsatz. Die Heizungssystemtechnik von varmeco garantiert ein optimales Zusammenwirken [&hellip;]<\/p>\n","protected":false},"author":9,"featured_media":16430,"parent":16359,"menu_order":0,"comment_status":"closed","ping_status":"closed","template":"","meta":{"_acf_changed":false,"site-sidebar-layout":"no-sidebar","site-content-layout":"page-builder","ast-site-content-layout":"full-width-container","site-content-style":"default","site-sidebar-style":"default","ast-global-header-display":"","ast-banner-title-visibility":"","ast-main-header-display":"","ast-hfb-above-header-display":"","ast-hfb-below-header-display":"","ast-hfb-mobile-header-display":"","site-post-title":"","ast-breadcrumbs-content":"","ast-featured-img":"disabled","footer-sml-layout":"","ast-disable-related-posts":"","theme-transparent-header-meta":"","adv-header-id-meta":"","stick-header-meta":"","header-above-stick-meta":"","header-main-stick-meta":"","header-below-stick-meta":"","astra-migrate-meta-layouts":"set","ast-page-background-enabled":"default","ast-page-background-meta":{"desktop":{"background-color":"","background-image":"","background-repeat":"repeat","background-position":"center center","background-size":"auto","background-attachment":"scroll","background-type":"","background-media":"","overlay-type":"","overlay-color":"","overlay-opacity":"","overlay-gradient":""},"tablet":{"background-color":"","background-image":"","background-repeat":"repeat","background-position":"center center","background-size":"auto","background-attachment":"scroll","background-type":"","background-media":"","overlay-type":"","overlay-color":"","overlay-opacity":"","overlay-gradient":""},"mobile":{"background-color":"","background-image":"","background-repeat":"repeat","background-position":"center center","background-size":"auto","background-attachment":"scroll","background-type":"","background-media":"","overlay-type":"","overlay-color":"","overlay-opacity":"","overlay-gradient":""}},"ast-content-background-meta":{"desktop":{"background-color":"var(--ast-global-color-5)","background-image":"","background-repeat":"repeat","background-position":"center center","background-size":"auto","background-attachment":"scroll","background-type":"","background-media":"","overlay-type":"","overlay-color":"","overlay-opacity":"","overlay-gradient":""},"tablet":{"background-color":"var(--ast-global-color-5)","background-image":"","background-repeat":"repeat","background-position":"center center","background-size":"auto","background-attachment":"scroll","background-type":"","background-media":"","overlay-type":"","overlay-color":"","overlay-opacity":"","overlay-gradient":""},"mobile":{"background-color":"var(--ast-global-color-5)","background-image":"","background-repeat":"repeat","background-position":"center center","background-size":"auto","background-attachment":"scroll","background-type":"","background-media":"","overlay-type":"","overlay-color":"","overlay-opacity":"","overlay-gradient":""}},"footnotes":""},"folder":[67],"class_list":["post-16007","page","type-page","status-publish","has-post-thumbnail","hentry"],"acf":[],"_links":{"self":[{"href":"https:\/\/varmeco.de\/it\/wp-json\/wp\/v2\/pages\/16007","targetHints":{"allow":["GET"]}}],"collection":[{"href":"https:\/\/varmeco.de\/it\/wp-json\/wp\/v2\/pages"}],"about":[{"href":"https:\/\/varmeco.de\/it\/wp-json\/wp\/v2\/types\/page"}],"author":[{"embeddable":true,"href":"https:\/\/varmeco.de\/it\/wp-json\/wp\/v2\/users\/9"}],"replies":[{"embeddable":true,"href":"https:\/\/varmeco.de\/it\/wp-json\/wp\/v2\/comments?post=16007"}],"version-history":[{"count":54,"href":"https:\/\/varmeco.de\/it\/wp-json\/wp\/v2\/pages\/16007\/revisions"}],"predecessor-version":[{"id":22890,"href":"https:\/\/varmeco.de\/it\/wp-json\/wp\/v2\/pages\/16007\/revisions\/22890"}],"up":[{"embeddable":true,"href":"https:\/\/varmeco.de\/it\/wp-json\/wp\/v2\/pages\/16359"}],"wp:featuredmedia":[{"embeddable":true,"href":"https:\/\/varmeco.de\/it\/wp-json\/wp\/v2\/media\/16430"}],"wp:attachment":[{"href":"https:\/\/varmeco.de\/it\/wp-json\/wp\/v2\/media?parent=16007"}],"wp:term":[{"taxonomy":"folder","embeddable":true,"href":"https:\/\/varmeco.de\/it\/wp-json\/wp\/v2\/folder?post=16007"}],"curies":[{"name":"wp","href":"https:\/\/api.w.org\/{rel}","templated":true}]}}