{"id":16043,"date":"2025-10-09T15:55:53","date_gmt":"2025-10-09T13:55:53","guid":{"rendered":"https:\/\/varmeco.de\/?page_id=16043"},"modified":"2026-03-13T15:00:46","modified_gmt":"2026-03-13T14:00:46","slug":"wohnungsstationen","status":"publish","type":"page","link":"https:\/\/varmeco.de\/it\/produkte\/wohnungsstationen\/","title":{"rendered":"Stazioni di casa"},"content":{"rendered":"<div data-elementor-type=\"wp-page\" data-elementor-id=\"16043\" class=\"elementor elementor-16043\" data-elementor-post-type=\"page\">\n\t\t\t\t<div class=\"elementor-element elementor-element-36985081 e-flex e-con-boxed e-con e-parent\" data-id=\"36985081\" data-element_type=\"container\" data-e-type=\"container\">\n\t\t\t\t\t<div class=\"e-con-inner\">\n\t\t\t\t<div class=\"elementor-element elementor-element-a4a14de elementor-widget elementor-widget-heading\" data-id=\"a4a14de\" data-element_type=\"widget\" data-e-type=\"widget\" data-widget_type=\"heading.default\">\n\t\t\t\t<div class=\"elementor-widget-container\">\n\t\t\t\t\t<h1 class=\"elementor-heading-title elementor-size-default\">Stazioni di casa<\/h1>\t\t\t\t<\/div>\n\t\t\t\t<\/div>\n\t\t\t\t\t<\/div>\n\t\t\t\t<\/div>\n\t\t<div class=\"elementor-element elementor-element-59af54ee e-flex e-con-boxed e-con e-parent\" data-id=\"59af54ee\" data-element_type=\"container\" data-e-type=\"container\">\n\t\t\t\t\t<div class=\"e-con-inner\">\n\t\t\t\t<div class=\"elementor-element elementor-element-65cf854f elementor-widget elementor-widget-text-editor\" data-id=\"65cf854f\" data-element_type=\"widget\" data-e-type=\"widget\" data-widget_type=\"text-editor.default\">\n\t\t\t\t<div class=\"elementor-widget-container\">\n\t\t\t\t\t\t\t\t\t<p>Le stazioni domestiche sono la soluzione collaudata per il riscaldamento decentralizzato dell'acqua calda sanitaria negli edifici residenziali. A causa delle diverse circostanze, si presenta un'ampia gamma di requisiti funzionali e idraulici, che possiamo soddisfare con la nostra gamma di tipi di stazioni a controllo elettronico.<\/p>\t\t\t\t\t\t\t\t<\/div>\n\t\t\t\t<\/div>\n\t\t\t\t\t<\/div>\n\t\t\t\t<\/div>\n\t\t<div class=\"elementor-element elementor-element-38ff8bfb e-flex e-con-boxed e-con e-parent\" data-id=\"38ff8bfb\" data-element_type=\"container\" data-e-type=\"container\" data-settings=\"{&quot;background_background&quot;:&quot;classic&quot;}\">\n\t\t\t\t\t<div class=\"e-con-inner\">\n\t\t\t\t<div class=\"elementor-element elementor-element-27f6b30 uael-equal__height-yes uael-post__link-complete-yes elementor-widget elementor-widget-uael-posts\" data-id=\"27f6b30\" data-element_type=\"widget\" data-e-type=\"widget\" data-settings=\"{&quot;classic_slides_to_show&quot;:3,&quot;classic_slides_to_show_tablet&quot;:2,&quot;classic_slides_to_show_mobile&quot;:1}\" data-widget_type=\"uael-posts.classic\">\n\t\t\t\t<div class=\"elementor-widget-container\">\n\t\t\t\t\t\t\t<div class=\"uael-post__header\">\n\t\t\t\t\t<\/div>\n\t\t<div class=\"uael-post__body\">\n\t\t\t\n\t\t\n\t\t<div class=\"uael-blog-terms-position-above_content uael-post-image-top uael-post-grid uael-posts\" data-query-type=\"custom\" data-structure=\"normal\" data-layout=\"\" data-page=\"16043\" data-skin=\"classic\" data-filter-default=\"\" data-offset-top=\"30\" >\n\n\t\t\t\t\t\t\t<div class=\"uael-post-grid__inner uael-post__columns-3 uael-post__columns-tablet-2 uael-post__columns-mobile-1\">\n\t\t\t\n<div class=\"uael-post-wrapper\">\n\t<div class=\"uael-post__bg-wrap uael-bg-wrap-disabled\">\n\n\t\t\t\t\t<a href=\"https:\/\/varmeco.de\/it\/produkte\/wohnungsstationen\/vario-fresh-flat-2\/\" target=\"_self\" class=\"uael-post__complete-box-overlay\" aria-label=\"Link Box completo\"><\/a>\n\t\t\t\t\n\t\t<div class=\"uael-post__inner-wrap uael-inner-wrap-disabled\">\n\n\t\t\t\t<div class=\"uael-post__thumbnail\">\n\t\t\t\n\t\t\t<a href=\"https:\/\/varmeco.de\/it\/produkte\/wohnungsstationen\/vario-fresh-flat-2\/\" target=\"_self\" title=\"VARIO fresh-flat\"><img fetchpriority=\"high\" decoding=\"async\" width=\"1080\" height=\"1350\" src=\"https:\/\/varmeco.de\/wp-content\/uploads\/2025\/10\/VARIO-fresh-flat.png\" class=\"attachment-full size-full wp-image-17332\" alt=\"Stazioni domestiche Vario fresh-flat\" title=\"\" srcset=\"https:\/\/varmeco.de\/wp-content\/uploads\/2025\/10\/VARIO-fresh-flat.png 1080w, https:\/\/varmeco.de\/wp-content\/uploads\/2025\/10\/VARIO-fresh-flat-240x300.png 240w, https:\/\/varmeco.de\/wp-content\/uploads\/2025\/10\/VARIO-fresh-flat-819x1024.png 819w, https:\/\/varmeco.de\/wp-content\/uploads\/2025\/10\/VARIO-fresh-flat-768x960.png 768w, https:\/\/varmeco.de\/wp-content\/uploads\/2025\/10\/VARIO-fresh-flat-10x12.png 10w\" sizes=\"(max-width: 1080px) 100vw, 1080px\" \/><\/a>\n\t\t\t\t\t<\/div>\n\t\t\n\t\t\t\n\t\t\t<div class=\"uael-post__content-wrap uael-content-wrap-disabled\">\n\t\t\t\t\t\t\t<div class=\"uael-post__terms-wrap\"><span class=\"uael-post__terms\"><span class=\"uael-listing__terms-link\">Stazioni di casa<\/span><\/span><\/div>\n\t\t\t\t\t\t<h3 class=\"uael-post__title\">\n\n\t\t\n\t\t\t\t\t\t<a href=\"https:\/\/varmeco.de\/it\/produkte\/wohnungsstationen\/vario-fresh-flat-2\/\" target=\"_self\">\n\t\t\t\tVARIO fresh-flat\t\t\t<\/a>\n\n\t\t\t\t<\/h3>\n\t\t\n\t\t<div class=\"uael-post__excerpt\">\n\t\t\t\t\t<\/div>\n\n\t\t\t\t\t<\/div>\n\t\t\t\n\t\t<\/div>\n\t\t\n\t<\/div>\n\n<\/div>\n\t\t\t\t<\/div>\n\t\t\t\t\t\t\n\t\t<\/div>\n\n\t\t\t\t\t\t<\/div>\n\t\t<div class=\"uael-post__footer\">\n\t\t\t\t\t<\/div>\n\t\t\t\t\t\t<\/div>\n\t\t\t\t<\/div>\n\t\t\t\t\t<\/div>\n\t\t\t\t<\/div>\n\t\t<div class=\"elementor-element elementor-element-063c723 e-flex e-con-boxed e-con e-parent\" data-id=\"063c723\" data-element_type=\"container\" data-e-type=\"container\">\n\t\t\t\t\t<div class=\"e-con-inner\">\n\t\t\t\t<div class=\"elementor-element elementor-element-62e4207 elementor-widget elementor-widget-heading\" data-id=\"62e4207\" data-element_type=\"widget\" data-e-type=\"widget\" data-widget_type=\"heading.default\">\n\t\t\t\t<div class=\"elementor-widget-container\">\n\t\t\t\t\t<h2 class=\"elementor-heading-title elementor-size-default\">Domande frequenti sulle stazioni domestiche, spiegate in modo semplice.<\/h2>\t\t\t\t<\/div>\n\t\t\t\t<\/div>\n\t\t\t\t<div class=\"elementor-element elementor-element-bd25748 align-at-left elementor-widget elementor-widget-uael-faq\" data-id=\"bd25748\" data-element_type=\"widget\" data-e-type=\"widget\" data-widget_type=\"uael-faq.default\">\n\t\t\t\t<div class=\"elementor-widget-container\">\n\t\t\t\t\t\n\t\t\t<div id='uael-faq-wrapper-198' class=\"uael-faq-wrapper\">\n\t\t\t\t<div class=\"uael-faq-container uael-faq-layout-accordion\" data-layout=\"accordion\" >\n\t\t\t\t\t\t\t\t\t\t\t\t<div id=\"uael-accordion-5cb3e89\" class=\"uael-faq-accordion\" role=\"tablist\">\n\t\t\t\t\t\t\t\t<div class= \"uael-accordion-title\" aria-expanded=\"false\" role=\"tab\">\n\t\t\t\t\t\t\t\t\t<span class=\"uael-accordion-icon uael-accordion-icon-left\">\n\t\t\t\t\t\t\t\t\t\t<span class=\"uael-accordion-icon-closed\"><i class=\"fas fa-plus\"><\/i><\/span>\n\t\t\t\t\t\t\t\t\t\t<span class=\"uael-accordion-icon-opened\"><i class=\"fas fa-minus\"><\/i><\/span>\n\t\t\t\t\t\t\t\t\t<\/span>\n\t\t\t\t\t\t\t\t\t<h3 class=\"uael-question-5cb3e89 uael-question-span\" tabindex=\"0\" id=\"uael-faq-1-69d6823db0501\">Cosa sono le stazioni domestiche di Varmeco? <\/h3>\n\t\t\t\t\t\t\t\t<\/div>\n\t\t\t\t\t\t\t\t<div class=\"uael-accordion-content\" role=\"tabpanel\">\n\t\t\t\t\t\t\t\t\t<span>\n\t\t\t\t\t\t\t\t\t<span>Le stazioni domestiche sono sistemi decentralizzati per il riscaldamento dell'acqua calda sanitaria e, a seconda del progetto, per la fornitura di riscaldamento ai singoli appartamenti.<\/span>\t\t\t\t\t\t\t\t\t<\/span>\n\t\t\t\t\t\t\t\t<\/div>\n\t\t\t\t\t\t\t<\/div>\n\t\t\t\t\t\t\t\t\t\t\t\t\t\t<div id=\"uael-accordion-d3080e5\" class=\"uael-faq-accordion\" role=\"tablist\">\n\t\t\t\t\t\t\t\t<div class= \"uael-accordion-title\" aria-expanded=\"false\" role=\"tab\">\n\t\t\t\t\t\t\t\t\t<span class=\"uael-accordion-icon uael-accordion-icon-left\">\n\t\t\t\t\t\t\t\t\t\t<span class=\"uael-accordion-icon-closed\"><i class=\"fas fa-plus\"><\/i><\/span>\n\t\t\t\t\t\t\t\t\t\t<span class=\"uael-accordion-icon-opened\"><i class=\"fas fa-minus\"><\/i><\/span>\n\t\t\t\t\t\t\t\t\t<\/span>\n\t\t\t\t\t\t\t\t\t<h3 class=\"uael-question-d3080e5 uael-question-span\" tabindex=\"0\" id=\"uael-faq-2-69d6823db0573\">Come funziona tecnicamente una stazione domestica varmeco? <\/h3>\n\t\t\t\t\t\t\t\t<\/div>\n\t\t\t\t\t\t\t\t<div class=\"uael-accordion-content\" role=\"tabpanel\">\n\t\t\t\t\t\t\t\t\t<span>\n\t\t\t\t\t\t\t\t\t<span>Le nostre stazioni domestiche (ad esempio, VARIO fresh-flat) funzionano con la tecnologia dello scaldacqua: l'acqua fresca viene riscaldata su richiesta tramite uno scambiatore di calore a piastre. Una valvola a controllo elettronico (OptiStep) garantisce temperature stabili dell'acqua calda, anche in caso di basso prelievo.<\/span>\t\t\t\t\t\t\t\t\t<\/span>\n\t\t\t\t\t\t\t\t<\/div>\n\t\t\t\t\t\t\t<\/div>\n\t\t\t\t\t\t\t\t\t\t\t\t\t\t<div id=\"uael-accordion-8d95503\" class=\"uael-faq-accordion\" role=\"tablist\">\n\t\t\t\t\t\t\t\t<div class= \"uael-accordion-title\" aria-expanded=\"false\" role=\"tab\">\n\t\t\t\t\t\t\t\t\t<span class=\"uael-accordion-icon uael-accordion-icon-left\">\n\t\t\t\t\t\t\t\t\t\t<span class=\"uael-accordion-icon-closed\"><i class=\"fas fa-plus\"><\/i><\/span>\n\t\t\t\t\t\t\t\t\t\t<span class=\"uael-accordion-icon-opened\"><i class=\"fas fa-minus\"><\/i><\/span>\n\t\t\t\t\t\t\t\t\t<\/span>\n\t\t\t\t\t\t\t\t\t<h3 class=\"uael-question-8d95503 uael-question-span\" tabindex=\"0\" id=\"uael-faq-3-69d6823db05b5\"> Quali sono i vantaggi di questa soluzione decentralizzata? <\/h3>\n\t\t\t\t\t\t\t\t<\/div>\n\t\t\t\t\t\t\t\t<div class=\"uael-accordion-content\" role=\"tabpanel\">\n\t\t\t\t\t\t\t\t\t<span>\n\t\t\t\t\t\t\t\t\t<span><p>Tubazioni corte \u2192 calore rapido e bassa perdita di calore<\/p><ul><li>- Preparazione igienica dell'acqua calda su richiesta - senza accumulatore di acqua calda e con basso rischio di legionella<\/li><li>- Costruzione modulare flessibile: L'appartamento pu\u00f2 essere attrezzato individualmente o ampliato in un secondo momento (ad esempio, acqua potabile + circuito di riscaldamento).<\/li><\/ul><\/span>\t\t\t\t\t\t\t\t\t<\/span>\n\t\t\t\t\t\t\t\t<\/div>\n\t\t\t\t\t\t\t<\/div>\n\t\t\t\t\t\t\t\t\t\t\t\t\t\t<div id=\"uael-accordion-6d80aaf\" class=\"uael-faq-accordion\" role=\"tablist\">\n\t\t\t\t\t\t\t\t<div class= \"uael-accordion-title\" aria-expanded=\"false\" role=\"tab\">\n\t\t\t\t\t\t\t\t\t<span class=\"uael-accordion-icon uael-accordion-icon-left\">\n\t\t\t\t\t\t\t\t\t\t<span class=\"uael-accordion-icon-closed\"><i class=\"fas fa-plus\"><\/i><\/span>\n\t\t\t\t\t\t\t\t\t\t<span class=\"uael-accordion-icon-opened\"><i class=\"fas fa-minus\"><\/i><\/span>\n\t\t\t\t\t\t\t\t\t<\/span>\n\t\t\t\t\t\t\t\t\t<h3 class=\"uael-question-6d80aaf uael-question-span\" tabindex=\"0\" id=\"uael-faq-4-69d6823db05f1\">Per quali edifici e situazioni abitative sono adatte le stazioni domestiche? <\/h3>\n\t\t\t\t\t\t\t\t<\/div>\n\t\t\t\t\t\t\t\t<div class=\"uael-accordion-content\" role=\"tabpanel\">\n\t\t\t\t\t\t\t\t\t<span>\n\t\t\t\t\t\t\t\t\t<span><p>Ideale per condomini, nuove costruzioni e ristrutturazioni, ovunque le unit\u00e0 abitative debbano essere alimentate separatamente e lavorare in modo igienico ed efficiente.<\/p><\/span>\t\t\t\t\t\t\t\t\t<\/span>\n\t\t\t\t\t\t\t\t<\/div>\n\t\t\t\t\t\t\t<\/div>\n\t\t\t\t\t\t\t\t\t\t\t\t\t\t<div id=\"uael-accordion-4640157\" class=\"uael-faq-accordion\" role=\"tablist\">\n\t\t\t\t\t\t\t\t<div class= \"uael-accordion-title\" aria-expanded=\"false\" role=\"tab\">\n\t\t\t\t\t\t\t\t\t<span class=\"uael-accordion-icon uael-accordion-icon-left\">\n\t\t\t\t\t\t\t\t\t\t<span class=\"uael-accordion-icon-closed\"><i class=\"fas fa-plus\"><\/i><\/span>\n\t\t\t\t\t\t\t\t\t\t<span class=\"uael-accordion-icon-opened\"><i class=\"fas fa-minus\"><\/i><\/span>\n\t\t\t\t\t\t\t\t\t<\/span>\n\t\t\t\t\t\t\t\t\t<h3 class=\"uael-question-4640157 uael-question-span\" tabindex=\"0\" id=\"uael-faq-5-69d6823db0658\">Quali funzioni pu\u00f2 svolgere una home station varmeco? <\/h3>\n\t\t\t\t\t\t\t\t<\/div>\n\t\t\t\t\t\t\t\t<div class=\"uael-accordion-content\" role=\"tabpanel\">\n\t\t\t\t\t\t\t\t\t<span>\n\t\t\t\t\t\t\t\t\t<span>A seconda del tipo e dell'attrezzatura, le stazioni prendono il sopravvento:\n<ul><li>- Riscaldamento dell'acqua calda sanitaria con il principio del passaggio di corrente\n<\/li>\n \t<li>- Controllo opzionale della pompa di circolazione per la circolazione dell'acqua calda<\/li>\n \t<li>- Controllo del circuito di riscaldamento per il riscaldamento degli ambienti (ad es. riscaldamento a pavimento controllato o radiatori)<\/li>\n<\/ul><\/span>\t\t\t\t\t\t\t\t\t<\/span>\n\t\t\t\t\t\t\t\t<\/div>\n\t\t\t\t\t\t\t<\/div>\n\t\t\t\t\t\t\t\t\t\t\t\t\t\t<div id=\"uael-accordion-7f9e72e\" class=\"uael-faq-accordion\" role=\"tablist\">\n\t\t\t\t\t\t\t\t<div class= \"uael-accordion-title\" aria-expanded=\"false\" role=\"tab\">\n\t\t\t\t\t\t\t\t\t<span class=\"uael-accordion-icon uael-accordion-icon-left\">\n\t\t\t\t\t\t\t\t\t\t<span class=\"uael-accordion-icon-closed\"><i class=\"fas fa-plus\"><\/i><\/span>\n\t\t\t\t\t\t\t\t\t\t<span class=\"uael-accordion-icon-opened\"><i class=\"fas fa-minus\"><\/i><\/span>\n\t\t\t\t\t\t\t\t\t<\/span>\n\t\t\t\t\t\t\t\t\t<h3 class=\"uael-question-7f9e72e uael-question-span\" tabindex=\"0\" id=\"uael-faq-6-69d6823db06c5\">Quanto \u00e8 igienica la preparazione dell'acqua calda con una stazione domestica? <\/h3>\n\t\t\t\t\t\t\t\t<\/div>\n\t\t\t\t\t\t\t\t<div class=\"uael-accordion-content\" role=\"tabpanel\">\n\t\t\t\t\t\t\t\t\t<span>\n\t\t\t\t\t\t\t\t\t<span><p>Molto igienico. L'acqua potabile viene riscaldata con il principio del flusso continuo e non viene immagazzinata. Ci\u00f2 significa che non c'\u00e8 ristagno di acqua calda: un vantaggio decisivo per quanto riguarda la legionella e la qualit\u00e0 generale dell'acqua potabile.<\/p><\/span>\t\t\t\t\t\t\t\t\t<\/span>\n\t\t\t\t\t\t\t\t<\/div>\n\t\t\t\t\t\t\t<\/div>\n\t\t\t\t\t\t\t\t\t\t\t\t\t\t<div id=\"uael-accordion-045757c\" class=\"uael-faq-accordion\" role=\"tablist\">\n\t\t\t\t\t\t\t\t<div class= \"uael-accordion-title\" aria-expanded=\"false\" role=\"tab\">\n\t\t\t\t\t\t\t\t\t<span class=\"uael-accordion-icon uael-accordion-icon-left\">\n\t\t\t\t\t\t\t\t\t\t<span class=\"uael-accordion-icon-closed\"><i class=\"fas fa-plus\"><\/i><\/span>\n\t\t\t\t\t\t\t\t\t\t<span class=\"uael-accordion-icon-opened\"><i class=\"fas fa-minus\"><\/i><\/span>\n\t\t\t\t\t\t\t\t\t<\/span>\n\t\t\t\t\t\t\t\t\t<h3 class=\"uael-question-045757c uael-question-span\" tabindex=\"0\" id=\"uael-faq-7-69d6823db073a\">Le stazioni domestiche richiedono una manutenzione regolare? <\/h3>\n\t\t\t\t\t\t\t\t<\/div>\n\t\t\t\t\t\t\t\t<div class=\"uael-accordion-content\" role=\"tabpanel\">\n\t\t\t\t\t\t\t\t\t<span>\n\t\t\t\t\t\t\t\t\t<span>S\u00ec, ma il costo \u00e8 basso. Si raccomanda un'ispezione visiva e funzionale annuale da parte di personale specializzato. Si tratta di verificare il corretto funzionamento dello scambiatore di calore, delle valvole e del sistema di controllo per garantire l'efficienza e la sicurezza a lungo termine.<\/span>\t\t\t\t\t\t\t\t\t<\/span>\n\t\t\t\t\t\t\t\t<\/div>\n\t\t\t\t\t\t\t<\/div>\n\t\t\t\t\t\t\t\t\t\t\t\t\t\t<div id=\"uael-accordion-7dd1c3c\" class=\"uael-faq-accordion\" role=\"tablist\">\n\t\t\t\t\t\t\t\t<div class= \"uael-accordion-title\" aria-expanded=\"false\" role=\"tab\">\n\t\t\t\t\t\t\t\t\t<span class=\"uael-accordion-icon uael-accordion-icon-left\">\n\t\t\t\t\t\t\t\t\t\t<span class=\"uael-accordion-icon-closed\"><i class=\"fas fa-plus\"><\/i><\/span>\n\t\t\t\t\t\t\t\t\t\t<span class=\"uael-accordion-icon-opened\"><i class=\"fas fa-minus\"><\/i><\/span>\n\t\t\t\t\t\t\t\t\t<\/span>\n\t\t\t\t\t\t\t\t\t<h3 class=\"uael-question-7dd1c3c uael-question-span\" tabindex=\"0\" id=\"uael-faq-8-69d6823db079c\">Qual \u00e8 l'efficienza energetica di una stazione domestica varmeco? <\/h3>\n\t\t\t\t\t\t\t\t<\/div>\n\t\t\t\t\t\t\t\t<div class=\"uael-accordion-content\" role=\"tabpanel\">\n\t\t\t\t\t\t\t\t\t<span>\n\t\t\t\t\t\t\t\t\t<span><p>Le stazioni domestiche sono efficienti dal punto di vista energetico in quanto riscaldano l'acqua calda secondo il principio istantaneo. In conformit\u00e0 alle norme DVGW W 551 e DIN 1988-200, il rispetto della regola dei 3 litri elimina il requisito delle temperature di protezione dalla legionella (60 \u00b0C\/55 \u00b0C). Ci\u00f2 significa che la temperatura dell'acqua calda e, di conseguenza, le temperature di alimentazione possono essere abbassate. In termini di prestazioni, le nostre stazioni di abitazione sono progettate per un leggero incremento (+5 K)<strong>t.<\/strong><\/p><\/span>\t\t\t\t\t\t\t\t\t<\/span>\n\t\t\t\t\t\t\t\t<\/div>\n\t\t\t\t\t\t\t<\/div>\n\t\t\t\t\t\t\t\t\t\t\t\t\t\t<div id=\"uael-accordion-59c0113\" class=\"uael-faq-accordion\" role=\"tablist\">\n\t\t\t\t\t\t\t\t<div class= \"uael-accordion-title\" aria-expanded=\"false\" role=\"tab\">\n\t\t\t\t\t\t\t\t\t<span class=\"uael-accordion-icon uael-accordion-icon-left\">\n\t\t\t\t\t\t\t\t\t\t<span class=\"uael-accordion-icon-closed\"><i class=\"fas fa-plus\"><\/i><\/span>\n\t\t\t\t\t\t\t\t\t\t<span class=\"uael-accordion-icon-opened\"><i class=\"fas fa-minus\"><\/i><\/span>\n\t\t\t\t\t\t\t\t\t<\/span>\n\t\t\t\t\t\t\t\t\t<h3 class=\"uael-question-59c0113 uael-question-span\" tabindex=\"0\" id=\"uael-faq-9-69d6823db07fb\">Una stazione domestica pu\u00f2 essere adattata o ampliata? <\/h3>\n\t\t\t\t\t\t\t\t<\/div>\n\t\t\t\t\t\t\t\t<div class=\"uael-accordion-content\" role=\"tabpanel\">\n\t\t\t\t\t\t\t\t\t<span>\n\t\t\t\t\t\t\t\t\t<span>S\u00ec, il design modulare consente di combinare singolarmente o di aggiungere in un secondo momento funzioni come l'acqua calda sanitaria, il controllo del circuito di riscaldamento o la circolazione. In questo modo il sistema rimane flessibile per le diverse situazioni abitative e per le esigenze future.<\/span>\t\t\t\t\t\t\t\t\t<\/span>\n\t\t\t\t\t\t\t\t<\/div>\n\t\t\t\t\t\t\t<\/div>\n\t\t\t\t\t\t\t\t\t\t\t\t\t\t<div id=\"uael-accordion-e387a32\" class=\"uael-faq-accordion\" role=\"tablist\">\n\t\t\t\t\t\t\t\t<div class= \"uael-accordion-title\" aria-expanded=\"false\" role=\"tab\">\n\t\t\t\t\t\t\t\t\t<span class=\"uael-accordion-icon uael-accordion-icon-left\">\n\t\t\t\t\t\t\t\t\t\t<span class=\"uael-accordion-icon-closed\"><i class=\"fas fa-plus\"><\/i><\/span>\n\t\t\t\t\t\t\t\t\t\t<span class=\"uael-accordion-icon-opened\"><i class=\"fas fa-minus\"><\/i><\/span>\n\t\t\t\t\t\t\t\t\t<\/span>\n\t\t\t\t\t\t\t\t\t<h3 class=\"uael-question-e387a32 uael-question-span\" tabindex=\"0\" id=\"uael-faq-10-69d6823db0860\">In che modo una stazione domestica influisce sui costi operativi?<\/h3>\n\t\t\t\t\t\t\t\t<\/div>\n\t\t\t\t\t\t\t\t<div class=\"uael-accordion-content\" role=\"tabpanel\">\n\t\t\t\t\t\t\t\t\t<span>\n\t\t\t\t\t\t\t\t\t<span><p>La possibilit\u00e0 di abbassare la temperatura dell'acqua calda, in conformit\u00e0 alle norme DVGW W 551 e DIN 1988-200, riduce il consumo energetico. Ci\u00f2 aumenta l'efficienza dell'intero sistema e consente di utilizzare in modo ottimale i generatori di calore a bassa temperatura, come le pompe di calore.<\/p><\/span>\t\t\t\t\t\t\t\t\t<\/span>\n\t\t\t\t\t\t\t\t<\/div>\n\t\t\t\t\t\t\t<\/div>\n\t\t\t\t\t\t\t\t\t\t\t<\/div>\n\t\t\t<\/div>\n\t\t\t\t\t\t\t<\/div>\n\t\t\t\t<\/div>\n\t\t\t\t\t<\/div>\n\t\t\t\t<\/div>\n\t\t\t\t<\/div>","protected":false},"excerpt":{"rendered":"<p>Wohnungsstationen Wohnungsstationen sind die bew\u00e4hrte L\u00f6sung f\u00fcr dezentrale Trinkwassererw\u00e4rmung im Wohnungsbau. Dabei ergibt sich aufgrund unterschiedlicher Gegebenheiten ein breites Spektrum [&hellip;]<\/p>\n","protected":false},"author":9,"featured_media":0,"parent":16359,"menu_order":0,"comment_status":"closed","ping_status":"closed","template":"","meta":{"_acf_changed":false,"site-sidebar-layout":"no-sidebar","site-content-layout":"page-builder","ast-site-content-layout":"full-width-container","site-content-style":"default","site-sidebar-style":"default","ast-global-header-display":"","ast-banner-title-visibility":"","ast-main-header-display":"","ast-hfb-above-header-display":"","ast-hfb-below-header-display":"","ast-hfb-mobile-header-display":"","site-post-title":"","ast-breadcrumbs-content":"","ast-featured-img":"disabled","footer-sml-layout":"","ast-disable-related-posts":"","theme-transparent-header-meta":"","adv-header-id-meta":"","stick-header-meta":"","header-above-stick-meta":"","header-main-stick-meta":"","header-below-stick-meta":"","astra-migrate-meta-layouts":"set","ast-page-background-enabled":"default","ast-page-background-meta":{"desktop":{"background-color":"","background-image":"","background-repeat":"repeat","background-position":"center center","background-size":"auto","background-attachment":"scroll","background-type":"","background-media":"","overlay-type":"","overlay-color":"","overlay-opacity":"","overlay-gradient":""},"tablet":{"background-color":"","background-image":"","background-repeat":"repeat","background-position":"center center","background-size":"auto","background-attachment":"scroll","background-type":"","background-media":"","overlay-type":"","overlay-color":"","overlay-opacity":"","overlay-gradient":""},"mobile":{"background-color":"","background-image":"","background-repeat":"repeat","background-position":"center center","background-size":"auto","background-attachment":"scroll","background-type":"","background-media":"","overlay-type":"","overlay-color":"","overlay-opacity":"","overlay-gradient":""}},"ast-content-background-meta":{"desktop":{"background-color":"var(--ast-global-color-5)","background-image":"","background-repeat":"repeat","background-position":"center center","background-size":"auto","background-attachment":"scroll","background-type":"","background-media":"","overlay-type":"","overlay-color":"","overlay-opacity":"","overlay-gradient":""},"tablet":{"background-color":"var(--ast-global-color-5)","background-image":"","background-repeat":"repeat","background-position":"center center","background-size":"auto","background-attachment":"scroll","background-type":"","background-media":"","overlay-type":"","overlay-color":"","overlay-opacity":"","overlay-gradient":""},"mobile":{"background-color":"var(--ast-global-color-5)","background-image":"","background-repeat":"repeat","background-position":"center center","background-size":"auto","background-attachment":"scroll","background-type":"","background-media":"","overlay-type":"","overlay-color":"","overlay-opacity":"","overlay-gradient":""}},"footnotes":""},"folder":[67],"class_list":["post-16043","page","type-page","status-publish","hentry"],"acf":[],"_links":{"self":[{"href":"https:\/\/varmeco.de\/it\/wp-json\/wp\/v2\/pages\/16043","targetHints":{"allow":["GET"]}}],"collection":[{"href":"https:\/\/varmeco.de\/it\/wp-json\/wp\/v2\/pages"}],"about":[{"href":"https:\/\/varmeco.de\/it\/wp-json\/wp\/v2\/types\/page"}],"author":[{"embeddable":true,"href":"https:\/\/varmeco.de\/it\/wp-json\/wp\/v2\/users\/9"}],"replies":[{"embeddable":true,"href":"https:\/\/varmeco.de\/it\/wp-json\/wp\/v2\/comments?post=16043"}],"version-history":[{"count":39,"href":"https:\/\/varmeco.de\/it\/wp-json\/wp\/v2\/pages\/16043\/revisions"}],"predecessor-version":[{"id":22902,"href":"https:\/\/varmeco.de\/it\/wp-json\/wp\/v2\/pages\/16043\/revisions\/22902"}],"up":[{"embeddable":true,"href":"https:\/\/varmeco.de\/it\/wp-json\/wp\/v2\/pages\/16359"}],"wp:attachment":[{"href":"https:\/\/varmeco.de\/it\/wp-json\/wp\/v2\/media?parent=16043"}],"wp:term":[{"taxonomy":"folder","embeddable":true,"href":"https:\/\/varmeco.de\/it\/wp-json\/wp\/v2\/folder?post=16043"}],"curies":[{"name":"wp","href":"https:\/\/api.w.org\/{rel}","templated":true}]}}