{"id":16884,"date":"2025-10-20T11:32:33","date_gmt":"2025-10-20T09:32:33","guid":{"rendered":"https:\/\/varmeco.de\/?page_id=16884"},"modified":"2026-04-23T17:26:33","modified_gmt":"2026-04-23T15:26:33","slug":"waerme-uebergabestationen","status":"publish","type":"page","link":"https:\/\/varmeco.de\/it\/produkte\/waerme-uebergabestationen\/","title":{"rendered":"Stazioni di trasferimento del calore"},"content":{"rendered":"<div data-elementor-type=\"wp-page\" data-elementor-id=\"16884\" class=\"elementor elementor-16884\" data-elementor-post-type=\"page\">\n\t\t\t\t<div class=\"elementor-element elementor-element-c224e0b e-flex e-con-boxed e-con e-parent\" data-id=\"c224e0b\" data-element_type=\"container\" data-e-type=\"container\">\n\t\t\t\t\t<div class=\"e-con-inner\">\n\t\t\t\t<div class=\"elementor-element elementor-element-a08d33f elementor-widget elementor-widget-heading\" data-id=\"a08d33f\" data-element_type=\"widget\" data-e-type=\"widget\" data-widget_type=\"heading.default\">\n\t\t\t\t<div class=\"elementor-widget-container\">\n\t\t\t\t\t<h1 class=\"elementor-heading-title elementor-size-default\">Stazioni di trasferimento del calore<\/h1>\t\t\t\t<\/div>\n\t\t\t\t<\/div>\n\t\t\t\t\t<\/div>\n\t\t\t\t<\/div>\n\t\t<div class=\"elementor-element elementor-element-d675431 e-flex e-con-boxed e-con e-parent\" data-id=\"d675431\" data-element_type=\"container\" data-e-type=\"container\">\n\t\t\t\t\t<div class=\"e-con-inner\">\n\t\t\t\t<div class=\"elementor-element elementor-element-646f7c3 elementor-widget elementor-widget-text-editor\" data-id=\"646f7c3\" data-element_type=\"widget\" data-e-type=\"widget\" data-widget_type=\"text-editor.default\">\n\t\t\t\t<div class=\"elementor-widget-container\">\n\t\t\t\t\t\t\t\t\t<p data-start=\"399\" data-end=\"451\"><strong data-start=\"403\" data-end=\"449\">Efficiente. Compatto. Controllo intelligente.<\/strong><\/p><p data-start=\"452\" data-end=\"729\">Il <strong data-start=\"456\" data-end=\"512\">Stazioni di trasferimento del calore della serie VARIO eXchange-nova<\/strong> sono il collegamento centrale tra <strong data-start=\"551\" data-end=\"597\">Rete di riscaldamento locale e sistema di riscaldamento dell'edificio<\/strong>. Trasferiscono il calore in modo affidabile, efficiente e secondo le necessit\u00e0, con un'installazione semplice e un design compatto.<\/p><p data-start=\"731\" data-end=\"1013\">Attraverso il <strong data-start=\"741\" data-end=\"774\">controllore integrato VarCon211<\/strong> la stazione diventa un'unit\u00e0 indipendente che controlla automaticamente la valvola primaria e la pompa secondaria. Ci\u00f2 significa che il calore viene fornito solo quando \u00e8 effettivamente necessario. <strong data-start=\"961\" data-end=\"1010\">Efficienza energetica, affidabilit\u00e0 e convenienza<\/strong>.<\/p><p data-start=\"1015\" data-end=\"1311\">La separazione idraulica tramite uno scambiatore di calore a piastre protegge l'impianto dalle fluttuazioni di pressione e assicura <strong data-start=\"1133\" data-end=\"1166\">Lunga durata del sistema<\/strong>. Grazie ai collegamenti preassemblati e al sistema di controllo chiaramente strutturato, la stazione \u00e8 particolarmente facile da usare. <strong data-start=\"1265\" data-end=\"1308\">Facile da installare e a bassa manutenzione<\/strong>.<\/p><p data-start=\"1313\" data-end=\"1524\">Ideale per <strong data-start=\"1332\" data-end=\"1392\">Nuovi edifici, ristrutturazioni ed espansione delle reti di riscaldamento locale<\/strong>Le stazioni di trasferimento varmeco forniscono energia termica immediatamente utilizzabile, controllata con precisione e stratificata in modo ottimale nel serbatoio di accumulo.<\/p>\t\t\t\t\t\t\t\t<\/div>\n\t\t\t\t<\/div>\n\t\t\t\t\t<\/div>\n\t\t\t\t<\/div>\n\t\t<div class=\"elementor-element elementor-element-667bf66 e-flex e-con-boxed e-con e-parent\" data-id=\"667bf66\" data-element_type=\"container\" data-e-type=\"container\" data-settings=\"{&quot;background_background&quot;:&quot;classic&quot;}\">\n\t\t\t\t\t<div class=\"e-con-inner\">\n\t\t\t\t<div class=\"elementor-element elementor-element-2f3e2e8 uael-equal__height-yes uael-post__link-complete-yes elementor-widget elementor-widget-uael-posts\" data-id=\"2f3e2e8\" data-element_type=\"widget\" data-e-type=\"widget\" data-settings=\"{&quot;classic_slides_to_show&quot;:3,&quot;classic_slides_to_show_tablet&quot;:2,&quot;classic_slides_to_show_mobile&quot;:1}\" data-widget_type=\"uael-posts.classic\">\n\t\t\t\t<div class=\"elementor-widget-container\">\n\t\t\t\t\t\t\t<div class=\"uael-post__header\">\n\t\t\t\t\t<\/div>\n\t\t<div class=\"uael-post__body\">\n\t\t\t\n\t\t\n\t\t<div class=\"uael-blog-terms-position-above_content uael-post-image-top uael-post-grid uael-posts\" data-query-type=\"custom\" data-structure=\"normal\" data-layout=\"\" data-page=\"16884\" data-skin=\"classic\" data-filter-default=\"\" data-offset-top=\"30\" >\n\n\t\t\t\t\t\t\t<div class=\"uael-post-grid__inner uael-post__columns-3 uael-post__columns-tablet-2 uael-post__columns-mobile-1\">\n\t\t\t\n<div class=\"uael-post-wrapper\">\n\t<div class=\"uael-post__bg-wrap uael-bg-wrap-disabled\">\n\n\t\t\t\t\t<a href=\"https:\/\/varmeco.de\/it\/produkte\/waerme-uebergabestationen\/scambio-vario-nova\/\" target=\"_self\" class=\"uael-post__complete-box-overlay\" aria-label=\"Link Box completo\"><\/a>\n\t\t\t\t\n\t\t<div class=\"uael-post__inner-wrap uael-inner-wrap-disabled\">\n\n\t\t\t\t<div class=\"uael-post__thumbnail\">\n\t\t\t\n\t\t\t<a href=\"https:\/\/varmeco.de\/it\/produkte\/waerme-uebergabestationen\/scambio-vario-nova\/\" target=\"_self\" title=\"VARIO eXchange-nova\"><img fetchpriority=\"high\" decoding=\"async\" width=\"1080\" height=\"1350\" src=\"https:\/\/varmeco.de\/wp-content\/uploads\/2025\/10\/eXchange-nova_1080x1350.png\" class=\"attachment-full size-full wp-image-16973\" alt=\"\" title=\"\" srcset=\"https:\/\/varmeco.de\/wp-content\/uploads\/2025\/10\/eXchange-nova_1080x1350.png 1080w, https:\/\/varmeco.de\/wp-content\/uploads\/2025\/10\/eXchange-nova_1080x1350-240x300.png 240w, https:\/\/varmeco.de\/wp-content\/uploads\/2025\/10\/eXchange-nova_1080x1350-819x1024.png 819w, https:\/\/varmeco.de\/wp-content\/uploads\/2025\/10\/eXchange-nova_1080x1350-768x960.png 768w, https:\/\/varmeco.de\/wp-content\/uploads\/2025\/10\/eXchange-nova_1080x1350-10x12.png 10w\" sizes=\"(max-width: 1080px) 100vw, 1080px\" \/><\/a>\n\t\t\t\t\t<\/div>\n\t\t\n\t\t\t\n\t\t\t<div class=\"uael-post__content-wrap uael-content-wrap-disabled\">\n\t\t\t\t\t\t\t<div class=\"uael-post__terms-wrap\"><span class=\"uael-post__terms\"><span class=\"uael-listing__terms-link\">Stazioni di trasferimento del calore<\/span><\/span><\/div>\n\t\t\t\t\t\t<h3 class=\"uael-post__title\">\n\n\t\t\n\t\t\t\t\t\t<a href=\"https:\/\/varmeco.de\/it\/produkte\/waerme-uebergabestationen\/scambio-vario-nova\/\" target=\"_self\">\n\t\t\t\tVARIO eXchange-nova\t\t\t<\/a>\n\n\t\t\t\t<\/h3>\n\t\t\n\t\t<div class=\"uael-post__excerpt\">\n\t\t\t\t\t<\/div>\n\n\t\t\t\t\t<\/div>\n\t\t\t\n\t\t<\/div>\n\t\t\n\t<\/div>\n\n<\/div>\n\t\t\t\t<\/div>\n\t\t\t\t\t\t\n\t\t<\/div>\n\n\t\t\t\t\t\t<\/div>\n\t\t<div class=\"uael-post__footer\">\n\t\t\t\t\t<\/div>\n\t\t\t\t\t\t<\/div>\n\t\t\t\t<\/div>\n\t\t\t\t\t<\/div>\n\t\t\t\t<\/div>\n\t\t<div class=\"elementor-element elementor-element-2418e67 e-flex e-con-boxed e-con e-parent\" data-id=\"2418e67\" data-element_type=\"container\" data-e-type=\"container\">\n\t\t\t\t\t<div class=\"e-con-inner\">\n\t\t\t\t<div class=\"elementor-element elementor-element-0ac20c1 elementor-widget elementor-widget-heading\" data-id=\"0ac20c1\" data-element_type=\"widget\" data-e-type=\"widget\" data-widget_type=\"heading.default\">\n\t\t\t\t<div class=\"elementor-widget-container\">\n\t\t\t\t\t<h2 class=\"elementor-heading-title elementor-size-default\">Le domande pi\u00f9 frequenti e le nostre risposte sulla stazione di trasferimento del calore<\/h2>\t\t\t\t<\/div>\n\t\t\t\t<\/div>\n\t\t\t\t<div class=\"elementor-element elementor-element-c443c3d align-at-left elementor-widget elementor-widget-uael-faq\" data-id=\"c443c3d\" data-element_type=\"widget\" data-e-type=\"widget\" data-widget_type=\"uael-faq.default\">\n\t\t\t\t<div class=\"elementor-widget-container\">\n\t\t\t\t\t\n\t\t\t<div id='uael-faq-wrapper-205' class=\"uael-faq-wrapper\">\n\t\t\t\t<div class=\"uael-faq-container uael-faq-layout-accordion\" data-layout=\"accordion\" >\n\t\t\t\t\t\t\t\t\t\t\t\t<div id=\"uael-accordion-dd0123a\" class=\"uael-faq-accordion\" role=\"tablist\">\n\t\t\t\t\t\t\t\t<div class= \"uael-accordion-title\" aria-expanded=\"false\" role=\"tab\">\n\t\t\t\t\t\t\t\t\t<span class=\"uael-accordion-icon uael-accordion-icon-left\">\n\t\t\t\t\t\t\t\t\t\t<span class=\"uael-accordion-icon-closed\"><i class=\"fas fa-plus\"><\/i><\/span>\n\t\t\t\t\t\t\t\t\t\t<span class=\"uael-accordion-icon-opened\"><i class=\"fas fa-minus\"><\/i><\/span>\n\t\t\t\t\t\t\t\t\t<\/span>\n\t\t\t\t\t\t\t\t\t<h3 class=\"uael-question-dd0123a uael-question-span\" tabindex=\"0\" id=\"uael-faq-1-69ef174ddc4c9\">A cosa serve una stazione di trasferimento del calore?<\/h3>\n\t\t\t\t\t\t\t\t<\/div>\n\t\t\t\t\t\t\t\t<div class=\"uael-accordion-content\" role=\"tabpanel\">\n\t\t\t\t\t\t\t\t\t<span>\n\t\t\t\t\t\t\t\t\t<span><p data-pm-slice=\"1 1 []\">Una stazione di trasferimento del calore collega la rete di riscaldamento locale con il sistema di riscaldamento dell'edificio. Trasferisce il calore richiesto in modo affidabile e in linea con la domanda, indipendentemente dal fatto che si tratti di una nuova costruzione, di un ammodernamento o di un'espansione della rete.<\/p><\/span>\t\t\t\t\t\t\t\t\t<\/span>\n\t\t\t\t\t\t\t\t<\/div>\n\t\t\t\t\t\t\t<\/div>\n\t\t\t\t\t\t\t\t\t\t\t\t\t\t<div id=\"uael-accordion-5fa7b7c\" class=\"uael-faq-accordion\" role=\"tablist\">\n\t\t\t\t\t\t\t\t<div class= \"uael-accordion-title\" aria-expanded=\"false\" role=\"tab\">\n\t\t\t\t\t\t\t\t\t<span class=\"uael-accordion-icon uael-accordion-icon-left\">\n\t\t\t\t\t\t\t\t\t\t<span class=\"uael-accordion-icon-closed\"><i class=\"fas fa-plus\"><\/i><\/span>\n\t\t\t\t\t\t\t\t\t\t<span class=\"uael-accordion-icon-opened\"><i class=\"fas fa-minus\"><\/i><\/span>\n\t\t\t\t\t\t\t\t\t<\/span>\n\t\t\t\t\t\t\t\t\t<h3 class=\"uael-question-5fa7b7c uael-question-span\" tabindex=\"0\" id=\"uael-faq-2-69ef174ddc533\">Come funziona la stazione VARIO eXchange-nova?<\/h3>\n\t\t\t\t\t\t\t\t<\/div>\n\t\t\t\t\t\t\t\t<div class=\"uael-accordion-content\" role=\"tabpanel\">\n\t\t\t\t\t\t\t\t\t<span>\n\t\t\t\t\t\t\t\t\t<span><p data-pm-slice=\"1 1 []\">La stazione separa idraulicamente il lato primario da quello secondario tramite uno scambiatore di calore a piastre. Il regolatore integrato VarCon211 controlla automaticamente la valvola primaria e la pompa secondaria. Il calore fluisce solo quando c'\u00e8 una reale richiesta - in modo efficiente, stabile e sicuro.<\/p><\/span>\t\t\t\t\t\t\t\t\t<\/span>\n\t\t\t\t\t\t\t\t<\/div>\n\t\t\t\t\t\t\t<\/div>\n\t\t\t\t\t\t\t\t\t\t\t\t\t\t<div id=\"uael-accordion-b44d3c6\" class=\"uael-faq-accordion\" role=\"tablist\">\n\t\t\t\t\t\t\t\t<div class= \"uael-accordion-title\" aria-expanded=\"false\" role=\"tab\">\n\t\t\t\t\t\t\t\t\t<span class=\"uael-accordion-icon uael-accordion-icon-left\">\n\t\t\t\t\t\t\t\t\t\t<span class=\"uael-accordion-icon-closed\"><i class=\"fas fa-plus\"><\/i><\/span>\n\t\t\t\t\t\t\t\t\t\t<span class=\"uael-accordion-icon-opened\"><i class=\"fas fa-minus\"><\/i><\/span>\n\t\t\t\t\t\t\t\t\t<\/span>\n\t\t\t\t\t\t\t\t\t<h3 class=\"uael-question-b44d3c6 uael-question-span\" tabindex=\"0\" id=\"uael-faq-3-69ef174ddc571\">Quali sono i vantaggi della separazione idraulica?<\/h3>\n\t\t\t\t\t\t\t\t<\/div>\n\t\t\t\t\t\t\t\t<div class=\"uael-accordion-content\" role=\"tabpanel\">\n\t\t\t\t\t\t\t\t\t<span>\n\t\t\t\t\t\t\t\t\t<span><p data-pm-slice=\"1 1 []\">Grazie alla separazione, le fluttuazioni di pressione provenienti dalla rete vengono intercettate e non trasmesse all'impianto domestico. In questo modo si proteggono le pompe, le valvole e i sistemi di tubazioni e si garantisce un funzionamento affidabile e duraturo dell'intero impianto di riscaldamento.<\/p><\/span>\t\t\t\t\t\t\t\t\t<\/span>\n\t\t\t\t\t\t\t\t<\/div>\n\t\t\t\t\t\t\t<\/div>\n\t\t\t\t\t\t\t\t\t\t\t\t\t\t<div id=\"uael-accordion-d3a7d4c\" class=\"uael-faq-accordion\" role=\"tablist\">\n\t\t\t\t\t\t\t\t<div class= \"uael-accordion-title\" aria-expanded=\"false\" role=\"tab\">\n\t\t\t\t\t\t\t\t\t<span class=\"uael-accordion-icon uael-accordion-icon-left\">\n\t\t\t\t\t\t\t\t\t\t<span class=\"uael-accordion-icon-closed\"><i class=\"fas fa-plus\"><\/i><\/span>\n\t\t\t\t\t\t\t\t\t\t<span class=\"uael-accordion-icon-opened\"><i class=\"fas fa-minus\"><\/i><\/span>\n\t\t\t\t\t\t\t\t\t<\/span>\n\t\t\t\t\t\t\t\t\t<h3 class=\"uael-question-d3a7d4c uael-question-span\" tabindex=\"0\" id=\"uael-faq-4-69ef174ddc5a7\">Quanto \u00e8 facile installare un VARIO eXchange-nova?<\/h3>\n\t\t\t\t\t\t\t\t<\/div>\n\t\t\t\t\t\t\t\t<div class=\"uael-accordion-content\" role=\"tabpanel\">\n\t\t\t\t\t\t\t\t\t<span>\n\t\t\t\t\t\t\t\t\t<span><p data-pm-slice=\"1 1 []\">Grazie ai collegamenti preassemblati, al design compatto e alla chiara struttura di controllo, l'installazione \u00e8 particolarmente semplice. La stazione viene fornita come unit\u00e0 e si integra rapidamente nel sistema: l'ideale per i progetti con tempi stretti.<\/p><\/span>\t\t\t\t\t\t\t\t\t<\/span>\n\t\t\t\t\t\t\t\t<\/div>\n\t\t\t\t\t\t\t<\/div>\n\t\t\t\t\t\t\t\t\t\t\t\t\t\t<div id=\"uael-accordion-1e6eaec\" class=\"uael-faq-accordion\" role=\"tablist\">\n\t\t\t\t\t\t\t\t<div class= \"uael-accordion-title\" aria-expanded=\"false\" role=\"tab\">\n\t\t\t\t\t\t\t\t\t<span class=\"uael-accordion-icon uael-accordion-icon-left\">\n\t\t\t\t\t\t\t\t\t\t<span class=\"uael-accordion-icon-closed\"><i class=\"fas fa-plus\"><\/i><\/span>\n\t\t\t\t\t\t\t\t\t\t<span class=\"uael-accordion-icon-opened\"><i class=\"fas fa-minus\"><\/i><\/span>\n\t\t\t\t\t\t\t\t\t<\/span>\n\t\t\t\t\t\t\t\t\t<h3 class=\"uael-question-1e6eaec uael-question-span\" tabindex=\"0\" id=\"uael-faq-5-69ef174ddc5e8\">In che modo la stazione di trasferimento contribuisce all'efficienza energetica?<\/h3>\n\t\t\t\t\t\t\t\t<\/div>\n\t\t\t\t\t\t\t\t<div class=\"uael-accordion-content\" role=\"tabpanel\">\n\t\t\t\t\t\t\t\t\t<span>\n\t\t\t\t\t\t\t\t\t<span><p data-pm-slice=\"1 1 []\">Il controllore VarCon211 fornisce calore solo quando \u00e8 effettivamente necessario. In questo modo si riducono le perdite di energia, si ottimizzano le temperature di ritorno e la distribuzione del calore nel bollitore tampone rimane stratificata in modo pulito. Il risultato \u00e8 un funzionamento efficiente e un'elevata affidabilit\u00e0 di fornitura.<\/p><\/span>\t\t\t\t\t\t\t\t\t<\/span>\n\t\t\t\t\t\t\t\t<\/div>\n\t\t\t\t\t\t\t<\/div>\n\t\t\t\t\t\t\t\t\t\t\t<\/div>\n\t\t\t<\/div>\n\t\t\t\t\t\t\t<\/div>\n\t\t\t\t<\/div>\n\t\t\t\t\t<\/div>\n\t\t\t\t<\/div>\n\t\t\t\t<\/div>","protected":false},"excerpt":{"rendered":"<p>W\u00e4rme-\u00dcbergabestationen Effizient. Kompakt. Intelligente Regelung. Die W\u00e4rme\u00fcbergabestationen der Serie VARIO eXchange-nova sind das zentrale Bindeglied zwischen Nahw\u00e4rmenetz und Heizungsanlage im [&hellip;]<\/p>\n","protected":false},"author":8,"featured_media":0,"parent":733,"menu_order":0,"comment_status":"closed","ping_status":"closed","template":"","meta":{"_acf_changed":false,"site-sidebar-layout":"no-sidebar","site-content-layout":"page-builder","ast-site-content-layout":"full-width-container","site-content-style":"default","site-sidebar-style":"default","ast-global-header-display":"","ast-banner-title-visibility":"","ast-main-header-display":"","ast-hfb-above-header-display":"","ast-hfb-below-header-display":"","ast-hfb-mobile-header-display":"","site-post-title":"","ast-breadcrumbs-content":"","ast-featured-img":"disabled","footer-sml-layout":"","ast-disable-related-posts":"","theme-transparent-header-meta":"","adv-header-id-meta":"","stick-header-meta":"","header-above-stick-meta":"","header-main-stick-meta":"","header-below-stick-meta":"","astra-migrate-meta-layouts":"set","ast-page-background-enabled":"default","ast-page-background-meta":{"desktop":{"background-color":"","background-image":"","background-repeat":"repeat","background-position":"center center","background-size":"auto","background-attachment":"scroll","background-type":"","background-media":"","overlay-type":"","overlay-color":"","overlay-opacity":"","overlay-gradient":""},"tablet":{"background-color":"","background-image":"","background-repeat":"repeat","background-position":"center center","background-size":"auto","background-attachment":"scroll","background-type":"","background-media":"","overlay-type":"","overlay-color":"","overlay-opacity":"","overlay-gradient":""},"mobile":{"background-color":"","background-image":"","background-repeat":"repeat","background-position":"center center","background-size":"auto","background-attachment":"scroll","background-type":"","background-media":"","overlay-type":"","overlay-color":"","overlay-opacity":"","overlay-gradient":""}},"ast-content-background-meta":{"desktop":{"background-color":"var(--ast-global-color-5)","background-image":"","background-repeat":"repeat","background-position":"center center","background-size":"auto","background-attachment":"scroll","background-type":"","background-media":"","overlay-type":"","overlay-color":"","overlay-opacity":"","overlay-gradient":""},"tablet":{"background-color":"var(--ast-global-color-5)","background-image":"","background-repeat":"repeat","background-position":"center center","background-size":"auto","background-attachment":"scroll","background-type":"","background-media":"","overlay-type":"","overlay-color":"","overlay-opacity":"","overlay-gradient":""},"mobile":{"background-color":"var(--ast-global-color-5)","background-image":"","background-repeat":"repeat","background-position":"center center","background-size":"auto","background-attachment":"scroll","background-type":"","background-media":"","overlay-type":"","overlay-color":"","overlay-opacity":"","overlay-gradient":""}},"footnotes":""},"folder":[67],"class_list":["post-16884","page","type-page","status-publish","hentry"],"acf":[],"_links":{"self":[{"href":"https:\/\/varmeco.de\/it\/wp-json\/wp\/v2\/pages\/16884","targetHints":{"allow":["GET"]}}],"collection":[{"href":"https:\/\/varmeco.de\/it\/wp-json\/wp\/v2\/pages"}],"about":[{"href":"https:\/\/varmeco.de\/it\/wp-json\/wp\/v2\/types\/page"}],"author":[{"embeddable":true,"href":"https:\/\/varmeco.de\/it\/wp-json\/wp\/v2\/users\/8"}],"replies":[{"embeddable":true,"href":"https:\/\/varmeco.de\/it\/wp-json\/wp\/v2\/comments?post=16884"}],"version-history":[{"count":30,"href":"https:\/\/varmeco.de\/it\/wp-json\/wp\/v2\/pages\/16884\/revisions"}],"predecessor-version":[{"id":23934,"href":"https:\/\/varmeco.de\/it\/wp-json\/wp\/v2\/pages\/16884\/revisions\/23934"}],"up":[{"embeddable":true,"href":"https:\/\/varmeco.de\/it\/wp-json\/wp\/v2\/pages\/733"}],"wp:attachment":[{"href":"https:\/\/varmeco.de\/it\/wp-json\/wp\/v2\/media?parent=16884"}],"wp:term":[{"taxonomy":"folder","embeddable":true,"href":"https:\/\/varmeco.de\/it\/wp-json\/wp\/v2\/folder?post=16884"}],"curies":[{"name":"wp","href":"https:\/\/api.w.org\/{rel}","templated":true}]}}