{"id":3113,"date":"2021-03-02T13:11:25","date_gmt":"2021-03-02T12:11:25","guid":{"rendered":"https:\/\/www2.varmeco.de\/?page_id=3113"},"modified":"2025-10-13T12:12:38","modified_gmt":"2025-10-13T10:12:38","slug":"sortiment-pufferspeicher-alt-to-loesch","status":"publish","type":"page","link":"https:\/\/varmeco.de\/it\/sortiment-pufferspeicher-alt-to-loesch\/","title":{"rendered":"Gamma di serbatoi tampone - vecchi da cancellare"},"content":{"rendered":"<div data-elementor-type=\"wp-page\" data-elementor-id=\"3113\" class=\"elementor elementor-3113\" data-elementor-post-type=\"page\">\n\t\t\t\t\t\t<section class=\"elementor-section elementor-top-section elementor-element elementor-element-ea8b59e elementor-section-boxed elementor-section-height-default elementor-section-height-default\" data-id=\"ea8b59e\" data-element_type=\"section\" data-e-type=\"section\">\n\t\t\t\t\t\t<div class=\"elementor-container elementor-column-gap-default\">\n\t\t\t\t\t<div class=\"elementor-column elementor-col-50 elementor-top-column elementor-element elementor-element-59b129e\" data-id=\"59b129e\" data-element_type=\"column\" data-e-type=\"column\">\n\t\t\t<div class=\"elementor-widget-wrap elementor-element-populated\">\n\t\t\t\t\t\t<div class=\"elementor-element elementor-element-a4eca00 elementor-widget elementor-widget-text-editor\" data-id=\"a4eca00\" data-element_type=\"widget\" data-e-type=\"widget\" data-widget_type=\"text-editor.default\">\n\t\t\t\t<div class=\"elementor-widget-container\">\n\t\t\t\t\t\t\t\t\tGli accumulatori di calore sono pi\u00f9 di un semplice contenitore per disaccoppiare generazione e consumo. Sono il cuore di ogni centro di riscaldamento. L'integrazione idraulica, il dimensionamento e la qualit\u00e0 dell'accumulatore sono determinanti per l'efficienza dell'intero sistema.\n\nvarmeco risponde alla grande importanza del serbatoio di accumulo e alle esigenze pi\u00f9 diverse con un'ampia gamma di serbatoi tampone di produzione tedesca di qualit\u00e0 a Kaufbeuren: serbatoi di accumulo standard, serbatoi di accumulo speciali e serbatoi di accumulo di grandi dimensioni, con dispositivi di stratificazione efficaci per la migliore stratificazione della temperatura e con un isolamento efficiente per ridurre al minimo le perdite.\n\t\t\t\t\t\t\t\t<\/div>\n\t\t\t\t<\/div>\n\t\t\t\t<section class=\"elementor-section elementor-inner-section elementor-element elementor-element-20714af elementor-section-boxed elementor-section-height-default elementor-section-height-default\" data-id=\"20714af\" data-element_type=\"section\" data-e-type=\"section\">\n\t\t\t\t\t\t<div class=\"elementor-container elementor-column-gap-default\">\n\t\t\t\t\t<div class=\"elementor-column elementor-col-50 elementor-inner-column elementor-element elementor-element-0bc5311\" data-id=\"0bc5311\" data-element_type=\"column\" data-e-type=\"column\">\n\t\t\t<div class=\"elementor-widget-wrap elementor-element-populated\">\n\t\t\t\t\t\t<div class=\"elementor-element elementor-element-04dc6e5 elementor-widget elementor-widget-image\" data-id=\"04dc6e5\" data-element_type=\"widget\" data-e-type=\"widget\" data-widget_type=\"image.default\">\n\t\t\t\t<div class=\"elementor-widget-container\">\n\t\t\t\t\t\t\t\t\t\t\t\t\t\t\t\t<a href=\"\/it\/produkte\/serienspeicher\/\">\n\t\t\t\t\t\t\t<img fetchpriority=\"high\" decoding=\"async\" width=\"800\" height=\"400\" src=\"https:\/\/varmeco.de\/wp-content\/uploads\/2021\/03\/eXergiespeicher_BG_800.jpg\" class=\"attachment-large size-large wp-image-6917\" alt=\"Stoccaggio eXergy\" srcset=\"https:\/\/varmeco.de\/wp-content\/uploads\/2021\/03\/eXergiespeicher_BG_800.jpg 800w, https:\/\/varmeco.de\/wp-content\/uploads\/2021\/03\/eXergiespeicher_BG_800-300x150.jpg 300w, https:\/\/varmeco.de\/wp-content\/uploads\/2021\/03\/eXergiespeicher_BG_800-768x384.jpg 768w\" sizes=\"(max-width: 800px) 100vw, 800px\" title=\"\">\t\t\t\t\t\t\t\t<\/a>\n\t\t\t\t\t\t\t\t\t\t\t\t\t\t\t<\/div>\n\t\t\t\t<\/div>\n\t\t\t\t<div class=\"elementor-element elementor-element-d150bfb elementor-widget elementor-widget-heading\" data-id=\"d150bfb\" data-element_type=\"widget\" data-e-type=\"widget\" data-widget_type=\"heading.default\">\n\t\t\t\t<div class=\"elementor-widget-container\">\n\t\t\t\t\t<h2 class=\"elementor-heading-title elementor-size-default\"><a href=\"\/it\/produkte\/serienspeicher\/\">Memoria seriale<\/a><\/h2>\t\t\t\t<\/div>\n\t\t\t\t<\/div>\n\t\t\t\t<div class=\"elementor-element elementor-element-2075cfe elementor-widget elementor-widget-text-editor\" data-id=\"2075cfe\" data-element_type=\"widget\" data-e-type=\"widget\" data-widget_type=\"text-editor.default\">\n\t\t\t\t<div class=\"elementor-widget-container\">\n\t\t\t\t\t\t\t\t\t<p>In magazzino e quindi disponibili in tempi brevi - sono disponibili in varie serie fino a un massimo di 5000 litri, a seconda del tipo anche con scambiatori di calore a tubi lisci saldati in modo permanente per il collegamento di un sistema di riscaldamento solare.<\/p>\t\t\t\t\t\t\t\t<\/div>\n\t\t\t\t<\/div>\n\t\t\t\t\t<\/div>\n\t\t<\/div>\n\t\t\t\t<div class=\"elementor-column elementor-col-50 elementor-inner-column elementor-element elementor-element-1308d1c\" data-id=\"1308d1c\" data-element_type=\"column\" data-e-type=\"column\">\n\t\t\t<div class=\"elementor-widget-wrap elementor-element-populated\">\n\t\t\t\t\t\t<div class=\"elementor-element elementor-element-a1d5d52 elementor-widget elementor-widget-image\" data-id=\"a1d5d52\" data-element_type=\"widget\" data-e-type=\"widget\" data-widget_type=\"image.default\">\n\t\t\t\t<div class=\"elementor-widget-container\">\n\t\t\t\t\t\t\t\t\t\t\t\t\t\t\t\t<a href=\"https:\/\/varmeco.de\/it\/produkte\/sortiment-pufferspeicher\/sonderspeicher\/sonderspeicher\/\">\n\t\t\t\t\t\t\t<img decoding=\"async\" src=\"https:\/\/varmeco.de\/wp-content\/uploads\/elementor\/thumbs\/eXergiespeicher_PS-Pur-Sonderspeicher_800x533-rjs6rj2m14yai17bjwnm7qclomdge7xyubnsh1mkrk.jpg\" title=\"eXergy_storage_PS-Pur_special_storage_800x533\" alt=\"Stoccaggio eXergy Stoccaggio speciale\" loading=\"lazy\" \/>\t\t\t\t\t\t\t\t<\/a>\n\t\t\t\t\t\t\t\t\t\t\t\t\t\t\t<\/div>\n\t\t\t\t<\/div>\n\t\t\t\t<div class=\"elementor-element elementor-element-15dbc54 elementor-widget elementor-widget-heading\" data-id=\"15dbc54\" data-element_type=\"widget\" data-e-type=\"widget\" data-widget_type=\"heading.default\">\n\t\t\t\t<div class=\"elementor-widget-container\">\n\t\t\t\t\t<h2 class=\"elementor-heading-title elementor-size-default\"><a href=\"https:\/\/varmeco.de\/it\/produkte\/sortiment-pufferspeicher\/sonderspeicher\/sonderspeicher\/\">Memoria speciale<\/a><\/h2>\t\t\t\t<\/div>\n\t\t\t\t<\/div>\n\t\t\t\t<div class=\"elementor-element elementor-element-d931e2d elementor-widget elementor-widget-text-editor\" data-id=\"d931e2d\" data-element_type=\"widget\" data-e-type=\"widget\" data-widget_type=\"text-editor.default\">\n\t\t\t\t<div class=\"elementor-widget-container\">\n\t\t\t\t\t\t\t\t\t<p>Realizzati in base alle esigenze individuali del cliente, secondo i disegni dimensionali. Sono quotati fino a 12500 litri, ma sono possibili anche dimensioni ben superiori, fino a 150.000 litri. \u00c8 possibile scegliere un'ampia gamma di installazioni e accessori in termini di numero e dimensioni.<\/p>\t\t\t\t\t\t\t\t<\/div>\n\t\t\t\t<\/div>\n\t\t\t\t\t<\/div>\n\t\t<\/div>\n\t\t\t\t\t<\/div>\n\t\t<\/section>\n\t\t\t\t\t<\/div>\n\t\t<\/div>\n\t\t\t\t<div class=\"elementor-column elementor-col-50 elementor-top-column elementor-element elementor-element-677c456\" data-id=\"677c456\" data-element_type=\"column\" data-e-type=\"column\" data-settings=\"{&quot;background_background&quot;:&quot;classic&quot;}\">\n\t\t\t<div class=\"elementor-widget-wrap elementor-element-populated\">\n\t\t\t\t\t\t<section class=\"elementor-section elementor-inner-section elementor-element elementor-element-874eb77 elementor-section-boxed elementor-section-height-default elementor-section-height-default\" data-id=\"874eb77\" data-element_type=\"section\" data-e-type=\"section\">\n\t\t\t\t\t\t<div class=\"elementor-container elementor-column-gap-default\">\n\t\t\t\t\t<div class=\"elementor-column elementor-col-100 elementor-inner-column elementor-element elementor-element-48483b5\" data-id=\"48483b5\" data-element_type=\"column\" data-e-type=\"column\" data-settings=\"{&quot;background_background&quot;:&quot;classic&quot;}\">\n\t\t\t<div class=\"elementor-widget-wrap elementor-element-populated\">\n\t\t\t\t\t\t<div class=\"elementor-element elementor-element-1776c1b elementor-widget elementor-widget-heading\" data-id=\"1776c1b\" data-element_type=\"widget\" data-e-type=\"widget\" data-widget_type=\"heading.default\">\n\t\t\t\t<div class=\"elementor-widget-container\">\n\t\t\t\t\t<h2 class=\"elementor-heading-title elementor-size-default\">Domande? Con piacere!<\/h2>\t\t\t\t<\/div>\n\t\t\t\t<\/div>\n\t\t\t\t<div class=\"elementor-element elementor-element-1058c09 elementor-widget elementor-widget-image\" data-id=\"1058c09\" data-element_type=\"widget\" data-e-type=\"widget\" data-widget_type=\"image.default\">\n\t\t\t\t<div class=\"elementor-widget-container\">\n\t\t\t\t\t\t\t\t\t\t\t\t\t\t\t\t<a href=\"https:\/\/varmeco.de\/it\/zentrale\/\">\n\t\t\t\t\t\t\t<img decoding=\"async\" width=\"320\" height=\"220\" src=\"https:\/\/varmeco.de\/wp-content\/uploads\/2020\/12\/Kontakt_320.jpg\" class=\"attachment-medium_large size-medium_large wp-image-1185\" alt=\"Contattateci\" srcset=\"https:\/\/varmeco.de\/wp-content\/uploads\/2020\/12\/Kontakt_320.jpg 320w, https:\/\/varmeco.de\/wp-content\/uploads\/2020\/12\/Kontakt_320-300x206.jpg 300w\" sizes=\"(max-width: 320px) 100vw, 320px\" title=\"\">\t\t\t\t\t\t\t\t<\/a>\n\t\t\t\t\t\t\t\t\t\t\t\t\t\t\t<\/div>\n\t\t\t\t<\/div>\n\t\t\t\t<div class=\"elementor-element elementor-element-06ae0a0 elementor-widget elementor-widget-text-editor\" data-id=\"06ae0a0\" data-element_type=\"widget\" data-e-type=\"widget\" data-widget_type=\"text-editor.default\">\n\t\t\t\t<div class=\"elementor-widget-container\">\n\t\t\t\t\t\t\t\t\t<p style=\"text-align: center;\">Mettetevi in contatto con noi. Che siate proprietari di un impianto di riscaldamento, clienti commerciali\/industriali o autorit\u00e0 locali, qui troverete il vostro contatto con varmeco.<\/p>\t\t\t\t\t\t\t\t<\/div>\n\t\t\t\t<\/div>\n\t\t\t\t<div class=\"elementor-element elementor-element-0886a43 elementor-align-center elementor-widget elementor-widget-button\" data-id=\"0886a43\" data-element_type=\"widget\" data-e-type=\"widget\" data-widget_type=\"button.default\">\n\t\t\t\t<div class=\"elementor-widget-container\">\n\t\t\t\t\t\t\t\t\t<div class=\"elementor-button-wrapper\">\n\t\t\t\t\t<a class=\"elementor-button elementor-button-link elementor-size-sm\" href=\"https:\/\/varmeco.de\/it\/zentrale\/\">\n\t\t\t\t\t\t<span class=\"elementor-button-content-wrapper\">\n\t\t\t\t\t\t\t\t\t<span class=\"elementor-button-text\">Richiesta di consulenza specialistica<\/span>\n\t\t\t\t\t<\/span>\n\t\t\t\t\t<\/a>\n\t\t\t\t<\/div>\n\t\t\t\t\t\t\t\t<\/div>\n\t\t\t\t<\/div>\n\t\t\t\t\t<\/div>\n\t\t<\/div>\n\t\t\t\t\t<\/div>\n\t\t<\/section>\n\t\t\t\t\t<\/div>\n\t\t<\/div>\n\t\t\t\t\t<\/div>\n\t\t<\/section>\n\t\t\t\t<\/div>","protected":false},"excerpt":{"rendered":"<p>W\u00e4rmespeicher sind mehr als ein Beh\u00e4ltnis zum Entkoppeln von Erzeugung und Verbrauch. Sie sind das Herz jeder W\u00e4rmezentrale. Hydraulische Einbindung, [&hellip;]<\/p>\n","protected":false},"author":2,"featured_media":0,"parent":0,"menu_order":0,"comment_status":"closed","ping_status":"closed","template":"","meta":{"_acf_changed":false,"site-sidebar-layout":"no-sidebar","site-content-layout":"page-builder","ast-site-content-layout":"default","site-content-style":"default","site-sidebar-style":"default","ast-global-header-display":"","ast-banner-title-visibility":"","ast-main-header-display":"","ast-hfb-above-header-display":"","ast-hfb-below-header-display":"","ast-hfb-mobile-header-display":"","site-post-title":"disabled","ast-breadcrumbs-content":"","ast-featured-img":"disabled","footer-sml-layout":"","ast-disable-related-posts":"","theme-transparent-header-meta":"default","adv-header-id-meta":"","stick-header-meta":"default","header-above-stick-meta":"","header-main-stick-meta":"","header-below-stick-meta":"","astra-migrate-meta-layouts":"default","ast-page-background-enabled":"default","ast-page-background-meta":{"desktop":{"background-color":"","background-image":"","background-repeat":"repeat","background-position":"center center","background-size":"auto","background-attachment":"scroll","background-type":"","background-media":"","overlay-type":"","overlay-color":"","overlay-opacity":"","overlay-gradient":""},"tablet":{"background-color":"","background-image":"","background-repeat":"repeat","background-position":"center center","background-size":"auto","background-attachment":"scroll","background-type":"","background-media":"","overlay-type":"","overlay-color":"","overlay-opacity":"","overlay-gradient":""},"mobile":{"background-color":"","background-image":"","background-repeat":"repeat","background-position":"center center","background-size":"auto","background-attachment":"scroll","background-type":"","background-media":"","overlay-type":"","overlay-color":"","overlay-opacity":"","overlay-gradient":""}},"ast-content-background-meta":{"desktop":{"background-color":"var(--ast-global-color-5)","background-image":"","background-repeat":"repeat","background-position":"center center","background-size":"auto","background-attachment":"scroll","background-type":"","background-media":"","overlay-type":"","overlay-color":"","overlay-opacity":"","overlay-gradient":""},"tablet":{"background-color":"var(--ast-global-color-5)","background-image":"","background-repeat":"repeat","background-position":"center center","background-size":"auto","background-attachment":"scroll","background-type":"","background-media":"","overlay-type":"","overlay-color":"","overlay-opacity":"","overlay-gradient":""},"mobile":{"background-color":"var(--ast-global-color-5)","background-image":"","background-repeat":"repeat","background-position":"center center","background-size":"auto","background-attachment":"scroll","background-type":"","background-media":"","overlay-type":"","overlay-color":"","overlay-opacity":"","overlay-gradient":""}},"footnotes":""},"folder":[],"class_list":["post-3113","page","type-page","status-publish","hentry"],"acf":[],"_links":{"self":[{"href":"https:\/\/varmeco.de\/it\/wp-json\/wp\/v2\/pages\/3113","targetHints":{"allow":["GET"]}}],"collection":[{"href":"https:\/\/varmeco.de\/it\/wp-json\/wp\/v2\/pages"}],"about":[{"href":"https:\/\/varmeco.de\/it\/wp-json\/wp\/v2\/types\/page"}],"author":[{"embeddable":true,"href":"https:\/\/varmeco.de\/it\/wp-json\/wp\/v2\/users\/2"}],"replies":[{"embeddable":true,"href":"https:\/\/varmeco.de\/it\/wp-json\/wp\/v2\/comments?post=3113"}],"version-history":[{"count":0,"href":"https:\/\/varmeco.de\/it\/wp-json\/wp\/v2\/pages\/3113\/revisions"}],"wp:attachment":[{"href":"https:\/\/varmeco.de\/it\/wp-json\/wp\/v2\/media?parent=3113"}],"wp:term":[{"taxonomy":"folder","embeddable":true,"href":"https:\/\/varmeco.de\/it\/wp-json\/wp\/v2\/folder?post=3113"}],"curies":[{"name":"wp","href":"https:\/\/api.w.org\/{rel}","templated":true}]}}