{"id":760,"date":"2020-12-17T10:06:28","date_gmt":"2020-12-17T09:06:28","guid":{"rendered":"https:\/\/www2.varmeco.de\/?page_id=760"},"modified":"2021-03-18T11:31:19","modified_gmt":"2021-03-18T10:31:19","slug":"faltintool-pro","status":"publish","type":"page","link":"https:\/\/varmeco.de\/it\/faltintool-pro\/","title":{"rendered":"FALTINtool Pro"},"content":{"rendered":"<div data-elementor-type=\"wp-page\" data-elementor-id=\"760\" class=\"elementor elementor-760\" data-elementor-post-type=\"page\">\n\t\t\t\t\t\t<section class=\"elementor-section elementor-top-section elementor-element elementor-element-adf2e5c elementor-section-boxed elementor-section-height-default elementor-section-height-default\" data-id=\"adf2e5c\" data-element_type=\"section\" data-e-type=\"section\">\n\t\t\t\t\t\t<div class=\"elementor-container elementor-column-gap-default\">\n\t\t\t\t\t<div class=\"elementor-column elementor-col-100 elementor-top-column elementor-element elementor-element-f7c7b02\" data-id=\"f7c7b02\" data-element_type=\"column\" data-e-type=\"column\">\n\t\t\t<div class=\"elementor-widget-wrap elementor-element-populated\">\n\t\t\t\t\t\t<div class=\"elementor-element elementor-element-7a3769a3 elementor-widget elementor-widget-heading\" data-id=\"7a3769a3\" data-element_type=\"widget\" data-e-type=\"widget\" data-widget_type=\"heading.default\">\n\t\t\t\t<div class=\"elementor-widget-container\">\n\t\t\t\t\t<h1 class=\"elementor-heading-title elementor-size-default\">FALTINtool Pro<\/h1>\t\t\t\t<\/div>\n\t\t\t\t<\/div>\n\t\t\t\t<div class=\"elementor-element elementor-element-ea6d66f elementor-widget elementor-widget-text-editor\" data-id=\"ea6d66f\" data-element_type=\"widget\" data-e-type=\"widget\" data-widget_type=\"text-editor.default\">\n\t\t\t\t<div class=\"elementor-widget-container\">\n\t\t\t\t\t\t\t\t\t<p>Con il nuovo <strong>\"FALTINtool Professional\"<\/strong> \u00e8 ora disponibile per la progettazione in conformit\u00e0 con l'attuale norma DIN EN 12831-3. Il programma \u00e8 stato sviluppato utilizzando la pi\u00f9 recente tecnologia software e in stretta collaborazione tra varmeco e SOLAR-COMPUTER.<\/p>\t\t\t\t\t\t\t\t<\/div>\n\t\t\t\t<\/div>\n\t\t\t\t\t<\/div>\n\t\t<\/div>\n\t\t\t\t\t<\/div>\n\t\t<\/section>\n\t\t\t\t<section class=\"elementor-section elementor-top-section elementor-element elementor-element-68722d68 elementor-reverse-tablet elementor-reverse-mobile elementor-section-boxed elementor-section-height-default elementor-section-height-default\" data-id=\"68722d68\" data-element_type=\"section\" data-e-type=\"section\">\n\t\t\t\t\t\t<div class=\"elementor-container elementor-column-gap-default\">\n\t\t\t\t\t<div class=\"elementor-column elementor-col-50 elementor-top-column elementor-element elementor-element-2bea8ee0\" data-id=\"2bea8ee0\" data-element_type=\"column\" data-e-type=\"column\">\n\t\t\t<div class=\"elementor-widget-wrap elementor-element-populated\">\n\t\t\t\t\t\t<div class=\"elementor-element elementor-element-4467b621 elementor-widget elementor-widget-image\" data-id=\"4467b621\" data-element_type=\"widget\" data-e-type=\"widget\" data-widget_type=\"image.default\">\n\t\t\t\t<div class=\"elementor-widget-container\">\n\t\t\t\t\t\t\t\t\t\t\t\t\t\t\t\t<a href=\"https:\/\/www2.varmeco.de\/wp-content\/uploads\/2020\/12\/FALTINTOOL-Pro_varmeco_speicher.png\" data-elementor-open-lightbox=\"yes\" data-elementor-lightbox-title=\"FALTINTOOL-Pro_varmeco_speicher\" data-e-action-hash=\"#elementor-action%3Aaction%3Dlightbox%26settings%3DeyJpZCI6NzYyLCJ1cmwiOiJodHRwczpcL1wvdmFybWVjby5kZVwvd3AtY29udGVudFwvdXBsb2Fkc1wvMjAyMFwvMTJcL0ZBTFRJTlRPT0wtUHJvX3Zhcm1lY29fc3BlaWNoZXIucG5nIn0%3D\">\n\t\t\t\t\t\t\t<img fetchpriority=\"high\" decoding=\"async\" width=\"1601\" height=\"1001\" src=\"https:\/\/varmeco.de\/wp-content\/uploads\/2020\/12\/FALTINTOOL-Pro_varmeco_speicher.png\" class=\"attachment-full size-full wp-image-762\" alt=\"FALTINTOOL-Pro\" srcset=\"https:\/\/varmeco.de\/wp-content\/uploads\/2020\/12\/FALTINTOOL-Pro_varmeco_speicher.png 1601w, https:\/\/varmeco.de\/wp-content\/uploads\/2020\/12\/FALTINTOOL-Pro_varmeco_speicher-300x188.png 300w, https:\/\/varmeco.de\/wp-content\/uploads\/2020\/12\/FALTINTOOL-Pro_varmeco_speicher-1024x640.png 1024w, https:\/\/varmeco.de\/wp-content\/uploads\/2020\/12\/FALTINTOOL-Pro_varmeco_speicher-768x480.png 768w, https:\/\/varmeco.de\/wp-content\/uploads\/2020\/12\/FALTINTOOL-Pro_varmeco_speicher-1536x960.png 1536w\" sizes=\"(max-width: 1601px) 100vw, 1601px\" title=\"\">\t\t\t\t\t\t\t\t<\/a>\n\t\t\t\t\t\t\t\t\t\t\t\t\t\t\t<\/div>\n\t\t\t\t<\/div>\n\t\t\t\t\t<\/div>\n\t\t<\/div>\n\t\t\t\t<div class=\"elementor-column elementor-col-50 elementor-top-column elementor-element elementor-element-62122897\" data-id=\"62122897\" data-element_type=\"column\" data-e-type=\"column\">\n\t\t\t<div class=\"elementor-widget-wrap elementor-element-populated\">\n\t\t\t\t\t\t<div class=\"elementor-element elementor-element-4212bb27 elementor-widget elementor-widget-text-editor\" data-id=\"4212bb27\" data-element_type=\"widget\" data-e-type=\"widget\" data-widget_type=\"text-editor.default\">\n\t\t\t\t<div class=\"elementor-widget-container\">\n\t\t\t\t\t\t\t\t\t<ul><li>Calcolo della domanda, del carico termico e del volume di accumulo per WG e NWG<\/li><li>Metodo della curva caratteristica cumulativa nel corso della giornata<\/li><li>Profilo e dati di prodotto varmeco, interfaccia VDI 3805 per generatori di calore<\/li><li>Gestione del progetto, strutturazione degli edifici in unit\u00e0 di utilizzo<\/li><li>Inserimento libero dei valori dei requisiti, richiamo dai dati anagrafici o generazione in base agli standard<\/li><li>Lettura dei valori misurati e generazione della curva di domanda a partire da essi<\/li><li>Inserimento libero dei dati del sistema con l'aiuto opzionale del configuratore di sistema<\/li><li>Prove grafiche e tabellari complete<\/li><\/ul>\t\t\t\t\t\t\t\t<\/div>\n\t\t\t\t<\/div>\n\t\t\t\t\t<\/div>\n\t\t<\/div>\n\t\t\t\t\t<\/div>\n\t\t<\/section>\n\t\t\t\t<section class=\"elementor-section elementor-top-section elementor-element elementor-element-0e635bb elementor-section-boxed elementor-section-height-default elementor-section-height-default\" data-id=\"0e635bb\" data-element_type=\"section\" data-e-type=\"section\">\n\t\t\t\t\t\t<div class=\"elementor-container elementor-column-gap-default\">\n\t\t\t\t\t<div class=\"elementor-column elementor-col-100 elementor-top-column elementor-element elementor-element-073d32e\" data-id=\"073d32e\" data-element_type=\"column\" data-e-type=\"column\">\n\t\t\t<div class=\"elementor-widget-wrap elementor-element-populated\">\n\t\t\t\t\t\t<div class=\"elementor-element elementor-element-216af54 elementor-widget elementor-widget-uael-infobox\" data-id=\"216af54\" data-element_type=\"widget\" data-e-type=\"widget\" data-widget_type=\"uael-infobox.default\">\n\t\t\t\t<div class=\"elementor-widget-container\">\n\t\t\t\t\t\n<div class=\"uael-module-content uael-infobox uael-imgicon-style-normal  infobox-has-icon uael-infobox-icon-above-title  uael-infobox-link-type-module\">\n\t<div class=\"uael-infobox-left-right-wrap\">\n\t\t\t\t\t<a href=\"https:\/\/varmeco.de\/it\/allgemein\/neuer-online-seminar-termin-tw-erwaermungsanlagen-din-en-12831-3\/\" class=\"uael-infobox-module-link\" aria-label=\"Collegamento al box informazioni\"><\/a>\n\t\t\t\t\t\t\t<div class=\"uael-infobox-content\">\n\t\t\t\t\t\t\t<div class=\"uael-module-content uael-imgicon-wrap\">\t\t\t\t\t\t\t\t\t\t\t\n\t\t\t\t\t\t\t\t\t\t\t\t\t\t<\/div>\n\t\t\t\t\t\t\t<div class='uael-infobox-title-wrap'><h2 class=\"uael-infobox-title elementor-inline-editing\" data-elementor-setting-key=\"infobox_title\" data-elementor-inline-editing-toolbar=\"basic\" >Seminario online:<\/h2><\/div>\t\t\t\t\t\t\t\t\t<div class=\"uael-infobox-text-wrap\">\n\t\t\t\t<div class=\"uael-infobox-text elementor-inline-editing\" data-elementor-setting-key=\"infobox_description\" data-elementor-inline-editing-toolbar=\"advanced\">\n\t\t\t\t\tSistemi di riscaldamento dell'acqua calda sanitaria DIN EN 12831-3 - Cogliete l'occasione per aggiornare le vostre conoscenze sulle norme!\t\t\t\t<\/div>\n\t\t\t\t\t\n\t\t\t\t\t\t\t<\/div>\n\t\t<\/div>\n\t\t\t<\/div>\n<\/div>\n\t\t\t\t<\/div>\n\t\t\t\t<\/div>\n\t\t\t\t<div class=\"elementor-element elementor-element-a8bf117 elementor-cta--layout-image-left elementor-cta--skin-classic elementor-animated-content elementor-bg-transform elementor-bg-transform-zoom-in elementor-widget elementor-widget-call-to-action\" data-id=\"a8bf117\" data-element_type=\"widget\" data-e-type=\"widget\" data-widget_type=\"call-to-action.default\">\n\t\t\t\t<div class=\"elementor-widget-container\">\n\t\t\t\t\t\t\t<div class=\"elementor-cta\">\n\t\t\t\t\t\t\t<div class=\"elementor-cta__content\">\n\t\t\t\t\n\t\t\t\t\t\t\t\t\t<h2 class=\"elementor-cta__title elementor-cta__content-item elementor-content-item\">\n\t\t\t\t\t\tFALTINtool professionale\t\t\t\t\t<\/h2>\n\t\t\t\t\n\t\t\t\t\t\t\t\t\t<div class=\"elementor-cta__description elementor-cta__content-item elementor-content-item\">\n\t\t\t\t\t\tInformazioni\/prezzi\/dimostrazioni di FALTINtool professional su SOLAR-COMPUTER\t\t\t\t\t<\/div>\n\t\t\t\t\n\t\t\t\t\t\t\t\t\t<div class=\"elementor-cta__button-wrapper elementor-cta__content-item elementor-content-item\">\n\t\t\t\t\t<a class=\"elementor-cta__button elementor-button elementor-size-md\" href=\"https:\/\/www.solar-computer.de\/index.php?seite=anfrage-varmeco&#038;info=Infos\/Preise\/Demo%20zum%20FALTINtool%20professional\" target=\"_blank\" rel=\"nofollow noopener\">\n\t\t\t\t\t\tFare clic qui per accedere alla pagina delle richieste.\t\t\t\t\t<\/a>\n\t\t\t\t\t<\/div>\n\t\t\t\t\t\t\t<\/div>\n\t\t\t\t\t\t<\/div>\n\t\t\t\t\t\t<\/div>\n\t\t\t\t<\/div>\n\t\t\t\t\t<\/div>\n\t\t<\/div>\n\t\t\t\t\t<\/div>\n\t\t<\/section>\n\t\t\t\t<section class=\"elementor-section elementor-top-section elementor-element elementor-element-2f7303c9 elementor-section-boxed elementor-section-height-default elementor-section-height-default\" data-id=\"2f7303c9\" data-element_type=\"section\" data-e-type=\"section\" data-settings=\"{&quot;background_background&quot;:&quot;classic&quot;}\">\n\t\t\t\t\t\t<div class=\"elementor-container elementor-column-gap-default\">\n\t\t\t\t\t<div class=\"elementor-column elementor-col-100 elementor-top-column elementor-element elementor-element-36940d94\" data-id=\"36940d94\" data-element_type=\"column\" data-e-type=\"column\">\n\t\t\t<div class=\"elementor-widget-wrap elementor-element-populated\">\n\t\t\t\t\t\t<section class=\"elementor-section elementor-inner-section elementor-element elementor-element-c7daaec elementor-section-boxed elementor-section-height-default elementor-section-height-default\" data-id=\"c7daaec\" data-element_type=\"section\" data-e-type=\"section\">\n\t\t\t\t\t\t<div class=\"elementor-container elementor-column-gap-default\">\n\t\t\t\t\t<div class=\"elementor-column elementor-col-50 elementor-inner-column elementor-element elementor-element-14c804e\" data-id=\"14c804e\" data-element_type=\"column\" data-e-type=\"column\">\n\t\t\t<div class=\"elementor-widget-wrap elementor-element-populated\">\n\t\t\t\t\t\t<div class=\"elementor-element elementor-element-35dd362 elementor-widget elementor-widget-image\" data-id=\"35dd362\" data-element_type=\"widget\" data-e-type=\"widget\" data-widget_type=\"image.default\">\n\t\t\t\t<div class=\"elementor-widget-container\">\n\t\t\t\t\t\t\t\t\t\t\t\t\t\t\t\t<a href=\"https:\/\/varmeco.de\/wp-content\/uploads\/2020\/12\/FALTINTOOL-Pro_Start.png\" data-elementor-open-lightbox=\"yes\" data-elementor-lightbox-title=\"FALTINTOOL-Pro_Start\" data-e-action-hash=\"#elementor-action%3Aaction%3Dlightbox%26settings%3DeyJpZCI6NzY5LCJ1cmwiOiJodHRwczpcL1wvdmFybWVjby5kZVwvd3AtY29udGVudFwvdXBsb2Fkc1wvMjAyMFwvMTJcL0ZBTFRJTlRPT0wtUHJvX1N0YXJ0LnBuZyJ9\">\n\t\t\t\t\t\t\t<img decoding=\"async\" width=\"1024\" height=\"640\" src=\"https:\/\/varmeco.de\/wp-content\/uploads\/2020\/12\/FALTINTOOL-Pro_Start-1024x640.png\" class=\"attachment-large size-large wp-image-769\" alt=\"FALTINTOOL-Pro\" srcset=\"https:\/\/varmeco.de\/wp-content\/uploads\/2020\/12\/FALTINTOOL-Pro_Start-1024x640.png 1024w, https:\/\/varmeco.de\/wp-content\/uploads\/2020\/12\/FALTINTOOL-Pro_Start-300x188.png 300w, https:\/\/varmeco.de\/wp-content\/uploads\/2020\/12\/FALTINTOOL-Pro_Start-768x480.png 768w, https:\/\/varmeco.de\/wp-content\/uploads\/2020\/12\/FALTINTOOL-Pro_Start-1536x960.png 1536w, https:\/\/varmeco.de\/wp-content\/uploads\/2020\/12\/FALTINTOOL-Pro_Start.png 1601w\" sizes=\"(max-width: 1024px) 100vw, 1024px\" title=\"\">\t\t\t\t\t\t\t\t<\/a>\n\t\t\t\t\t\t\t\t\t\t\t\t\t\t\t<\/div>\n\t\t\t\t<\/div>\n\t\t\t\t\t<\/div>\n\t\t<\/div>\n\t\t\t\t<div class=\"elementor-column elementor-col-50 elementor-inner-column elementor-element elementor-element-3e500e4\" data-id=\"3e500e4\" data-element_type=\"column\" data-e-type=\"column\">\n\t\t\t<div class=\"elementor-widget-wrap elementor-element-populated\">\n\t\t\t\t\t\t<div class=\"elementor-element elementor-element-bb8d660 elementor-widget elementor-widget-image\" data-id=\"bb8d660\" data-element_type=\"widget\" data-e-type=\"widget\" data-widget_type=\"image.default\">\n\t\t\t\t<div class=\"elementor-widget-container\">\n\t\t\t\t\t\t\t\t\t\t\t\t\t\t\t\t<a href=\"https:\/\/varmeco.de\/wp-content\/uploads\/2020\/12\/FALTINTOOL-Pro_Konfigurator.png\" data-elementor-open-lightbox=\"yes\" data-elementor-lightbox-title=\"FALTINTOOL-Pro_Konfigurator\" data-e-action-hash=\"#elementor-action%3Aaction%3Dlightbox%26settings%3DeyJpZCI6NzcwLCJ1cmwiOiJodHRwczpcL1wvdmFybWVjby5kZVwvd3AtY29udGVudFwvdXBsb2Fkc1wvMjAyMFwvMTJcL0ZBTFRJTlRPT0wtUHJvX0tvbmZpZ3VyYXRvci5wbmcifQ%3D%3D\">\n\t\t\t\t\t\t\t<img decoding=\"async\" width=\"1024\" height=\"640\" src=\"https:\/\/varmeco.de\/wp-content\/uploads\/2020\/12\/FALTINTOOL-Pro_Konfigurator-1024x640.png\" class=\"attachment-large size-large wp-image-770\" alt=\"Configuratore FALTINtool-Pro\" srcset=\"https:\/\/varmeco.de\/wp-content\/uploads\/2020\/12\/FALTINTOOL-Pro_Konfigurator-1024x640.png 1024w, https:\/\/varmeco.de\/wp-content\/uploads\/2020\/12\/FALTINTOOL-Pro_Konfigurator-300x188.png 300w, https:\/\/varmeco.de\/wp-content\/uploads\/2020\/12\/FALTINTOOL-Pro_Konfigurator-768x480.png 768w, https:\/\/varmeco.de\/wp-content\/uploads\/2020\/12\/FALTINTOOL-Pro_Konfigurator-1536x960.png 1536w, https:\/\/varmeco.de\/wp-content\/uploads\/2020\/12\/FALTINTOOL-Pro_Konfigurator.png 1601w\" sizes=\"(max-width: 1024px) 100vw, 1024px\" title=\"\">\t\t\t\t\t\t\t\t<\/a>\n\t\t\t\t\t\t\t\t\t\t\t\t\t\t\t<\/div>\n\t\t\t\t<\/div>\n\t\t\t\t\t<\/div>\n\t\t<\/div>\n\t\t\t\t\t<\/div>\n\t\t<\/section>\n\t\t\t\t\t<\/div>\n\t\t<\/div>\n\t\t\t\t\t<\/div>\n\t\t<\/section>\n\t\t\t\t<\/div>","protected":false},"excerpt":{"rendered":"<p>FALTINtool Pro Mit dem neuen \u201eFALTINtool Professional\u201c steht ab sofort die Weiterentwicklung zum Planen nach aktueller DIN EN 12831-3 zur [&hellip;]<\/p>\n","protected":false},"author":2,"featured_media":0,"parent":0,"menu_order":0,"comment_status":"closed","ping_status":"closed","template":"","meta":{"_acf_changed":false,"site-sidebar-layout":"no-sidebar","site-content-layout":"page-builder","ast-site-content-layout":"default","site-content-style":"default","site-sidebar-style":"default","ast-global-header-display":"","ast-banner-title-visibility":"","ast-main-header-display":"","ast-hfb-above-header-display":"","ast-hfb-below-header-display":"","ast-hfb-mobile-header-display":"","site-post-title":"disabled","ast-breadcrumbs-content":"","ast-featured-img":"disabled","footer-sml-layout":"","ast-disable-related-posts":"","theme-transparent-header-meta":"default","adv-header-id-meta":"","stick-header-meta":"default","header-above-stick-meta":"","header-main-stick-meta":"","header-below-stick-meta":"","astra-migrate-meta-layouts":"default","ast-page-background-enabled":"default","ast-page-background-meta":{"desktop":{"background-color":"","background-image":"","background-repeat":"repeat","background-position":"center center","background-size":"auto","background-attachment":"scroll","background-type":"","background-media":"","overlay-type":"","overlay-color":"","overlay-opacity":"","overlay-gradient":""},"tablet":{"background-color":"","background-image":"","background-repeat":"repeat","background-position":"center center","background-size":"auto","background-attachment":"scroll","background-type":"","background-media":"","overlay-type":"","overlay-color":"","overlay-opacity":"","overlay-gradient":""},"mobile":{"background-color":"","background-image":"","background-repeat":"repeat","background-position":"center center","background-size":"auto","background-attachment":"scroll","background-type":"","background-media":"","overlay-type":"","overlay-color":"","overlay-opacity":"","overlay-gradient":""}},"ast-content-background-meta":{"desktop":{"background-color":"var(--ast-global-color-5)","background-image":"","background-repeat":"repeat","background-position":"center center","background-size":"auto","background-attachment":"scroll","background-type":"","background-media":"","overlay-type":"","overlay-color":"","overlay-opacity":"","overlay-gradient":""},"tablet":{"background-color":"var(--ast-global-color-5)","background-image":"","background-repeat":"repeat","background-position":"center center","background-size":"auto","background-attachment":"scroll","background-type":"","background-media":"","overlay-type":"","overlay-color":"","overlay-opacity":"","overlay-gradient":""},"mobile":{"background-color":"var(--ast-global-color-5)","background-image":"","background-repeat":"repeat","background-position":"center center","background-size":"auto","background-attachment":"scroll","background-type":"","background-media":"","overlay-type":"","overlay-color":"","overlay-opacity":"","overlay-gradient":""}},"footnotes":""},"folder":[],"class_list":["post-760","page","type-page","status-publish","hentry"],"acf":[],"_links":{"self":[{"href":"https:\/\/varmeco.de\/it\/wp-json\/wp\/v2\/pages\/760","targetHints":{"allow":["GET"]}}],"collection":[{"href":"https:\/\/varmeco.de\/it\/wp-json\/wp\/v2\/pages"}],"about":[{"href":"https:\/\/varmeco.de\/it\/wp-json\/wp\/v2\/types\/page"}],"author":[{"embeddable":true,"href":"https:\/\/varmeco.de\/it\/wp-json\/wp\/v2\/users\/2"}],"replies":[{"embeddable":true,"href":"https:\/\/varmeco.de\/it\/wp-json\/wp\/v2\/comments?post=760"}],"version-history":[{"count":0,"href":"https:\/\/varmeco.de\/it\/wp-json\/wp\/v2\/pages\/760\/revisions"}],"wp:attachment":[{"href":"https:\/\/varmeco.de\/it\/wp-json\/wp\/v2\/media?parent=760"}],"wp:term":[{"taxonomy":"folder","embeddable":true,"href":"https:\/\/varmeco.de\/it\/wp-json\/wp\/v2\/folder?post=760"}],"curies":[{"name":"wp","href":"https:\/\/api.w.org\/{rel}","templated":true}]}}